{"id":8302,"date":"2023-04-11T20:04:03","date_gmt":"2023-04-11T18:04:03","guid":{"rendered":"https:\/\/deanna.ee\/?post_type=product&#038;p=8302"},"modified":"2023-10-05T12:26:16","modified_gmt":"2023-10-05T10:26:16","slug":"mysakura-tennised","status":"publish","type":"product","link":"https:\/\/deanna.ee\/ru\/jalanoud\/mysakura-tennised\/","title":{"rendered":"MySakura tennised"},"content":{"rendered":"<p>MySakura tennised<\/p>\n<p>Naiselikud ja armsad\u00a0tennised vegannahast on eriti kerged ja pilkup\u00fc\u00fcdva disainiga .<\/p>\n<p>Sisepinda kui ka sisetalda on katmas mugav tekstiil. M\u00e4luvahust sisetald\u00a0 ja lisavahuvooder\u00a0 tallas tagab mugava istuvuse,\u00a0 v\u00f5ttes\u00a0 jalakuju\u00a0 ja olles loodud summutama l\u00f6\u00f6ke, mille tulemuseks on toetav ja kauakestev mugavus. Vastupidavast kummist v\u00e4listald annab hea pidavuse.<\/p>\n<p>\u2022 Vegan nahast kerged ,mugavad ,ja samas hingavad.<br \/>\n\u2022 Valminud k\u00e4sit\u00f6\u00f6na \ud83e\udea1<br \/>\n\u2022 Solvendivabad v\u00e4rvid<br \/>\n\u2022 6-auguline n\u00f6\u00f6rimine metallaasadel<br \/>\n\u2022 T\u00e4istald kummist tegumoega<br \/>\n\u2022 Tugevdatud kand<br \/>\n\u2022\u00a0 M\u00e4luvahust sisetald ,mis kohandub kandja jalaga<\/p>\n<p>\u2022 Tallak\u00f5rgus 2,5 cm<br \/>\n\u2022 Sisemus on tekstiilist ja laseb jalal hingata.<\/p>\n<p>\u2022 P\u00e4ritoluriik: T\u00fcrgi<\/p>\n<p>nr. 36\u00a0 &#8211; 23 cm<\/p>\n<p>nr. 37\u00a0 &#8211; 24 cm<\/p>\n<p>nr. 38\u00a0 &#8211; 24,5 cm<\/p>\n<p>nr. 39\u00a0 &#8211; 25 ,2 cm<\/p>\n<p>nr.40 &#8211; 26 \u0441m<\/p>\n<p>nr.41 &#8211; 26,5 \u0441m<\/p>\n","protected":false},"excerpt":{"rendered":"<p>Naiselikud ja armsad tennised\u00a0 \u00f5itsvate sakura lillede disainiga muudavad iga p\u00e4eva eriliseks . Pealispind on vegannahast ja laseb jalal kenasti hingata ning hoiab vihmasel p\u00e4eval niiskuse eemal. Nii sisepinda kui ka sisetalda on katmas mugav tekstiil, mugavust lisab m\u00e4luvahust vahetald .\u00a0 Sobita erinevate riietega ning loo eriti naiselikke stiile.<\/p>\n<p>&nbsp;<\/p>\n<p>&nbsp;<\/p>\n","protected":false},"featured_media":8341,"comment_status":"open","ping_status":"closed","template":"","meta":{"_acf_changed":false},"product_brand":[],"product_cat":[131,130,133,142,143],"product_tag":[261,294,482],"class_list":{"0":"post-8302","1":"product","2":"type-product","3":"status-publish","4":"has-post-thumbnail","6":"product_cat-jalanoud-ru","7":"product_cat-koik-tooted-ru","8":"product_cat-naised-ru","9":"product_cat-tennised-ru","10":"product_cat-vabaajajalatsid-ru","11":"product_tag-36-ru","12":"product_tag-42-ru","13":"product_tag-roosad-ru","15":"first","16":"instock","17":"sale","18":"sold-individually","19":"taxable","20":"shipping-taxable","21":"purchasable","22":"product-type-variable"},"acf":[],"yoast_head":"<!-- This site is optimized with the Yoast SEO plugin v27.5 - https:\/\/yoast.com\/product\/yoast-seo-wordpress\/ -->\n<title>MySakura tennised | Deanna Kingastuudio<\/title>\n<meta name=\"description\" content=\"Naiselikud ja armsad tennised\u00a0 \u00f5itsvate sakura lillede disainiga muudavad iga p\u00e4eva eriliseks . Pealispind on vegannahast ja laseb jalal kenasti hingata ning hoiab vihmasel p\u00e4eval niiskuse eemal. Nii sisepinda kui ka sisetalda on katmas mugav tekstiil, mugavust lisab m\u00e4luvahust vahetald .\u00a0 Sobita erinevate riietega ning loo eriti naiselikke stiile.  &nbsp;  &nbsp;\" \/>\n<meta name=\"robots\" content=\"index, follow, max-snippet:-1, max-image-preview:large, max-video-preview:-1\" \/>\n<link rel=\"canonical\" href=\"https:\/\/deanna.ee\/ru\/jalanoud\/mysakura-tennised\/\" \/>\n<meta property=\"og:locale\" content=\"ru_RU\" \/>\n<meta property=\"og:type\" content=\"article\" \/>\n<meta property=\"og:title\" content=\"MySakura tennised | Deanna Kingastuudio\" \/>\n<meta property=\"og:description\" content=\"Naiselikud ja armsad tennised\u00a0 \u00f5itsvate sakura lillede disainiga muudavad iga p\u00e4eva eriliseks . Pealispind on vegannahast ja laseb jalal kenasti hingata ning hoiab vihmasel p\u00e4eval niiskuse eemal. Nii sisepinda kui ka sisetalda on katmas mugav tekstiil, mugavust lisab m\u00e4luvahust vahetald .\u00a0 Sobita erinevate riietega ning loo eriti naiselikke stiile.  &nbsp;  &nbsp;\" \/>\n<meta property=\"og:url\" content=\"https:\/\/deanna.ee\/ru\/jalanoud\/mysakura-tennised\/\" \/>\n<meta property=\"og:site_name\" content=\"Deanna Kingastuudio\" \/>\n<meta property=\"article:publisher\" content=\"https:\/\/www.facebook.com\/Deannakingastuudio\" \/>\n<meta property=\"article:modified_time\" content=\"2023-10-05T10:26:16+00:00\" \/>\n<meta property=\"og:image\" content=\"https:\/\/deanna.ee\/wp-content\/uploads\/2023\/04\/GSS143-4.jpg\" \/>\n\t<meta property=\"og:image:width\" content=\"1400\" \/>\n\t<meta property=\"og:image:height\" content=\"1400\" \/>\n\t<meta property=\"og:image:type\" content=\"image\/jpeg\" \/>\n<meta name=\"twitter:card\" content=\"summary_large_image\" \/>\n<meta name=\"twitter:label1\" content=\"\u041f\u0440\u0438\u043c\u0435\u0440\u043d\u043e\u0435 \u0432\u0440\u0435\u043c\u044f \u0434\u043b\u044f \u0447\u0442\u0435\u043d\u0438\u044f\" \/>\n\t<meta name=\"twitter:data1\" content=\"1 \u043c\u0438\u043d\u0443\u0442\u0430\" \/>\n<script type=\"application\/ld+json\" class=\"yoast-schema-graph\">{\"@context\":\"https:\\\/\\\/schema.org\",\"@graph\":[{\"@type\":\"WebPage\",\"@id\":\"https:\\\/\\\/deanna.ee\\\/ru\\\/jalanoud\\\/mysakura-tennised\\\/\",\"url\":\"https:\\\/\\\/deanna.ee\\\/ru\\\/jalanoud\\\/mysakura-tennised\\\/\",\"name\":\"MySakura tennised | Deanna Kingastuudio\",\"isPartOf\":{\"@id\":\"https:\\\/\\\/deanna.ee\\\/#website\"},\"primaryImageOfPage\":{\"@id\":\"https:\\\/\\\/deanna.ee\\\/ru\\\/jalanoud\\\/mysakura-tennised\\\/#primaryimage\"},\"image\":{\"@id\":\"https:\\\/\\\/deanna.ee\\\/ru\\\/jalanoud\\\/mysakura-tennised\\\/#primaryimage\"},\"thumbnailUrl\":\"https:\\\/\\\/deanna.ee\\\/wp-content\\\/uploads\\\/2023\\\/04\\\/GSS143-4.jpg\",\"datePublished\":\"2023-04-11T18:04:03+00:00\",\"dateModified\":\"2023-10-05T10:26:16+00:00\",\"description\":\"Naiselikud ja armsad tennised\u00a0 \u00f5itsvate sakura lillede disainiga muudavad iga p\u00e4eva eriliseks . Pealispind on vegannahast ja laseb jalal kenasti hingata ning hoiab vihmasel p\u00e4eval niiskuse eemal. Nii sisepinda kui ka sisetalda on katmas mugav tekstiil, mugavust lisab m\u00e4luvahust vahetald .\u00a0 Sobita erinevate riietega ning loo eriti naiselikke stiile. &nbsp; &nbsp;\",\"breadcrumb\":{\"@id\":\"https:\\\/\\\/deanna.ee\\\/ru\\\/jalanoud\\\/mysakura-tennised\\\/#breadcrumb\"},\"inLanguage\":\"ru-RU\",\"potentialAction\":[{\"@type\":\"ReadAction\",\"target\":[\"https:\\\/\\\/deanna.ee\\\/ru\\\/jalanoud\\\/mysakura-tennised\\\/\"]}]},{\"@type\":\"ImageObject\",\"inLanguage\":\"ru-RU\",\"@id\":\"https:\\\/\\\/deanna.ee\\\/ru\\\/jalanoud\\\/mysakura-tennised\\\/#primaryimage\",\"url\":\"https:\\\/\\\/deanna.ee\\\/wp-content\\\/uploads\\\/2023\\\/04\\\/GSS143-4.jpg\",\"contentUrl\":\"https:\\\/\\\/deanna.ee\\\/wp-content\\\/uploads\\\/2023\\\/04\\\/GSS143-4.jpg\",\"width\":1400,\"height\":1400},{\"@type\":\"BreadcrumbList\",\"@id\":\"https:\\\/\\\/deanna.ee\\\/ru\\\/jalanoud\\\/mysakura-tennised\\\/#breadcrumb\",\"itemListElement\":[{\"@type\":\"ListItem\",\"position\":1,\"name\":\"Kodu\",\"item\":\"https:\\\/\\\/deanna.ee\\\/\"},{\"@type\":\"ListItem\",\"position\":2,\"name\":\"Pood\",\"item\":\"https:\\\/\\\/deanna.ee\\\/pood\\\/\"},{\"@type\":\"ListItem\",\"position\":3,\"name\":\"MySakura tennised\"}]},{\"@type\":\"WebSite\",\"@id\":\"https:\\\/\\\/deanna.ee\\\/#website\",\"url\":\"https:\\\/\\\/deanna.ee\\\/\",\"name\":\"Deanna Kingastuudio\",\"description\":\"Jalatsite m\u00fc\u00fck\",\"publisher\":{\"@id\":\"https:\\\/\\\/deanna.ee\\\/#organization\"},\"potentialAction\":[{\"@type\":\"SearchAction\",\"target\":{\"@type\":\"EntryPoint\",\"urlTemplate\":\"https:\\\/\\\/deanna.ee\\\/?s={search_term_string}\"},\"query-input\":{\"@type\":\"PropertyValueSpecification\",\"valueRequired\":true,\"valueName\":\"search_term_string\"}}],\"inLanguage\":\"ru-RU\"},{\"@type\":\"Organization\",\"@id\":\"https:\\\/\\\/deanna.ee\\\/#organization\",\"name\":\"Deanna O\u00dc\",\"url\":\"https:\\\/\\\/deanna.ee\\\/\",\"logo\":{\"@type\":\"ImageObject\",\"inLanguage\":\"ru-RU\",\"@id\":\"https:\\\/\\\/deanna.ee\\\/#\\\/schema\\\/logo\\\/image\\\/\",\"url\":\"https:\\\/\\\/deanna.ee\\\/wp-content\\\/uploads\\\/2022\\\/03\\\/Deanna-logo.png\",\"contentUrl\":\"https:\\\/\\\/deanna.ee\\\/wp-content\\\/uploads\\\/2022\\\/03\\\/Deanna-logo.png\",\"width\":909,\"height\":262,\"caption\":\"Deanna O\u00dc\"},\"image\":{\"@id\":\"https:\\\/\\\/deanna.ee\\\/#\\\/schema\\\/logo\\\/image\\\/\"},\"sameAs\":[\"https:\\\/\\\/www.facebook.com\\\/Deannakingastuudio\",\"https:\\\/\\\/www.instagram.com\\\/deannakingastuudio\\\/\"]}]}<\/script>\n<!-- \/ Yoast SEO plugin. -->","yoast_head_json":{"title":"MySakura tennised | Deanna Kingastuudio","description":"Naiselikud ja armsad tennised\u00a0 \u00f5itsvate sakura lillede disainiga muudavad iga p\u00e4eva eriliseks . Pealispind on vegannahast ja laseb jalal kenasti hingata ning hoiab vihmasel p\u00e4eval niiskuse eemal. Nii sisepinda kui ka sisetalda on katmas mugav tekstiil, mugavust lisab m\u00e4luvahust vahetald .\u00a0 Sobita erinevate riietega ning loo eriti naiselikke stiile.  &nbsp;  &nbsp;","robots":{"index":"index","follow":"follow","max-snippet":"max-snippet:-1","max-image-preview":"max-image-preview:large","max-video-preview":"max-video-preview:-1"},"canonical":"https:\/\/deanna.ee\/ru\/jalanoud\/mysakura-tennised\/","og_locale":"ru_RU","og_type":"article","og_title":"MySakura tennised | Deanna Kingastuudio","og_description":"Naiselikud ja armsad tennised\u00a0 \u00f5itsvate sakura lillede disainiga muudavad iga p\u00e4eva eriliseks . Pealispind on vegannahast ja laseb jalal kenasti hingata ning hoiab vihmasel p\u00e4eval niiskuse eemal. Nii sisepinda kui ka sisetalda on katmas mugav tekstiil, mugavust lisab m\u00e4luvahust vahetald .\u00a0 Sobita erinevate riietega ning loo eriti naiselikke stiile.  &nbsp;  &nbsp;","og_url":"https:\/\/deanna.ee\/ru\/jalanoud\/mysakura-tennised\/","og_site_name":"Deanna Kingastuudio","article_publisher":"https:\/\/www.facebook.com\/Deannakingastuudio","article_modified_time":"2023-10-05T10:26:16+00:00","og_image":[{"width":1400,"height":1400,"url":"https:\/\/deanna.ee\/wp-content\/uploads\/2023\/04\/GSS143-4.jpg","type":"image\/jpeg"}],"twitter_card":"summary_large_image","twitter_misc":{"\u041f\u0440\u0438\u043c\u0435\u0440\u043d\u043e\u0435 \u0432\u0440\u0435\u043c\u044f \u0434\u043b\u044f \u0447\u0442\u0435\u043d\u0438\u044f":"1 \u043c\u0438\u043d\u0443\u0442\u0430"},"schema":{"@context":"https:\/\/schema.org","@graph":[{"@type":"WebPage","@id":"https:\/\/deanna.ee\/ru\/jalanoud\/mysakura-tennised\/","url":"https:\/\/deanna.ee\/ru\/jalanoud\/mysakura-tennised\/","name":"MySakura tennised | Deanna Kingastuudio","isPartOf":{"@id":"https:\/\/deanna.ee\/#website"},"primaryImageOfPage":{"@id":"https:\/\/deanna.ee\/ru\/jalanoud\/mysakura-tennised\/#primaryimage"},"image":{"@id":"https:\/\/deanna.ee\/ru\/jalanoud\/mysakura-tennised\/#primaryimage"},"thumbnailUrl":"https:\/\/deanna.ee\/wp-content\/uploads\/2023\/04\/GSS143-4.jpg","datePublished":"2023-04-11T18:04:03+00:00","dateModified":"2023-10-05T10:26:16+00:00","description":"Naiselikud ja armsad tennised\u00a0 \u00f5itsvate sakura lillede disainiga muudavad iga p\u00e4eva eriliseks . Pealispind on vegannahast ja laseb jalal kenasti hingata ning hoiab vihmasel p\u00e4eval niiskuse eemal. Nii sisepinda kui ka sisetalda on katmas mugav tekstiil, mugavust lisab m\u00e4luvahust vahetald .\u00a0 Sobita erinevate riietega ning loo eriti naiselikke stiile. &nbsp; &nbsp;","breadcrumb":{"@id":"https:\/\/deanna.ee\/ru\/jalanoud\/mysakura-tennised\/#breadcrumb"},"inLanguage":"ru-RU","potentialAction":[{"@type":"ReadAction","target":["https:\/\/deanna.ee\/ru\/jalanoud\/mysakura-tennised\/"]}]},{"@type":"ImageObject","inLanguage":"ru-RU","@id":"https:\/\/deanna.ee\/ru\/jalanoud\/mysakura-tennised\/#primaryimage","url":"https:\/\/deanna.ee\/wp-content\/uploads\/2023\/04\/GSS143-4.jpg","contentUrl":"https:\/\/deanna.ee\/wp-content\/uploads\/2023\/04\/GSS143-4.jpg","width":1400,"height":1400},{"@type":"BreadcrumbList","@id":"https:\/\/deanna.ee\/ru\/jalanoud\/mysakura-tennised\/#breadcrumb","itemListElement":[{"@type":"ListItem","position":1,"name":"Kodu","item":"https:\/\/deanna.ee\/"},{"@type":"ListItem","position":2,"name":"Pood","item":"https:\/\/deanna.ee\/pood\/"},{"@type":"ListItem","position":3,"name":"MySakura tennised"}]},{"@type":"WebSite","@id":"https:\/\/deanna.ee\/#website","url":"https:\/\/deanna.ee\/","name":"Deanna Kingastuudio","description":"Jalatsite m\u00fc\u00fck","publisher":{"@id":"https:\/\/deanna.ee\/#organization"},"potentialAction":[{"@type":"SearchAction","target":{"@type":"EntryPoint","urlTemplate":"https:\/\/deanna.ee\/?s={search_term_string}"},"query-input":{"@type":"PropertyValueSpecification","valueRequired":true,"valueName":"search_term_string"}}],"inLanguage":"ru-RU"},{"@type":"Organization","@id":"https:\/\/deanna.ee\/#organization","name":"Deanna O\u00dc","url":"https:\/\/deanna.ee\/","logo":{"@type":"ImageObject","inLanguage":"ru-RU","@id":"https:\/\/deanna.ee\/#\/schema\/logo\/image\/","url":"https:\/\/deanna.ee\/wp-content\/uploads\/2022\/03\/Deanna-logo.png","contentUrl":"https:\/\/deanna.ee\/wp-content\/uploads\/2022\/03\/Deanna-logo.png","width":909,"height":262,"caption":"Deanna O\u00dc"},"image":{"@id":"https:\/\/deanna.ee\/#\/schema\/logo\/image\/"},"sameAs":["https:\/\/www.facebook.com\/Deannakingastuudio","https:\/\/www.instagram.com\/deannakingastuudio\/"]}]}},"_links":{"self":[{"href":"https:\/\/deanna.ee\/ru\/wp-json\/wp\/v2\/product\/8302","targetHints":{"allow":["GET"]}}],"collection":[{"href":"https:\/\/deanna.ee\/ru\/wp-json\/wp\/v2\/product"}],"about":[{"href":"https:\/\/deanna.ee\/ru\/wp-json\/wp\/v2\/types\/product"}],"replies":[{"embeddable":true,"href":"https:\/\/deanna.ee\/ru\/wp-json\/wp\/v2\/comments?post=8302"}],"wp:featuredmedia":[{"embeddable":true,"href":"https:\/\/deanna.ee\/ru\/wp-json\/wp\/v2\/media\/8341"}],"wp:attachment":[{"href":"https:\/\/deanna.ee\/ru\/wp-json\/wp\/v2\/media?parent=8302"}],"wp:term":[{"taxonomy":"product_brand","embeddable":true,"href":"https:\/\/deanna.ee\/ru\/wp-json\/wp\/v2\/product_brand?post=8302"},{"taxonomy":"product_cat","embeddable":true,"href":"https:\/\/deanna.ee\/ru\/wp-json\/wp\/v2\/product_cat?post=8302"},{"taxonomy":"product_tag","embeddable":true,"href":"https:\/\/deanna.ee\/ru\/wp-json\/wp\/v2\/product_tag?post=8302"}],"curies":[{"name":"wp","href":"https:\/\/api.w.org\/{rel}","templated":true}]}}