{"id":8239,"date":"2023-04-11T19:43:18","date_gmt":"2023-04-11T17:43:18","guid":{"rendered":"https:\/\/deanna.ee\/?post_type=product&#038;p=8239"},"modified":"2023-11-15T10:41:42","modified_gmt":"2023-11-15T08:41:42","slug":"mywednesday-tennised","status":"publish","type":"product","link":"https:\/\/deanna.ee\/ru\/jalanoud\/mywednesday-tennised\/","title":{"rendered":"MyWednesday tennised"},"content":{"rendered":"<h3><strong>MyWednesday tennised <\/strong><\/h3>\n<p>Wednesday Addams\u00a0 disainiga tennised on on hea valik nii koolip\u00e4evaks kui ka vabal ajal kandmiseks. Pealispind on vegannahast\u00a0 ja laseb jalal kenasti hingata ja hoiab vihmasel p\u00e4eval niikuse eemal. Lisamugavust annab k\u00fcljelukk. Sisepinda katab tekstiil ning sisetald on vajadusel eemaldatav. Vahtkummist vahetald lisab sammule n\u00f5tkust ning kummine v\u00e4listald haardub h\u00e4sti erinevate pindadega.<\/p>\n<p>\u2022 Vegan nahast kerged ,mugavad ,ja samas hingavad.<br \/>\n\u2022 Valminud k\u00e4sit\u00f6\u00f6na \ud83e\udea1<br \/>\n\u2022 Solvendivabad v\u00e4rvid<br \/>\n\u2022 6-auguline n\u00f6\u00f6rimine metallaasadel<br \/>\n\u2022 T\u00e4istald kummist tegumoega<br \/>\n\u2022 Tugevdatud kand<br \/>\n\u2022\u00a0 M\u00e4luvahust sisetald ,mis kohandub kandja jalaga<\/p>\n<p>\u2022 Tallak\u00f5rgus 2 cm, kannalt k\u00f5rgendus 3 cm.<br \/>\n\u2022 Sisemus on tekstiilist ja laseb jalal hingata.<\/p>\n<p>\u2022 P\u00e4ritoluriik: T\u00fcrgi<\/p>\n<p>nr. 36\u00a0 &#8211; 23.5 cm<\/p>\n<p>nr. 37\u00a0 &#8211; 24 cm<\/p>\n<p>nr. 38\u00a0 &#8211; 24,5 cm<\/p>\n<p>nr. 39\u00a0 &#8211; 25 ,2 cm<\/p>\n<p>nr.40 &#8211; 26 \u0441m<\/p>\n<p>&nbsp;<\/p>\n","protected":false},"excerpt":{"rendered":"<p>&nbsp;<\/p>\n<h3><strong>MyWednesday tennised <\/strong><\/h3>\n<p>Wednesday Addams\u00a0 disainiga tennised on on hea valik nii koolip\u00e4evaks kui ka vabal ajal kandmiseks.<\/p>\n<p>M\u00f5nusalt hubased ja \u00e4\u00e4retult trendikad vabaajajalatsid.<\/p>\n<p>&nbsp;<\/p>\n<p>&nbsp;<\/p>\n","protected":false},"featured_media":10220,"comment_status":"open","ping_status":"closed","template":"","meta":{"_acf_changed":false},"product_brand":[],"product_cat":[131,130,179,180,133,222,142,143],"product_tag":[312,313,314,397,398,518],"class_list":{"0":"post-8239","1":"product","2":"type-product","3":"status-publish","4":"has-post-thumbnail","6":"product_cat-jalanoud-ru","7":"product_cat-koik-tooted-ru","8":"product_cat-lapsed-ru-2","9":"product_cat-lapsed-jalanoud-ru","10":"product_cat-naised-ru","11":"product_cat-new-ru","12":"product_cat-tennised-ru","13":"product_cat-vabaajajalatsid-ru","14":"product_tag-ketsid-ru","15":"product_tag-korged-tennised-ru","16":"product_tag-tennised-ru","17":"product_tag-wednesday-ru","18":"product_tag-wensday-ru","19":"product_tag-wensdei-ru","21":"first","22":"instock","23":"sale","24":"sold-individually","25":"taxable","26":"shipping-taxable","27":"purchasable","28":"product-type-variable","29":"has-default-attributes"},"acf":[],"yoast_head":"<!-- This site is optimized with the Yoast SEO plugin v27.5 - https:\/\/yoast.com\/product\/yoast-seo-wordpress\/ -->\n<title>MyWednesday tennised | Deanna Kingastuudio<\/title>\n<meta name=\"description\" content=\"&nbsp; MyWednesday tennised  Wednesday Addams\u00a0 disainiga tennised on on hea valik nii koolip\u00e4evaks kui ka vabal ajal kandmiseks.  M\u00f5nusalt hubased ja \u00e4\u00e4retult trendikad vabaajajalatsid.  &nbsp;  &nbsp;\" \/>\n<meta name=\"robots\" content=\"index, follow, max-snippet:-1, max-image-preview:large, max-video-preview:-1\" \/>\n<link rel=\"canonical\" href=\"https:\/\/deanna.ee\/ru\/jalanoud\/mywednesday-tennised\/\" \/>\n<meta property=\"og:locale\" content=\"ru_RU\" \/>\n<meta property=\"og:type\" content=\"article\" \/>\n<meta property=\"og:title\" content=\"MyWednesday tennised | Deanna Kingastuudio\" \/>\n<meta property=\"og:description\" content=\"&nbsp; MyWednesday tennised  Wednesday Addams\u00a0 disainiga tennised on on hea valik nii koolip\u00e4evaks kui ka vabal ajal kandmiseks.  M\u00f5nusalt hubased ja \u00e4\u00e4retult trendikad vabaajajalatsid.  &nbsp;  &nbsp;\" \/>\n<meta property=\"og:url\" content=\"https:\/\/deanna.ee\/ru\/jalanoud\/mywednesday-tennised\/\" \/>\n<meta property=\"og:site_name\" content=\"Deanna Kingastuudio\" \/>\n<meta property=\"article:publisher\" content=\"https:\/\/www.facebook.com\/Deannakingastuudio\" \/>\n<meta property=\"article:modified_time\" content=\"2023-11-15T08:41:42+00:00\" \/>\n<meta property=\"og:image\" content=\"https:\/\/deanna.ee\/wp-content\/uploads\/2023\/04\/Wednesda-y-tennis.jpg\" \/>\n\t<meta property=\"og:image:width\" content=\"1289\" \/>\n\t<meta property=\"og:image:height\" content=\"1612\" \/>\n\t<meta property=\"og:image:type\" content=\"image\/jpeg\" \/>\n<meta name=\"twitter:card\" content=\"summary_large_image\" \/>\n<meta name=\"twitter:label1\" content=\"\u041f\u0440\u0438\u043c\u0435\u0440\u043d\u043e\u0435 \u0432\u0440\u0435\u043c\u044f \u0434\u043b\u044f \u0447\u0442\u0435\u043d\u0438\u044f\" \/>\n\t<meta name=\"twitter:data1\" content=\"1 \u043c\u0438\u043d\u0443\u0442\u0430\" \/>\n<script type=\"application\/ld+json\" class=\"yoast-schema-graph\">{\"@context\":\"https:\\\/\\\/schema.org\",\"@graph\":[{\"@type\":\"WebPage\",\"@id\":\"https:\\\/\\\/deanna.ee\\\/ru\\\/jalanoud\\\/mywednesday-tennised\\\/\",\"url\":\"https:\\\/\\\/deanna.ee\\\/ru\\\/jalanoud\\\/mywednesday-tennised\\\/\",\"name\":\"MyWednesday tennised | Deanna Kingastuudio\",\"isPartOf\":{\"@id\":\"https:\\\/\\\/deanna.ee\\\/#website\"},\"primaryImageOfPage\":{\"@id\":\"https:\\\/\\\/deanna.ee\\\/ru\\\/jalanoud\\\/mywednesday-tennised\\\/#primaryimage\"},\"image\":{\"@id\":\"https:\\\/\\\/deanna.ee\\\/ru\\\/jalanoud\\\/mywednesday-tennised\\\/#primaryimage\"},\"thumbnailUrl\":\"https:\\\/\\\/deanna.ee\\\/wp-content\\\/uploads\\\/2023\\\/04\\\/Wednesda-y-tennis.jpg\",\"datePublished\":\"2023-04-11T17:43:18+00:00\",\"dateModified\":\"2023-11-15T08:41:42+00:00\",\"description\":\"&nbsp; MyWednesday tennised Wednesday Addams\u00a0 disainiga tennised on on hea valik nii koolip\u00e4evaks kui ka vabal ajal kandmiseks. M\u00f5nusalt hubased ja \u00e4\u00e4retult trendikad vabaajajalatsid. &nbsp; &nbsp;\",\"breadcrumb\":{\"@id\":\"https:\\\/\\\/deanna.ee\\\/ru\\\/jalanoud\\\/mywednesday-tennised\\\/#breadcrumb\"},\"inLanguage\":\"ru-RU\",\"potentialAction\":[{\"@type\":\"ReadAction\",\"target\":[\"https:\\\/\\\/deanna.ee\\\/ru\\\/jalanoud\\\/mywednesday-tennised\\\/\"]}]},{\"@type\":\"ImageObject\",\"inLanguage\":\"ru-RU\",\"@id\":\"https:\\\/\\\/deanna.ee\\\/ru\\\/jalanoud\\\/mywednesday-tennised\\\/#primaryimage\",\"url\":\"https:\\\/\\\/deanna.ee\\\/wp-content\\\/uploads\\\/2023\\\/04\\\/Wednesda-y-tennis.jpg\",\"contentUrl\":\"https:\\\/\\\/deanna.ee\\\/wp-content\\\/uploads\\\/2023\\\/04\\\/Wednesda-y-tennis.jpg\",\"width\":1289,\"height\":1612},{\"@type\":\"BreadcrumbList\",\"@id\":\"https:\\\/\\\/deanna.ee\\\/ru\\\/jalanoud\\\/mywednesday-tennised\\\/#breadcrumb\",\"itemListElement\":[{\"@type\":\"ListItem\",\"position\":1,\"name\":\"Kodu\",\"item\":\"https:\\\/\\\/deanna.ee\\\/\"},{\"@type\":\"ListItem\",\"position\":2,\"name\":\"Pood\",\"item\":\"https:\\\/\\\/deanna.ee\\\/pood\\\/\"},{\"@type\":\"ListItem\",\"position\":3,\"name\":\"MyWednesday tennised\"}]},{\"@type\":\"WebSite\",\"@id\":\"https:\\\/\\\/deanna.ee\\\/#website\",\"url\":\"https:\\\/\\\/deanna.ee\\\/\",\"name\":\"Deanna Kingastuudio\",\"description\":\"Jalatsite m\u00fc\u00fck\",\"publisher\":{\"@id\":\"https:\\\/\\\/deanna.ee\\\/#organization\"},\"potentialAction\":[{\"@type\":\"SearchAction\",\"target\":{\"@type\":\"EntryPoint\",\"urlTemplate\":\"https:\\\/\\\/deanna.ee\\\/?s={search_term_string}\"},\"query-input\":{\"@type\":\"PropertyValueSpecification\",\"valueRequired\":true,\"valueName\":\"search_term_string\"}}],\"inLanguage\":\"ru-RU\"},{\"@type\":\"Organization\",\"@id\":\"https:\\\/\\\/deanna.ee\\\/#organization\",\"name\":\"Deanna O\u00dc\",\"url\":\"https:\\\/\\\/deanna.ee\\\/\",\"logo\":{\"@type\":\"ImageObject\",\"inLanguage\":\"ru-RU\",\"@id\":\"https:\\\/\\\/deanna.ee\\\/#\\\/schema\\\/logo\\\/image\\\/\",\"url\":\"https:\\\/\\\/deanna.ee\\\/wp-content\\\/uploads\\\/2022\\\/03\\\/Deanna-logo.png\",\"contentUrl\":\"https:\\\/\\\/deanna.ee\\\/wp-content\\\/uploads\\\/2022\\\/03\\\/Deanna-logo.png\",\"width\":909,\"height\":262,\"caption\":\"Deanna O\u00dc\"},\"image\":{\"@id\":\"https:\\\/\\\/deanna.ee\\\/#\\\/schema\\\/logo\\\/image\\\/\"},\"sameAs\":[\"https:\\\/\\\/www.facebook.com\\\/Deannakingastuudio\",\"https:\\\/\\\/www.instagram.com\\\/deannakingastuudio\\\/\"]}]}<\/script>\n<!-- \/ Yoast SEO plugin. -->","yoast_head_json":{"title":"MyWednesday tennised | Deanna Kingastuudio","description":"&nbsp; MyWednesday tennised  Wednesday Addams\u00a0 disainiga tennised on on hea valik nii koolip\u00e4evaks kui ka vabal ajal kandmiseks.  M\u00f5nusalt hubased ja \u00e4\u00e4retult trendikad vabaajajalatsid.  &nbsp;  &nbsp;","robots":{"index":"index","follow":"follow","max-snippet":"max-snippet:-1","max-image-preview":"max-image-preview:large","max-video-preview":"max-video-preview:-1"},"canonical":"https:\/\/deanna.ee\/ru\/jalanoud\/mywednesday-tennised\/","og_locale":"ru_RU","og_type":"article","og_title":"MyWednesday tennised | Deanna Kingastuudio","og_description":"&nbsp; MyWednesday tennised  Wednesday Addams\u00a0 disainiga tennised on on hea valik nii koolip\u00e4evaks kui ka vabal ajal kandmiseks.  M\u00f5nusalt hubased ja \u00e4\u00e4retult trendikad vabaajajalatsid.  &nbsp;  &nbsp;","og_url":"https:\/\/deanna.ee\/ru\/jalanoud\/mywednesday-tennised\/","og_site_name":"Deanna Kingastuudio","article_publisher":"https:\/\/www.facebook.com\/Deannakingastuudio","article_modified_time":"2023-11-15T08:41:42+00:00","og_image":[{"width":1289,"height":1612,"url":"https:\/\/deanna.ee\/wp-content\/uploads\/2023\/04\/Wednesda-y-tennis.jpg","type":"image\/jpeg"}],"twitter_card":"summary_large_image","twitter_misc":{"\u041f\u0440\u0438\u043c\u0435\u0440\u043d\u043e\u0435 \u0432\u0440\u0435\u043c\u044f \u0434\u043b\u044f \u0447\u0442\u0435\u043d\u0438\u044f":"1 \u043c\u0438\u043d\u0443\u0442\u0430"},"schema":{"@context":"https:\/\/schema.org","@graph":[{"@type":"WebPage","@id":"https:\/\/deanna.ee\/ru\/jalanoud\/mywednesday-tennised\/","url":"https:\/\/deanna.ee\/ru\/jalanoud\/mywednesday-tennised\/","name":"MyWednesday tennised | Deanna Kingastuudio","isPartOf":{"@id":"https:\/\/deanna.ee\/#website"},"primaryImageOfPage":{"@id":"https:\/\/deanna.ee\/ru\/jalanoud\/mywednesday-tennised\/#primaryimage"},"image":{"@id":"https:\/\/deanna.ee\/ru\/jalanoud\/mywednesday-tennised\/#primaryimage"},"thumbnailUrl":"https:\/\/deanna.ee\/wp-content\/uploads\/2023\/04\/Wednesda-y-tennis.jpg","datePublished":"2023-04-11T17:43:18+00:00","dateModified":"2023-11-15T08:41:42+00:00","description":"&nbsp; MyWednesday tennised Wednesday Addams\u00a0 disainiga tennised on on hea valik nii koolip\u00e4evaks kui ka vabal ajal kandmiseks. M\u00f5nusalt hubased ja \u00e4\u00e4retult trendikad vabaajajalatsid. &nbsp; &nbsp;","breadcrumb":{"@id":"https:\/\/deanna.ee\/ru\/jalanoud\/mywednesday-tennised\/#breadcrumb"},"inLanguage":"ru-RU","potentialAction":[{"@type":"ReadAction","target":["https:\/\/deanna.ee\/ru\/jalanoud\/mywednesday-tennised\/"]}]},{"@type":"ImageObject","inLanguage":"ru-RU","@id":"https:\/\/deanna.ee\/ru\/jalanoud\/mywednesday-tennised\/#primaryimage","url":"https:\/\/deanna.ee\/wp-content\/uploads\/2023\/04\/Wednesda-y-tennis.jpg","contentUrl":"https:\/\/deanna.ee\/wp-content\/uploads\/2023\/04\/Wednesda-y-tennis.jpg","width":1289,"height":1612},{"@type":"BreadcrumbList","@id":"https:\/\/deanna.ee\/ru\/jalanoud\/mywednesday-tennised\/#breadcrumb","itemListElement":[{"@type":"ListItem","position":1,"name":"Kodu","item":"https:\/\/deanna.ee\/"},{"@type":"ListItem","position":2,"name":"Pood","item":"https:\/\/deanna.ee\/pood\/"},{"@type":"ListItem","position":3,"name":"MyWednesday tennised"}]},{"@type":"WebSite","@id":"https:\/\/deanna.ee\/#website","url":"https:\/\/deanna.ee\/","name":"Deanna Kingastuudio","description":"Jalatsite m\u00fc\u00fck","publisher":{"@id":"https:\/\/deanna.ee\/#organization"},"potentialAction":[{"@type":"SearchAction","target":{"@type":"EntryPoint","urlTemplate":"https:\/\/deanna.ee\/?s={search_term_string}"},"query-input":{"@type":"PropertyValueSpecification","valueRequired":true,"valueName":"search_term_string"}}],"inLanguage":"ru-RU"},{"@type":"Organization","@id":"https:\/\/deanna.ee\/#organization","name":"Deanna O\u00dc","url":"https:\/\/deanna.ee\/","logo":{"@type":"ImageObject","inLanguage":"ru-RU","@id":"https:\/\/deanna.ee\/#\/schema\/logo\/image\/","url":"https:\/\/deanna.ee\/wp-content\/uploads\/2022\/03\/Deanna-logo.png","contentUrl":"https:\/\/deanna.ee\/wp-content\/uploads\/2022\/03\/Deanna-logo.png","width":909,"height":262,"caption":"Deanna O\u00dc"},"image":{"@id":"https:\/\/deanna.ee\/#\/schema\/logo\/image\/"},"sameAs":["https:\/\/www.facebook.com\/Deannakingastuudio","https:\/\/www.instagram.com\/deannakingastuudio\/"]}]}},"_links":{"self":[{"href":"https:\/\/deanna.ee\/ru\/wp-json\/wp\/v2\/product\/8239","targetHints":{"allow":["GET"]}}],"collection":[{"href":"https:\/\/deanna.ee\/ru\/wp-json\/wp\/v2\/product"}],"about":[{"href":"https:\/\/deanna.ee\/ru\/wp-json\/wp\/v2\/types\/product"}],"replies":[{"embeddable":true,"href":"https:\/\/deanna.ee\/ru\/wp-json\/wp\/v2\/comments?post=8239"}],"wp:featuredmedia":[{"embeddable":true,"href":"https:\/\/deanna.ee\/ru\/wp-json\/wp\/v2\/media\/10220"}],"wp:attachment":[{"href":"https:\/\/deanna.ee\/ru\/wp-json\/wp\/v2\/media?parent=8239"}],"wp:term":[{"taxonomy":"product_brand","embeddable":true,"href":"https:\/\/deanna.ee\/ru\/wp-json\/wp\/v2\/product_brand?post=8239"},{"taxonomy":"product_cat","embeddable":true,"href":"https:\/\/deanna.ee\/ru\/wp-json\/wp\/v2\/product_cat?post=8239"},{"taxonomy":"product_tag","embeddable":true,"href":"https:\/\/deanna.ee\/ru\/wp-json\/wp\/v2\/product_tag?post=8239"}],"curies":[{"name":"wp","href":"https:\/\/api.w.org\/{rel}","templated":true}]}}