{"id":5160,"date":"2022-08-31T13:02:32","date_gmt":"2022-08-31T11:02:32","guid":{"rendered":"https:\/\/deanna.ee\/?post_type=product&#038;p=5160"},"modified":"2026-04-26T17:47:50","modified_gmt":"2026-04-26T15:47:50","slug":"mymexicanskull-korged-tennised","status":"publish","type":"product","link":"https:\/\/deanna.ee\/ru\/jalanoud\/mymexicanskull-korged-tennised\/","title":{"rendered":"MyMexicanSkull k\u00f5rgema tegumoega ketsid"},"content":{"rendered":"<p>Eriti v\u00e4rvikad k\u00f5rgema tegumoega jalatsid disainitud Mexico stiilis ,p\u00f5nevust lisavad eri v\u00e4rvusega ninaosad .<\/p>\n<p>Kerged , mugavad ja hingavad.<\/p>\n<p>\u2022 Vegannahast-\u00a0 k\u00f5rgekvaliteetsed ,kauakestvad ,veekindlad ,ftalaadi ja azo vabad.<br \/>\n\u2022 Valminud k\u00e4sit\u00f6\u00f6na \ud83e\udea1<br \/>\n\u2022 Solvendivabad v\u00e4rvid<br \/>\n\u2022 7-auguline n\u00f6\u00f6rimine metallaasadel<\/p>\n<p>\u2022 Mugav k\u00fcljelukk<br \/>\n\u2022 T\u00e4istald\u00a0 elastsest kulumiskindel kummist<br \/>\n\u2022 Tallak\u00f5rgus\u00a0 &#8211; 3 sm<br \/>\n\u2022 Tugevdatud kand<br \/>\n\u2022 Schock absorber m\u00e4luvahust sisetald<br \/>\n\u2022 Pehme puuvillane vooder<br \/>\n\u2022 P\u00e4ritoluriik: T\u00fcrgi<\/p>\n","protected":false},"excerpt":{"rendered":"<p>Eriti v\u00e4rvikad k\u00f5rgema tegumoega ketsid\u00a0 disainitud Mehhiko\u00a0 stiilis ,p\u00f5nevust lisavad eri v\u00e4rvusega ninaosad .<\/p>\n<p>M\u00e4luvahust\u00a0 sisetald tagab jalale pehmuse , mugavuse ja soojuse.<\/p>\n<p>Jalatsid on kerged ja ja sobivad la laiemale jalale .<\/p>\n<p><strong>Sisetallam\u00f5\u00f5dud<\/strong><\/p>\n<p><strong>Suurus 36-\u00a0 23 cm<\/strong><\/p>\n<p><strong>Suurus 37 &#8211;\u00a0 23,5 cm<\/strong><\/p>\n<p><strong>Suurus 38 &#8211;\u00a0 24,2 cm\u00a0<\/strong><\/p>\n<p><strong>Suurus 39 &#8211; 25 cm<\/strong><\/p>\n<p><strong>Suurus 40 &#8211; 25,7 cm<\/strong><\/p>\n<p><strong>Suurus 41 &#8211; 26,5 cm<\/strong><\/p>\n<p>&nbsp;<\/p>\n<div><span class=\"product-message\"><strong>PROOVI neid\u00a0 Deanna Kingastuudios \u2013 Kivimurru 20\/1 Tallinn mob.56673263 v\u00f5i telli l\u00e4himasse pakiautommati ! Tarneaeg 2-3 tp<\/strong><\/span><\/div>\n<div><span style=\"color: #800080;\"><strong>Tagastamine &amp; vahetamine TASUTA.<\/strong><\/span><\/div>\n<p><strong><span class=\"il\">Maksa hiljem v\u00f5i maksa kahes osas!<\/span><\/strong><\/p>\n<p><span class=\"il\">Saad<\/span>\u00a0ostu eest tasuda KUU aja p\u00e4rast v\u00f5i 2 OSAS ilma \u00fchegi lisatasuta \u2013\u00a0<strong>0% intress,0 \u20ac lepingutasu ja 0 \u20ac haldustasu.<\/strong><\/p>\n<p><b><\/b>Transport: al.2.99 \u20ac, al. 100\u20ac ostust Omniva ja Smartposti automaati<strong>\u00a0tasuta<\/strong>!<\/p>\n","protected":false},"featured_media":7894,"comment_status":"open","ping_status":"closed","template":"","meta":{"_acf_changed":false},"product_brand":[],"product_cat":[131,130,133,142,143],"product_tag":[505,312,313,506,507,508,424,314],"class_list":{"0":"post-5160","1":"product","2":"type-product","3":"status-publish","4":"has-post-thumbnail","6":"product_cat-jalanoud-ru","7":"product_cat-koik-tooted-ru","8":"product_cat-naised-ru","9":"product_cat-tennised-ru","10":"product_cat-vabaajajalatsid-ru","11":"product_tag-kallo-ru","12":"product_tag-ketsid-ru","13":"product_tag-korged-tennised-ru","14":"product_tag-mexico-ru","15":"product_tag-pealuu-ru","16":"product_tag-punased-ru","17":"product_tag-skull-ru","18":"product_tag-tennised-ru","20":"first","21":"instock","22":"sale","23":"sold-individually","24":"taxable","25":"shipping-taxable","26":"purchasable","27":"product-type-variable"},"acf":[],"yoast_head":"<!-- This site is optimized with the Yoast SEO plugin v27.5 - https:\/\/yoast.com\/product\/yoast-seo-wordpress\/ -->\n<title>MyMexicanSkull k\u00f5rgema tegumoega ketsid | Deanna Kingastuudio<\/title>\n<meta name=\"description\" content=\"Eriti v\u00e4rvikad k\u00f5rgema tegumoega ketsid\u00a0 disainitud Mehhiko\u00a0 stiilis ,p\u00f5nevust lisavad eri v\u00e4rvusega ninaosad .  M\u00e4luvahust\u00a0 sisetald tagab jalale pehmuse , mugavuse ja soojuse.  Jalatsid on kerged ja ja sobivad la laiemale jalale .  Sisetallam\u00f5\u00f5dud  Suurus 36-\u00a0 23 cm  Suurus 37 -\u00a0 23,5 cm  Suurus 38 -\u00a0 24,2 cm\u00a0  Suurus 39 - 25 cm  Suurus 40 - 25,7 cm  Suurus 41 - 26,5 cm  &nbsp; PROOVI neid\u00a0 Deanna Kingastuudios \u2013 Kivimurru 20\/1 Tallinn mob.56673263 v\u00f5i telli l\u00e4himasse pakiautommati ! Tarneaeg 2-3 tp Tagastamine &amp; vahetamine TASUTA. Maksa hiljem v\u00f5i maksa kahes osas!  Saad\u00a0ostu eest tasuda KUU aja p\u00e4rast v\u00f5i 2 OSAS ilma \u00fchegi lisatasuta \u2013\u00a00% intress,0 \u20ac lepingutasu ja 0 \u20ac haldustasu.  Transport: al.2.99 \u20ac, al. 100\u20ac ostust Omniva ja Smartposti automaati\u00a0tasuta! Deanna Kingastuudio\" \/>\n<meta name=\"robots\" content=\"index, follow, max-snippet:-1, max-image-preview:large, max-video-preview:-1\" \/>\n<link rel=\"canonical\" href=\"https:\/\/deanna.ee\/ru\/jalanoud\/mymexicanskull-korged-tennised\/\" \/>\n<meta property=\"og:locale\" content=\"ru_RU\" \/>\n<meta property=\"og:type\" content=\"article\" \/>\n<meta property=\"og:title\" content=\"MyMexicanSkull k\u00f5rgema tegumoega ketsid | Deanna Kingastuudio\" \/>\n<meta property=\"og:description\" content=\"Eriti v\u00e4rvikad k\u00f5rgema tegumoega ketsid\u00a0 disainitud Mehhiko\u00a0 stiilis ,p\u00f5nevust lisavad eri v\u00e4rvusega ninaosad .  M\u00e4luvahust\u00a0 sisetald tagab jalale pehmuse , mugavuse ja soojuse.  Jalatsid on kerged ja ja sobivad la laiemale jalale .  Sisetallam\u00f5\u00f5dud  Suurus 36-\u00a0 23 cm  Suurus 37 -\u00a0 23,5 cm  Suurus 38 -\u00a0 24,2 cm\u00a0  Suurus 39 - 25 cm  Suurus 40 - 25,7 cm  Suurus 41 - 26,5 cm  &nbsp; PROOVI neid\u00a0 Deanna Kingastuudios \u2013 Kivimurru 20\/1 Tallinn mob.56673263 v\u00f5i telli l\u00e4himasse pakiautommati ! Tarneaeg 2-3 tp Tagastamine &amp; vahetamine TASUTA. Maksa hiljem v\u00f5i maksa kahes osas!  Saad\u00a0ostu eest tasuda KUU aja p\u00e4rast v\u00f5i 2 OSAS ilma \u00fchegi lisatasuta \u2013\u00a00% intress,0 \u20ac lepingutasu ja 0 \u20ac haldustasu.  Transport: al.2.99 \u20ac, al. 100\u20ac ostust Omniva ja Smartposti automaati\u00a0tasuta! Deanna Kingastuudio\" \/>\n<meta property=\"og:url\" content=\"https:\/\/deanna.ee\/ru\/jalanoud\/mymexicanskull-korged-tennised\/\" \/>\n<meta property=\"og:site_name\" content=\"Deanna Kingastuudio\" \/>\n<meta property=\"article:publisher\" content=\"https:\/\/www.facebook.com\/Deannakingastuudio\" \/>\n<meta property=\"article:modified_time\" content=\"2026-04-26T15:47:50+00:00\" \/>\n<meta property=\"og:image\" content=\"https:\/\/deanna.ee\/wp-content\/uploads\/2022\/08\/Mexico-side-e-pood.jpg\" \/>\n\t<meta property=\"og:image:width\" content=\"350\" \/>\n\t<meta property=\"og:image:height\" content=\"332\" \/>\n\t<meta property=\"og:image:type\" content=\"image\/jpeg\" \/>\n<meta name=\"twitter:card\" content=\"summary_large_image\" \/>\n<meta name=\"twitter:label1\" content=\"\u041f\u0440\u0438\u043c\u0435\u0440\u043d\u043e\u0435 \u0432\u0440\u0435\u043c\u044f \u0434\u043b\u044f \u0447\u0442\u0435\u043d\u0438\u044f\" \/>\n\t<meta name=\"twitter:data1\" content=\"1 \u043c\u0438\u043d\u0443\u0442\u0430\" \/>\n<script type=\"application\/ld+json\" class=\"yoast-schema-graph\">{\"@context\":\"https:\\\/\\\/schema.org\",\"@graph\":[{\"@type\":\"WebPage\",\"@id\":\"https:\\\/\\\/deanna.ee\\\/ru\\\/jalanoud\\\/mymexicanskull-korged-tennised\\\/\",\"url\":\"https:\\\/\\\/deanna.ee\\\/ru\\\/jalanoud\\\/mymexicanskull-korged-tennised\\\/\",\"name\":\"MyMexicanSkull k\u00f5rgema tegumoega ketsid | Deanna Kingastuudio\",\"isPartOf\":{\"@id\":\"https:\\\/\\\/deanna.ee\\\/#website\"},\"primaryImageOfPage\":{\"@id\":\"https:\\\/\\\/deanna.ee\\\/ru\\\/jalanoud\\\/mymexicanskull-korged-tennised\\\/#primaryimage\"},\"image\":{\"@id\":\"https:\\\/\\\/deanna.ee\\\/ru\\\/jalanoud\\\/mymexicanskull-korged-tennised\\\/#primaryimage\"},\"thumbnailUrl\":\"https:\\\/\\\/deanna.ee\\\/wp-content\\\/uploads\\\/2022\\\/08\\\/Mexico-side-e-pood.jpg\",\"datePublished\":\"2022-08-31T11:02:32+00:00\",\"dateModified\":\"2026-04-26T15:47:50+00:00\",\"description\":\"Eriti v\u00e4rvikad k\u00f5rgema tegumoega ketsid\u00a0 disainitud Mehhiko\u00a0 stiilis ,p\u00f5nevust lisavad eri v\u00e4rvusega ninaosad . M\u00e4luvahust\u00a0 sisetald tagab jalale pehmuse , mugavuse ja soojuse. Jalatsid on kerged ja ja sobivad la laiemale jalale . Sisetallam\u00f5\u00f5dud Suurus 36-\u00a0 23 cm Suurus 37 -\u00a0 23,5 cm Suurus 38 -\u00a0 24,2 cm\u00a0 Suurus 39 - 25 cm Suurus 40 - 25,7 cm Suurus 41 - 26,5 cm &nbsp; PROOVI neid\u00a0 Deanna Kingastuudios \u2013 Kivimurru 20\\\/1 Tallinn mob.56673263 v\u00f5i telli l\u00e4himasse pakiautommati ! Tarneaeg 2-3 tp Tagastamine &amp; vahetamine TASUTA. Maksa hiljem v\u00f5i maksa kahes osas! Saad\u00a0ostu eest tasuda KUU aja p\u00e4rast v\u00f5i 2 OSAS ilma \u00fchegi lisatasuta \u2013\u00a00% intress,0 \u20ac lepingutasu ja 0 \u20ac haldustasu. Transport: al.2.99 \u20ac, al. 100\u20ac ostust Omniva ja Smartposti automaati\u00a0tasuta! Deanna Kingastuudio\",\"breadcrumb\":{\"@id\":\"https:\\\/\\\/deanna.ee\\\/ru\\\/jalanoud\\\/mymexicanskull-korged-tennised\\\/#breadcrumb\"},\"inLanguage\":\"ru-RU\",\"potentialAction\":[{\"@type\":\"ReadAction\",\"target\":[\"https:\\\/\\\/deanna.ee\\\/ru\\\/jalanoud\\\/mymexicanskull-korged-tennised\\\/\"]}]},{\"@type\":\"ImageObject\",\"inLanguage\":\"ru-RU\",\"@id\":\"https:\\\/\\\/deanna.ee\\\/ru\\\/jalanoud\\\/mymexicanskull-korged-tennised\\\/#primaryimage\",\"url\":\"https:\\\/\\\/deanna.ee\\\/wp-content\\\/uploads\\\/2022\\\/08\\\/Mexico-side-e-pood.jpg\",\"contentUrl\":\"https:\\\/\\\/deanna.ee\\\/wp-content\\\/uploads\\\/2022\\\/08\\\/Mexico-side-e-pood.jpg\",\"width\":350,\"height\":332},{\"@type\":\"BreadcrumbList\",\"@id\":\"https:\\\/\\\/deanna.ee\\\/ru\\\/jalanoud\\\/mymexicanskull-korged-tennised\\\/#breadcrumb\",\"itemListElement\":[{\"@type\":\"ListItem\",\"position\":1,\"name\":\"Kodu\",\"item\":\"https:\\\/\\\/deanna.ee\\\/\"},{\"@type\":\"ListItem\",\"position\":2,\"name\":\"Pood\",\"item\":\"https:\\\/\\\/deanna.ee\\\/pood\\\/\"},{\"@type\":\"ListItem\",\"position\":3,\"name\":\"MyMexicanSkull k\u00f5rgema tegumoega ketsid\"}]},{\"@type\":\"WebSite\",\"@id\":\"https:\\\/\\\/deanna.ee\\\/#website\",\"url\":\"https:\\\/\\\/deanna.ee\\\/\",\"name\":\"Deanna Kingastuudio\",\"description\":\"Jalatsite m\u00fc\u00fck\",\"publisher\":{\"@id\":\"https:\\\/\\\/deanna.ee\\\/#organization\"},\"potentialAction\":[{\"@type\":\"SearchAction\",\"target\":{\"@type\":\"EntryPoint\",\"urlTemplate\":\"https:\\\/\\\/deanna.ee\\\/?s={search_term_string}\"},\"query-input\":{\"@type\":\"PropertyValueSpecification\",\"valueRequired\":true,\"valueName\":\"search_term_string\"}}],\"inLanguage\":\"ru-RU\"},{\"@type\":\"Organization\",\"@id\":\"https:\\\/\\\/deanna.ee\\\/#organization\",\"name\":\"Deanna O\u00dc\",\"url\":\"https:\\\/\\\/deanna.ee\\\/\",\"logo\":{\"@type\":\"ImageObject\",\"inLanguage\":\"ru-RU\",\"@id\":\"https:\\\/\\\/deanna.ee\\\/#\\\/schema\\\/logo\\\/image\\\/\",\"url\":\"https:\\\/\\\/deanna.ee\\\/wp-content\\\/uploads\\\/2022\\\/03\\\/Deanna-logo.png\",\"contentUrl\":\"https:\\\/\\\/deanna.ee\\\/wp-content\\\/uploads\\\/2022\\\/03\\\/Deanna-logo.png\",\"width\":909,\"height\":262,\"caption\":\"Deanna O\u00dc\"},\"image\":{\"@id\":\"https:\\\/\\\/deanna.ee\\\/#\\\/schema\\\/logo\\\/image\\\/\"},\"sameAs\":[\"https:\\\/\\\/www.facebook.com\\\/Deannakingastuudio\",\"https:\\\/\\\/www.instagram.com\\\/deannakingastuudio\\\/\"]}]}<\/script>\n<!-- \/ Yoast SEO plugin. -->","yoast_head_json":{"title":"MyMexicanSkull k\u00f5rgema tegumoega ketsid | Deanna Kingastuudio","description":"Eriti v\u00e4rvikad k\u00f5rgema tegumoega ketsid\u00a0 disainitud Mehhiko\u00a0 stiilis ,p\u00f5nevust lisavad eri v\u00e4rvusega ninaosad .  M\u00e4luvahust\u00a0 sisetald tagab jalale pehmuse , mugavuse ja soojuse.  Jalatsid on kerged ja ja sobivad la laiemale jalale .  Sisetallam\u00f5\u00f5dud  Suurus 36-\u00a0 23 cm  Suurus 37 -\u00a0 23,5 cm  Suurus 38 -\u00a0 24,2 cm\u00a0  Suurus 39 - 25 cm  Suurus 40 - 25,7 cm  Suurus 41 - 26,5 cm  &nbsp; PROOVI neid\u00a0 Deanna Kingastuudios \u2013 Kivimurru 20\/1 Tallinn mob.56673263 v\u00f5i telli l\u00e4himasse pakiautommati ! Tarneaeg 2-3 tp Tagastamine &amp; vahetamine TASUTA. Maksa hiljem v\u00f5i maksa kahes osas!  Saad\u00a0ostu eest tasuda KUU aja p\u00e4rast v\u00f5i 2 OSAS ilma \u00fchegi lisatasuta \u2013\u00a00% intress,0 \u20ac lepingutasu ja 0 \u20ac haldustasu.  Transport: al.2.99 \u20ac, al. 100\u20ac ostust Omniva ja Smartposti automaati\u00a0tasuta! Deanna Kingastuudio","robots":{"index":"index","follow":"follow","max-snippet":"max-snippet:-1","max-image-preview":"max-image-preview:large","max-video-preview":"max-video-preview:-1"},"canonical":"https:\/\/deanna.ee\/ru\/jalanoud\/mymexicanskull-korged-tennised\/","og_locale":"ru_RU","og_type":"article","og_title":"MyMexicanSkull k\u00f5rgema tegumoega ketsid | Deanna Kingastuudio","og_description":"Eriti v\u00e4rvikad k\u00f5rgema tegumoega ketsid\u00a0 disainitud Mehhiko\u00a0 stiilis ,p\u00f5nevust lisavad eri v\u00e4rvusega ninaosad .  M\u00e4luvahust\u00a0 sisetald tagab jalale pehmuse , mugavuse ja soojuse.  Jalatsid on kerged ja ja sobivad la laiemale jalale .  Sisetallam\u00f5\u00f5dud  Suurus 36-\u00a0 23 cm  Suurus 37 -\u00a0 23,5 cm  Suurus 38 -\u00a0 24,2 cm\u00a0  Suurus 39 - 25 cm  Suurus 40 - 25,7 cm  Suurus 41 - 26,5 cm  &nbsp; PROOVI neid\u00a0 Deanna Kingastuudios \u2013 Kivimurru 20\/1 Tallinn mob.56673263 v\u00f5i telli l\u00e4himasse pakiautommati ! Tarneaeg 2-3 tp Tagastamine &amp; vahetamine TASUTA. Maksa hiljem v\u00f5i maksa kahes osas!  Saad\u00a0ostu eest tasuda KUU aja p\u00e4rast v\u00f5i 2 OSAS ilma \u00fchegi lisatasuta \u2013\u00a00% intress,0 \u20ac lepingutasu ja 0 \u20ac haldustasu.  Transport: al.2.99 \u20ac, al. 100\u20ac ostust Omniva ja Smartposti automaati\u00a0tasuta! Deanna Kingastuudio","og_url":"https:\/\/deanna.ee\/ru\/jalanoud\/mymexicanskull-korged-tennised\/","og_site_name":"Deanna Kingastuudio","article_publisher":"https:\/\/www.facebook.com\/Deannakingastuudio","article_modified_time":"2026-04-26T15:47:50+00:00","og_image":[{"width":350,"height":332,"url":"https:\/\/deanna.ee\/wp-content\/uploads\/2022\/08\/Mexico-side-e-pood.jpg","type":"image\/jpeg"}],"twitter_card":"summary_large_image","twitter_misc":{"\u041f\u0440\u0438\u043c\u0435\u0440\u043d\u043e\u0435 \u0432\u0440\u0435\u043c\u044f \u0434\u043b\u044f \u0447\u0442\u0435\u043d\u0438\u044f":"1 \u043c\u0438\u043d\u0443\u0442\u0430"},"schema":{"@context":"https:\/\/schema.org","@graph":[{"@type":"WebPage","@id":"https:\/\/deanna.ee\/ru\/jalanoud\/mymexicanskull-korged-tennised\/","url":"https:\/\/deanna.ee\/ru\/jalanoud\/mymexicanskull-korged-tennised\/","name":"MyMexicanSkull k\u00f5rgema tegumoega ketsid | Deanna Kingastuudio","isPartOf":{"@id":"https:\/\/deanna.ee\/#website"},"primaryImageOfPage":{"@id":"https:\/\/deanna.ee\/ru\/jalanoud\/mymexicanskull-korged-tennised\/#primaryimage"},"image":{"@id":"https:\/\/deanna.ee\/ru\/jalanoud\/mymexicanskull-korged-tennised\/#primaryimage"},"thumbnailUrl":"https:\/\/deanna.ee\/wp-content\/uploads\/2022\/08\/Mexico-side-e-pood.jpg","datePublished":"2022-08-31T11:02:32+00:00","dateModified":"2026-04-26T15:47:50+00:00","description":"Eriti v\u00e4rvikad k\u00f5rgema tegumoega ketsid\u00a0 disainitud Mehhiko\u00a0 stiilis ,p\u00f5nevust lisavad eri v\u00e4rvusega ninaosad . M\u00e4luvahust\u00a0 sisetald tagab jalale pehmuse , mugavuse ja soojuse. Jalatsid on kerged ja ja sobivad la laiemale jalale . Sisetallam\u00f5\u00f5dud Suurus 36-\u00a0 23 cm Suurus 37 -\u00a0 23,5 cm Suurus 38 -\u00a0 24,2 cm\u00a0 Suurus 39 - 25 cm Suurus 40 - 25,7 cm Suurus 41 - 26,5 cm &nbsp; PROOVI neid\u00a0 Deanna Kingastuudios \u2013 Kivimurru 20\/1 Tallinn mob.56673263 v\u00f5i telli l\u00e4himasse pakiautommati ! Tarneaeg 2-3 tp Tagastamine &amp; vahetamine TASUTA. Maksa hiljem v\u00f5i maksa kahes osas! Saad\u00a0ostu eest tasuda KUU aja p\u00e4rast v\u00f5i 2 OSAS ilma \u00fchegi lisatasuta \u2013\u00a00% intress,0 \u20ac lepingutasu ja 0 \u20ac haldustasu. Transport: al.2.99 \u20ac, al. 100\u20ac ostust Omniva ja Smartposti automaati\u00a0tasuta! Deanna Kingastuudio","breadcrumb":{"@id":"https:\/\/deanna.ee\/ru\/jalanoud\/mymexicanskull-korged-tennised\/#breadcrumb"},"inLanguage":"ru-RU","potentialAction":[{"@type":"ReadAction","target":["https:\/\/deanna.ee\/ru\/jalanoud\/mymexicanskull-korged-tennised\/"]}]},{"@type":"ImageObject","inLanguage":"ru-RU","@id":"https:\/\/deanna.ee\/ru\/jalanoud\/mymexicanskull-korged-tennised\/#primaryimage","url":"https:\/\/deanna.ee\/wp-content\/uploads\/2022\/08\/Mexico-side-e-pood.jpg","contentUrl":"https:\/\/deanna.ee\/wp-content\/uploads\/2022\/08\/Mexico-side-e-pood.jpg","width":350,"height":332},{"@type":"BreadcrumbList","@id":"https:\/\/deanna.ee\/ru\/jalanoud\/mymexicanskull-korged-tennised\/#breadcrumb","itemListElement":[{"@type":"ListItem","position":1,"name":"Kodu","item":"https:\/\/deanna.ee\/"},{"@type":"ListItem","position":2,"name":"Pood","item":"https:\/\/deanna.ee\/pood\/"},{"@type":"ListItem","position":3,"name":"MyMexicanSkull k\u00f5rgema tegumoega ketsid"}]},{"@type":"WebSite","@id":"https:\/\/deanna.ee\/#website","url":"https:\/\/deanna.ee\/","name":"Deanna Kingastuudio","description":"Jalatsite m\u00fc\u00fck","publisher":{"@id":"https:\/\/deanna.ee\/#organization"},"potentialAction":[{"@type":"SearchAction","target":{"@type":"EntryPoint","urlTemplate":"https:\/\/deanna.ee\/?s={search_term_string}"},"query-input":{"@type":"PropertyValueSpecification","valueRequired":true,"valueName":"search_term_string"}}],"inLanguage":"ru-RU"},{"@type":"Organization","@id":"https:\/\/deanna.ee\/#organization","name":"Deanna O\u00dc","url":"https:\/\/deanna.ee\/","logo":{"@type":"ImageObject","inLanguage":"ru-RU","@id":"https:\/\/deanna.ee\/#\/schema\/logo\/image\/","url":"https:\/\/deanna.ee\/wp-content\/uploads\/2022\/03\/Deanna-logo.png","contentUrl":"https:\/\/deanna.ee\/wp-content\/uploads\/2022\/03\/Deanna-logo.png","width":909,"height":262,"caption":"Deanna O\u00dc"},"image":{"@id":"https:\/\/deanna.ee\/#\/schema\/logo\/image\/"},"sameAs":["https:\/\/www.facebook.com\/Deannakingastuudio","https:\/\/www.instagram.com\/deannakingastuudio\/"]}]}},"_links":{"self":[{"href":"https:\/\/deanna.ee\/ru\/wp-json\/wp\/v2\/product\/5160","targetHints":{"allow":["GET"]}}],"collection":[{"href":"https:\/\/deanna.ee\/ru\/wp-json\/wp\/v2\/product"}],"about":[{"href":"https:\/\/deanna.ee\/ru\/wp-json\/wp\/v2\/types\/product"}],"replies":[{"embeddable":true,"href":"https:\/\/deanna.ee\/ru\/wp-json\/wp\/v2\/comments?post=5160"}],"wp:featuredmedia":[{"embeddable":true,"href":"https:\/\/deanna.ee\/ru\/wp-json\/wp\/v2\/media\/7894"}],"wp:attachment":[{"href":"https:\/\/deanna.ee\/ru\/wp-json\/wp\/v2\/media?parent=5160"}],"wp:term":[{"taxonomy":"product_brand","embeddable":true,"href":"https:\/\/deanna.ee\/ru\/wp-json\/wp\/v2\/product_brand?post=5160"},{"taxonomy":"product_cat","embeddable":true,"href":"https:\/\/deanna.ee\/ru\/wp-json\/wp\/v2\/product_cat?post=5160"},{"taxonomy":"product_tag","embeddable":true,"href":"https:\/\/deanna.ee\/ru\/wp-json\/wp\/v2\/product_tag?post=5160"}],"curies":[{"name":"wp","href":"https:\/\/api.w.org\/{rel}","templated":true}]}}