{"id":5083,"date":"2022-08-31T12:36:13","date_gmt":"2022-08-31T10:36:13","guid":{"rendered":"https:\/\/deanna.ee\/?post_type=product&#038;p=5083"},"modified":"2022-09-01T15:22:22","modified_gmt":"2022-09-01T13:22:22","slug":"mybeigepapilion-madalad-saapad","status":"publish","type":"product","link":"https:\/\/deanna.ee\/ru\/jalanoud\/mybeigepapilion-madalad-saapad\/","title":{"rendered":"MyBeigePapilion  madalad  saapad"},"content":{"rendered":"<p><strong>MyBeigePapilion madalad saapad<\/strong><\/p>\n<p>Liblikadest\u00a0 inspireeritud\u00a0 saapad \u00fcmara ninaosaga ja laiema liistuga.<img loading=\"lazy\" decoding=\"async\" class=\"size-medium wp-image-5117 alignright\" src=\"https:\/\/deanna.ee\/wp-content\/uploads\/2022\/08\/TKS117-5-300x200.jpg\" alt=\"\" width=\"300\" height=\"200\" srcset=\"https:\/\/deanna.ee\/wp-content\/uploads\/2022\/08\/TKS117-5-300x200.jpg 300w, https:\/\/deanna.ee\/wp-content\/uploads\/2022\/08\/TKS117-5-1024x682.jpg 1024w, https:\/\/deanna.ee\/wp-content\/uploads\/2022\/08\/TKS117-5-768x512.jpg 768w, https:\/\/deanna.ee\/wp-content\/uploads\/2022\/08\/TKS117-5.jpg 1400w\" sizes=\"auto, (max-width: 300px) 100vw, 300px\" \/><\/p>\n<p>\u2022 \u00d6konahast &#8211; kerged,veekindlad ja vastupidavad.<\/p>\n<p>\u2022 Valminud k\u00e4sit\u00f6\u00f6na \ud83e\udea1<br \/>\n\u2022 Solvendivabad v\u00e4rvid<br \/>\n\u2022 5-auguline n\u00f6\u00f6rimine metallaasadel\u2022 \u00a0\u00dcmara ninaga<br \/>\n\u2022 V\u00e4listald &#8211; elastne kulumiskindel kumm<br \/>\n\u2022 Kontsak\u00f5rgus &#8211; 3sm<br \/>\n\u2022 Sobivad ka laiemale jalale.<br \/>\n\u2022 Pehme m\u00e4luvahust sisetald<br \/>\n\u2022 \u00d5huke puuvillane vooder<br \/>\n\u2022 P\u00e4ritoluriik: T\u00fcrgi<\/p>\n","protected":false},"excerpt":{"rendered":"<p>Liblikadest\u00a0 inspireeritud\u00a0 saapad \u00fcmara ninaosaga ja laiema liistuga.<\/p>\n<p>Romantiline ja naiselik mudel paelkinnitusega.<\/p>\n<p>&nbsp;<\/p>\n<div><span class=\"product-message\"><strong>PROOVI neid\u00a0 Deanna Kingastuudios \u2013 Kivimurru 20\/1 Tallinn mob.56673263 v\u00f5i telli l\u00e4himasse pakiautommati ! Tarneaeg 2-3 tp<\/strong><\/span><\/div>\n<div><span style=\"color: #00ff00;\"><strong>Tagastamine &amp; vahetamine TASUTA.<\/strong><\/span><\/div>\n<p><strong><span class=\"il\">Maksa hiljem v\u00f5i maksa kahes osas!<\/span><\/strong><\/p>\n<p><span class=\"il\">Saad<\/span>\u00a0ostu eest tasuda KUU aja p\u00e4rast v\u00f5i 2 OSAS ilma \u00fchegi lisatasuta \u2013\u00a0<strong>0% intress,0 \u20ac lepingutasu ja 0 \u20ac haldustasu.<\/strong><\/p>\n<p><b><\/b>Transport: al.2.99 \u20ac, al. 100\u20ac ostust Omniva ja Smartposti automaati<strong>\u00a0tasuta<\/strong>!<\/p>\n<p>&nbsp;<\/p>\n<p><img loading=\"lazy\" decoding=\"async\" class=\"size-medium wp-image-5111 alignright\" src=\"https:\/\/deanna.ee\/wp-content\/uploads\/2022\/08\/TKS117-3-300x200.jpg\" alt=\"\" width=\"300\" height=\"200\" srcset=\"https:\/\/deanna.ee\/wp-content\/uploads\/2022\/08\/TKS117-3-300x200.jpg 300w, https:\/\/deanna.ee\/wp-content\/uploads\/2022\/08\/TKS117-3-1024x682.jpg 1024w, https:\/\/deanna.ee\/wp-content\/uploads\/2022\/08\/TKS117-3-768x512.jpg 768w, https:\/\/deanna.ee\/wp-content\/uploads\/2022\/08\/TKS117-3.jpg 1399w\" sizes=\"auto, (max-width: 300px) 100vw, 300px\" \/><\/p>\n","protected":false},"featured_media":5119,"comment_status":"open","ping_status":"closed","template":"","meta":{"_acf_changed":false},"product_brand":[],"product_cat":[131,130,132,133],"product_tag":[],"class_list":{"0":"post-5083","1":"product","2":"type-product","3":"status-publish","4":"has-post-thumbnail","6":"product_cat-jalanoud-ru","7":"product_cat-koik-tooted-ru","8":"product_cat-madalad-saapad-ru","9":"product_cat-naised-ru","11":"first","12":"instock","13":"taxable","14":"shipping-taxable","15":"purchasable","16":"product-type-variable"},"acf":[],"yoast_head":"<!-- This site is optimized with the Yoast SEO plugin v27.4 - https:\/\/yoast.com\/product\/yoast-seo-wordpress\/ -->\n<title>MyBeigePapilion madalad saapad | Deanna Kingastuudio<\/title>\n<meta name=\"description\" content=\"Deanna Kingastuudio MyBeigePapilion madalad saapad |\" \/>\n<meta name=\"robots\" content=\"index, follow, max-snippet:-1, max-image-preview:large, max-video-preview:-1\" \/>\n<link rel=\"canonical\" href=\"https:\/\/deanna.ee\/ru\/jalanoud\/mybeigepapilion-madalad-saapad\/\" \/>\n<meta property=\"og:locale\" content=\"ru_RU\" \/>\n<meta property=\"og:type\" content=\"article\" \/>\n<meta property=\"og:title\" content=\"MyBeigePapilion madalad saapad | Deanna Kingastuudio\" \/>\n<meta property=\"og:description\" content=\"Deanna Kingastuudio MyBeigePapilion madalad saapad |\" \/>\n<meta property=\"og:url\" content=\"https:\/\/deanna.ee\/ru\/jalanoud\/mybeigepapilion-madalad-saapad\/\" \/>\n<meta property=\"og:site_name\" content=\"Deanna Kingastuudio\" \/>\n<meta property=\"article:publisher\" content=\"https:\/\/www.facebook.com\/Deannakingastuudio\" \/>\n<meta property=\"article:modified_time\" content=\"2022-09-01T13:22:22+00:00\" \/>\n<meta property=\"og:image\" content=\"https:\/\/deanna.ee\/wp-content\/uploads\/2022\/08\/TKS117-5.jpg\" \/>\n\t<meta property=\"og:image:width\" content=\"1400\" \/>\n\t<meta property=\"og:image:height\" content=\"933\" \/>\n\t<meta property=\"og:image:type\" content=\"image\/jpeg\" \/>\n<meta name=\"twitter:card\" content=\"summary_large_image\" \/>\n<script type=\"application\/ld+json\" class=\"yoast-schema-graph\">{\"@context\":\"https:\\\/\\\/schema.org\",\"@graph\":[{\"@type\":\"WebPage\",\"@id\":\"https:\\\/\\\/deanna.ee\\\/ru\\\/jalanoud\\\/mybeigepapilion-madalad-saapad\\\/\",\"url\":\"https:\\\/\\\/deanna.ee\\\/ru\\\/jalanoud\\\/mybeigepapilion-madalad-saapad\\\/\",\"name\":\"MyBeigePapilion madalad saapad | Deanna Kingastuudio\",\"isPartOf\":{\"@id\":\"https:\\\/\\\/deanna.ee\\\/#website\"},\"primaryImageOfPage\":{\"@id\":\"https:\\\/\\\/deanna.ee\\\/ru\\\/jalanoud\\\/mybeigepapilion-madalad-saapad\\\/#primaryimage\"},\"image\":{\"@id\":\"https:\\\/\\\/deanna.ee\\\/ru\\\/jalanoud\\\/mybeigepapilion-madalad-saapad\\\/#primaryimage\"},\"thumbnailUrl\":\"https:\\\/\\\/deanna.ee\\\/wp-content\\\/uploads\\\/2022\\\/08\\\/TKS117-5.jpg\",\"datePublished\":\"2022-08-31T10:36:13+00:00\",\"dateModified\":\"2022-09-01T13:22:22+00:00\",\"description\":\"Deanna Kingastuudio MyBeigePapilion madalad saapad |\",\"breadcrumb\":{\"@id\":\"https:\\\/\\\/deanna.ee\\\/ru\\\/jalanoud\\\/mybeigepapilion-madalad-saapad\\\/#breadcrumb\"},\"inLanguage\":\"ru-RU\",\"potentialAction\":[{\"@type\":\"ReadAction\",\"target\":[\"https:\\\/\\\/deanna.ee\\\/ru\\\/jalanoud\\\/mybeigepapilion-madalad-saapad\\\/\"]}]},{\"@type\":\"ImageObject\",\"inLanguage\":\"ru-RU\",\"@id\":\"https:\\\/\\\/deanna.ee\\\/ru\\\/jalanoud\\\/mybeigepapilion-madalad-saapad\\\/#primaryimage\",\"url\":\"https:\\\/\\\/deanna.ee\\\/wp-content\\\/uploads\\\/2022\\\/08\\\/TKS117-5.jpg\",\"contentUrl\":\"https:\\\/\\\/deanna.ee\\\/wp-content\\\/uploads\\\/2022\\\/08\\\/TKS117-5.jpg\",\"width\":1400,\"height\":933},{\"@type\":\"BreadcrumbList\",\"@id\":\"https:\\\/\\\/deanna.ee\\\/ru\\\/jalanoud\\\/mybeigepapilion-madalad-saapad\\\/#breadcrumb\",\"itemListElement\":[{\"@type\":\"ListItem\",\"position\":1,\"name\":\"Kodu\",\"item\":\"https:\\\/\\\/deanna.ee\\\/\"},{\"@type\":\"ListItem\",\"position\":2,\"name\":\"Pood\",\"item\":\"https:\\\/\\\/deanna.ee\\\/pood\\\/\"},{\"@type\":\"ListItem\",\"position\":3,\"name\":\"MyBeigePapilion madalad saapad\"}]},{\"@type\":\"WebSite\",\"@id\":\"https:\\\/\\\/deanna.ee\\\/#website\",\"url\":\"https:\\\/\\\/deanna.ee\\\/\",\"name\":\"Deanna Kingastuudio\",\"description\":\"Jalatsite m\u00fc\u00fck\",\"publisher\":{\"@id\":\"https:\\\/\\\/deanna.ee\\\/#organization\"},\"potentialAction\":[{\"@type\":\"SearchAction\",\"target\":{\"@type\":\"EntryPoint\",\"urlTemplate\":\"https:\\\/\\\/deanna.ee\\\/?s={search_term_string}\"},\"query-input\":{\"@type\":\"PropertyValueSpecification\",\"valueRequired\":true,\"valueName\":\"search_term_string\"}}],\"inLanguage\":\"ru-RU\"},{\"@type\":\"Organization\",\"@id\":\"https:\\\/\\\/deanna.ee\\\/#organization\",\"name\":\"Deanna O\u00dc\",\"url\":\"https:\\\/\\\/deanna.ee\\\/\",\"logo\":{\"@type\":\"ImageObject\",\"inLanguage\":\"ru-RU\",\"@id\":\"https:\\\/\\\/deanna.ee\\\/#\\\/schema\\\/logo\\\/image\\\/\",\"url\":\"https:\\\/\\\/deanna.ee\\\/wp-content\\\/uploads\\\/2022\\\/03\\\/Deanna-logo.png\",\"contentUrl\":\"https:\\\/\\\/deanna.ee\\\/wp-content\\\/uploads\\\/2022\\\/03\\\/Deanna-logo.png\",\"width\":909,\"height\":262,\"caption\":\"Deanna O\u00dc\"},\"image\":{\"@id\":\"https:\\\/\\\/deanna.ee\\\/#\\\/schema\\\/logo\\\/image\\\/\"},\"sameAs\":[\"https:\\\/\\\/www.facebook.com\\\/Deannakingastuudio\",\"https:\\\/\\\/www.instagram.com\\\/deannakingastuudio\\\/\"]}]}<\/script>\n<!-- \/ Yoast SEO plugin. -->","yoast_head_json":{"title":"MyBeigePapilion madalad saapad | Deanna Kingastuudio","description":"Deanna Kingastuudio MyBeigePapilion madalad saapad |","robots":{"index":"index","follow":"follow","max-snippet":"max-snippet:-1","max-image-preview":"max-image-preview:large","max-video-preview":"max-video-preview:-1"},"canonical":"https:\/\/deanna.ee\/ru\/jalanoud\/mybeigepapilion-madalad-saapad\/","og_locale":"ru_RU","og_type":"article","og_title":"MyBeigePapilion madalad saapad | Deanna Kingastuudio","og_description":"Deanna Kingastuudio MyBeigePapilion madalad saapad |","og_url":"https:\/\/deanna.ee\/ru\/jalanoud\/mybeigepapilion-madalad-saapad\/","og_site_name":"Deanna Kingastuudio","article_publisher":"https:\/\/www.facebook.com\/Deannakingastuudio","article_modified_time":"2022-09-01T13:22:22+00:00","og_image":[{"width":1400,"height":933,"url":"https:\/\/deanna.ee\/wp-content\/uploads\/2022\/08\/TKS117-5.jpg","type":"image\/jpeg"}],"twitter_card":"summary_large_image","schema":{"@context":"https:\/\/schema.org","@graph":[{"@type":"WebPage","@id":"https:\/\/deanna.ee\/ru\/jalanoud\/mybeigepapilion-madalad-saapad\/","url":"https:\/\/deanna.ee\/ru\/jalanoud\/mybeigepapilion-madalad-saapad\/","name":"MyBeigePapilion madalad saapad | Deanna Kingastuudio","isPartOf":{"@id":"https:\/\/deanna.ee\/#website"},"primaryImageOfPage":{"@id":"https:\/\/deanna.ee\/ru\/jalanoud\/mybeigepapilion-madalad-saapad\/#primaryimage"},"image":{"@id":"https:\/\/deanna.ee\/ru\/jalanoud\/mybeigepapilion-madalad-saapad\/#primaryimage"},"thumbnailUrl":"https:\/\/deanna.ee\/wp-content\/uploads\/2022\/08\/TKS117-5.jpg","datePublished":"2022-08-31T10:36:13+00:00","dateModified":"2022-09-01T13:22:22+00:00","description":"Deanna Kingastuudio MyBeigePapilion madalad saapad |","breadcrumb":{"@id":"https:\/\/deanna.ee\/ru\/jalanoud\/mybeigepapilion-madalad-saapad\/#breadcrumb"},"inLanguage":"ru-RU","potentialAction":[{"@type":"ReadAction","target":["https:\/\/deanna.ee\/ru\/jalanoud\/mybeigepapilion-madalad-saapad\/"]}]},{"@type":"ImageObject","inLanguage":"ru-RU","@id":"https:\/\/deanna.ee\/ru\/jalanoud\/mybeigepapilion-madalad-saapad\/#primaryimage","url":"https:\/\/deanna.ee\/wp-content\/uploads\/2022\/08\/TKS117-5.jpg","contentUrl":"https:\/\/deanna.ee\/wp-content\/uploads\/2022\/08\/TKS117-5.jpg","width":1400,"height":933},{"@type":"BreadcrumbList","@id":"https:\/\/deanna.ee\/ru\/jalanoud\/mybeigepapilion-madalad-saapad\/#breadcrumb","itemListElement":[{"@type":"ListItem","position":1,"name":"Kodu","item":"https:\/\/deanna.ee\/"},{"@type":"ListItem","position":2,"name":"Pood","item":"https:\/\/deanna.ee\/pood\/"},{"@type":"ListItem","position":3,"name":"MyBeigePapilion madalad saapad"}]},{"@type":"WebSite","@id":"https:\/\/deanna.ee\/#website","url":"https:\/\/deanna.ee\/","name":"Deanna Kingastuudio","description":"Jalatsite m\u00fc\u00fck","publisher":{"@id":"https:\/\/deanna.ee\/#organization"},"potentialAction":[{"@type":"SearchAction","target":{"@type":"EntryPoint","urlTemplate":"https:\/\/deanna.ee\/?s={search_term_string}"},"query-input":{"@type":"PropertyValueSpecification","valueRequired":true,"valueName":"search_term_string"}}],"inLanguage":"ru-RU"},{"@type":"Organization","@id":"https:\/\/deanna.ee\/#organization","name":"Deanna O\u00dc","url":"https:\/\/deanna.ee\/","logo":{"@type":"ImageObject","inLanguage":"ru-RU","@id":"https:\/\/deanna.ee\/#\/schema\/logo\/image\/","url":"https:\/\/deanna.ee\/wp-content\/uploads\/2022\/03\/Deanna-logo.png","contentUrl":"https:\/\/deanna.ee\/wp-content\/uploads\/2022\/03\/Deanna-logo.png","width":909,"height":262,"caption":"Deanna O\u00dc"},"image":{"@id":"https:\/\/deanna.ee\/#\/schema\/logo\/image\/"},"sameAs":["https:\/\/www.facebook.com\/Deannakingastuudio","https:\/\/www.instagram.com\/deannakingastuudio\/"]}]}},"_links":{"self":[{"href":"https:\/\/deanna.ee\/ru\/wp-json\/wp\/v2\/product\/5083","targetHints":{"allow":["GET"]}}],"collection":[{"href":"https:\/\/deanna.ee\/ru\/wp-json\/wp\/v2\/product"}],"about":[{"href":"https:\/\/deanna.ee\/ru\/wp-json\/wp\/v2\/types\/product"}],"replies":[{"embeddable":true,"href":"https:\/\/deanna.ee\/ru\/wp-json\/wp\/v2\/comments?post=5083"}],"wp:featuredmedia":[{"embeddable":true,"href":"https:\/\/deanna.ee\/ru\/wp-json\/wp\/v2\/media\/5119"}],"wp:attachment":[{"href":"https:\/\/deanna.ee\/ru\/wp-json\/wp\/v2\/media?parent=5083"}],"wp:term":[{"taxonomy":"product_brand","embeddable":true,"href":"https:\/\/deanna.ee\/ru\/wp-json\/wp\/v2\/product_brand?post=5083"},{"taxonomy":"product_cat","embeddable":true,"href":"https:\/\/deanna.ee\/ru\/wp-json\/wp\/v2\/product_cat?post=5083"},{"taxonomy":"product_tag","embeddable":true,"href":"https:\/\/deanna.ee\/ru\/wp-json\/wp\/v2\/product_tag?post=5083"}],"curies":[{"name":"wp","href":"https:\/\/api.w.org\/{rel}","templated":true}]}}