{"id":4153,"date":"2022-06-27T19:38:05","date_gmt":"2022-06-27T17:38:05","guid":{"rendered":"https:\/\/deanna.ee\/?post_type=product&#038;p=4153"},"modified":"2026-04-26T18:21:15","modified_gmt":"2026-04-26T16:21:15","slug":"myskull-oxford-kingad","status":"publish","type":"product","link":"https:\/\/deanna.ee\/ru\/jalanoud\/myskull-oxford-kingad\/","title":{"rendered":"MySkull Oxford kingad"},"content":{"rendered":"<p>&nbsp;<\/p>\n<table style=\"height: 59px;\" width=\"276\">\n<tbody>\n<tr>\n<td width=\"124\">MySkull Oxford kingad<\/td>\n<\/tr>\n<\/tbody>\n<\/table>\n<p>Oxford t\u00fc\u00fcpi kingad v\u00e4rvirikka disainiga .<\/p>\n<p>Mugavad t\u00e4navakingad lihtsa kujuga ja laiema liistuga .Sisemuses vooderdab seinu tekstiil ning\u00a0 mugavust lisab pehmendusega m\u00e4luvahust sisetald ,mis kohandub jala kujuga, tagades maksimaalse mugavuse. .Kummine reljeefne\u00a0 v\u00e4listald on vastupidav ning h\u00e4sti haarduv.<\/p>\n<p>&nbsp;<\/p>\n<p>\u2022 Vegannahast-\u00a0 mugavad ja hingavad( ftalaadi ja azo vabad)<br \/>\n\u2022 Valminud k\u00e4sit\u00f6\u00f6na \ud83e\udea1<br \/>\n\u2022 Solvendivabad v\u00e4rvid<br \/>\n\u2022 5-aasaline paelkinnitus<\/p>\n<p>\u2022Kummine\u00a0 reljeefne tald<br \/>\n\u2022Kontsak\u00f5rgus -3 cm<br \/>\n\u2022 Tugevdatud kand<\/p>\n<p>\u2022Seest tekstiilvooder<br \/>\n\u2022 P\u00e4ritoluriik: T\u00fcrgi<\/p>\n<p>Sisetallapikkus &#8211;<\/p>\n<p>nr.37 &#8211; 24 cm<\/p>\n<p>nr.41 &#8211; 26,5 cm<\/p>\n","protected":false},"excerpt":{"rendered":"<p>Maksimaalselt mugavad ja m\u00f5nusad t\u00e4navakingad v\u00f5rratu v\u00e4rvirikka isikup\u00e4rase disainiga .<\/p>\n<p>&nbsp;<\/p>\n<p>&nbsp;<\/p>\n<p>&nbsp;<\/p>\n","protected":false},"featured_media":8034,"comment_status":"open","ping_status":"closed","template":"","meta":{"_acf_changed":false},"product_brand":[],"product_cat":[131,130,133,222,157,166,143],"product_tag":[],"class_list":{"0":"post-4153","1":"product","2":"type-product","3":"status-publish","4":"has-post-thumbnail","6":"product_cat-jalanoud-ru","7":"product_cat-koik-tooted-ru","8":"product_cat-naised-ru","9":"product_cat-new-ru","10":"product_cat-oxford-kingad-jalanoud-ru","11":"product_cat-unisex-ru","12":"product_cat-vabaajajalatsid-ru","14":"first","15":"instock","16":"sale","17":"sold-individually","18":"taxable","19":"shipping-taxable","20":"purchasable","21":"product-type-variable","22":"has-default-attributes"},"acf":[],"yoast_head":"<!-- This site is optimized with the Yoast SEO plugin v27.5 - https:\/\/yoast.com\/product\/yoast-seo-wordpress\/ -->\n<title>MySkull Oxford kingad | Deanna Kingastuudio<\/title>\n<meta name=\"description\" content=\"Maksimaalselt mugavad ja m\u00f5nusad t\u00e4navakingad v\u00f5rratu v\u00e4rvirikka isikup\u00e4rase disainiga .  &nbsp;  &nbsp;  &nbsp; Deanna Kingastuudio\" \/>\n<meta name=\"robots\" content=\"index, follow, max-snippet:-1, max-image-preview:large, max-video-preview:-1\" \/>\n<link rel=\"canonical\" href=\"https:\/\/deanna.ee\/ru\/jalanoud\/myskull-oxford-kingad\/\" \/>\n<meta property=\"og:locale\" content=\"ru_RU\" \/>\n<meta property=\"og:type\" content=\"article\" \/>\n<meta property=\"og:title\" content=\"MySkull Oxford kingad | Deanna Kingastuudio\" \/>\n<meta property=\"og:description\" content=\"Maksimaalselt mugavad ja m\u00f5nusad t\u00e4navakingad v\u00f5rratu v\u00e4rvirikka isikup\u00e4rase disainiga .  &nbsp;  &nbsp;  &nbsp; Deanna Kingastuudio\" \/>\n<meta property=\"og:url\" content=\"https:\/\/deanna.ee\/ru\/jalanoud\/myskull-oxford-kingad\/\" \/>\n<meta property=\"og:site_name\" content=\"Deanna Kingastuudio\" \/>\n<meta property=\"article:publisher\" content=\"https:\/\/www.facebook.com\/Deannakingastuudio\" \/>\n<meta property=\"article:modified_time\" content=\"2026-04-26T16:21:15+00:00\" \/>\n<meta property=\"og:image\" content=\"https:\/\/deanna.ee\/wp-content\/uploads\/2022\/06\/337514297_1595992810876446_8388658030315390175_n.jpg\" \/>\n\t<meta property=\"og:image:width\" content=\"1290\" \/>\n\t<meta property=\"og:image:height\" content=\"1720\" \/>\n\t<meta property=\"og:image:type\" content=\"image\/jpeg\" \/>\n<meta name=\"twitter:card\" content=\"summary_large_image\" \/>\n<meta name=\"twitter:label1\" content=\"\u041f\u0440\u0438\u043c\u0435\u0440\u043d\u043e\u0435 \u0432\u0440\u0435\u043c\u044f \u0434\u043b\u044f \u0447\u0442\u0435\u043d\u0438\u044f\" \/>\n\t<meta name=\"twitter:data1\" content=\"1 \u043c\u0438\u043d\u0443\u0442\u0430\" \/>\n<script type=\"application\/ld+json\" class=\"yoast-schema-graph\">{\"@context\":\"https:\\\/\\\/schema.org\",\"@graph\":[{\"@type\":\"WebPage\",\"@id\":\"https:\\\/\\\/deanna.ee\\\/ru\\\/jalanoud\\\/myskull-oxford-kingad\\\/\",\"url\":\"https:\\\/\\\/deanna.ee\\\/ru\\\/jalanoud\\\/myskull-oxford-kingad\\\/\",\"name\":\"MySkull Oxford kingad | Deanna Kingastuudio\",\"isPartOf\":{\"@id\":\"https:\\\/\\\/deanna.ee\\\/#website\"},\"primaryImageOfPage\":{\"@id\":\"https:\\\/\\\/deanna.ee\\\/ru\\\/jalanoud\\\/myskull-oxford-kingad\\\/#primaryimage\"},\"image\":{\"@id\":\"https:\\\/\\\/deanna.ee\\\/ru\\\/jalanoud\\\/myskull-oxford-kingad\\\/#primaryimage\"},\"thumbnailUrl\":\"https:\\\/\\\/deanna.ee\\\/wp-content\\\/uploads\\\/2022\\\/06\\\/337514297_1595992810876446_8388658030315390175_n.jpg\",\"datePublished\":\"2022-06-27T17:38:05+00:00\",\"dateModified\":\"2026-04-26T16:21:15+00:00\",\"description\":\"Maksimaalselt mugavad ja m\u00f5nusad t\u00e4navakingad v\u00f5rratu v\u00e4rvirikka isikup\u00e4rase disainiga . &nbsp; &nbsp; &nbsp; Deanna Kingastuudio\",\"breadcrumb\":{\"@id\":\"https:\\\/\\\/deanna.ee\\\/ru\\\/jalanoud\\\/myskull-oxford-kingad\\\/#breadcrumb\"},\"inLanguage\":\"ru-RU\",\"potentialAction\":[{\"@type\":\"ReadAction\",\"target\":[\"https:\\\/\\\/deanna.ee\\\/ru\\\/jalanoud\\\/myskull-oxford-kingad\\\/\"]}]},{\"@type\":\"ImageObject\",\"inLanguage\":\"ru-RU\",\"@id\":\"https:\\\/\\\/deanna.ee\\\/ru\\\/jalanoud\\\/myskull-oxford-kingad\\\/#primaryimage\",\"url\":\"https:\\\/\\\/deanna.ee\\\/wp-content\\\/uploads\\\/2022\\\/06\\\/337514297_1595992810876446_8388658030315390175_n.jpg\",\"contentUrl\":\"https:\\\/\\\/deanna.ee\\\/wp-content\\\/uploads\\\/2022\\\/06\\\/337514297_1595992810876446_8388658030315390175_n.jpg\",\"width\":1290,\"height\":1720},{\"@type\":\"BreadcrumbList\",\"@id\":\"https:\\\/\\\/deanna.ee\\\/ru\\\/jalanoud\\\/myskull-oxford-kingad\\\/#breadcrumb\",\"itemListElement\":[{\"@type\":\"ListItem\",\"position\":1,\"name\":\"Kodu\",\"item\":\"https:\\\/\\\/deanna.ee\\\/\"},{\"@type\":\"ListItem\",\"position\":2,\"name\":\"Pood\",\"item\":\"https:\\\/\\\/deanna.ee\\\/pood\\\/\"},{\"@type\":\"ListItem\",\"position\":3,\"name\":\"MySkull Oxford kingad\"}]},{\"@type\":\"WebSite\",\"@id\":\"https:\\\/\\\/deanna.ee\\\/#website\",\"url\":\"https:\\\/\\\/deanna.ee\\\/\",\"name\":\"Deanna Kingastuudio\",\"description\":\"Jalatsite m\u00fc\u00fck\",\"publisher\":{\"@id\":\"https:\\\/\\\/deanna.ee\\\/#organization\"},\"potentialAction\":[{\"@type\":\"SearchAction\",\"target\":{\"@type\":\"EntryPoint\",\"urlTemplate\":\"https:\\\/\\\/deanna.ee\\\/?s={search_term_string}\"},\"query-input\":{\"@type\":\"PropertyValueSpecification\",\"valueRequired\":true,\"valueName\":\"search_term_string\"}}],\"inLanguage\":\"ru-RU\"},{\"@type\":\"Organization\",\"@id\":\"https:\\\/\\\/deanna.ee\\\/#organization\",\"name\":\"Deanna O\u00dc\",\"url\":\"https:\\\/\\\/deanna.ee\\\/\",\"logo\":{\"@type\":\"ImageObject\",\"inLanguage\":\"ru-RU\",\"@id\":\"https:\\\/\\\/deanna.ee\\\/#\\\/schema\\\/logo\\\/image\\\/\",\"url\":\"https:\\\/\\\/deanna.ee\\\/wp-content\\\/uploads\\\/2022\\\/03\\\/Deanna-logo.png\",\"contentUrl\":\"https:\\\/\\\/deanna.ee\\\/wp-content\\\/uploads\\\/2022\\\/03\\\/Deanna-logo.png\",\"width\":909,\"height\":262,\"caption\":\"Deanna O\u00dc\"},\"image\":{\"@id\":\"https:\\\/\\\/deanna.ee\\\/#\\\/schema\\\/logo\\\/image\\\/\"},\"sameAs\":[\"https:\\\/\\\/www.facebook.com\\\/Deannakingastuudio\",\"https:\\\/\\\/www.instagram.com\\\/deannakingastuudio\\\/\"]}]}<\/script>\n<!-- \/ Yoast SEO plugin. -->","yoast_head_json":{"title":"MySkull Oxford kingad | Deanna Kingastuudio","description":"Maksimaalselt mugavad ja m\u00f5nusad t\u00e4navakingad v\u00f5rratu v\u00e4rvirikka isikup\u00e4rase disainiga .  &nbsp;  &nbsp;  &nbsp; Deanna Kingastuudio","robots":{"index":"index","follow":"follow","max-snippet":"max-snippet:-1","max-image-preview":"max-image-preview:large","max-video-preview":"max-video-preview:-1"},"canonical":"https:\/\/deanna.ee\/ru\/jalanoud\/myskull-oxford-kingad\/","og_locale":"ru_RU","og_type":"article","og_title":"MySkull Oxford kingad | Deanna Kingastuudio","og_description":"Maksimaalselt mugavad ja m\u00f5nusad t\u00e4navakingad v\u00f5rratu v\u00e4rvirikka isikup\u00e4rase disainiga .  &nbsp;  &nbsp;  &nbsp; Deanna Kingastuudio","og_url":"https:\/\/deanna.ee\/ru\/jalanoud\/myskull-oxford-kingad\/","og_site_name":"Deanna Kingastuudio","article_publisher":"https:\/\/www.facebook.com\/Deannakingastuudio","article_modified_time":"2026-04-26T16:21:15+00:00","og_image":[{"width":1290,"height":1720,"url":"https:\/\/deanna.ee\/wp-content\/uploads\/2022\/06\/337514297_1595992810876446_8388658030315390175_n.jpg","type":"image\/jpeg"}],"twitter_card":"summary_large_image","twitter_misc":{"\u041f\u0440\u0438\u043c\u0435\u0440\u043d\u043e\u0435 \u0432\u0440\u0435\u043c\u044f \u0434\u043b\u044f \u0447\u0442\u0435\u043d\u0438\u044f":"1 \u043c\u0438\u043d\u0443\u0442\u0430"},"schema":{"@context":"https:\/\/schema.org","@graph":[{"@type":"WebPage","@id":"https:\/\/deanna.ee\/ru\/jalanoud\/myskull-oxford-kingad\/","url":"https:\/\/deanna.ee\/ru\/jalanoud\/myskull-oxford-kingad\/","name":"MySkull Oxford kingad | Deanna Kingastuudio","isPartOf":{"@id":"https:\/\/deanna.ee\/#website"},"primaryImageOfPage":{"@id":"https:\/\/deanna.ee\/ru\/jalanoud\/myskull-oxford-kingad\/#primaryimage"},"image":{"@id":"https:\/\/deanna.ee\/ru\/jalanoud\/myskull-oxford-kingad\/#primaryimage"},"thumbnailUrl":"https:\/\/deanna.ee\/wp-content\/uploads\/2022\/06\/337514297_1595992810876446_8388658030315390175_n.jpg","datePublished":"2022-06-27T17:38:05+00:00","dateModified":"2026-04-26T16:21:15+00:00","description":"Maksimaalselt mugavad ja m\u00f5nusad t\u00e4navakingad v\u00f5rratu v\u00e4rvirikka isikup\u00e4rase disainiga . &nbsp; &nbsp; &nbsp; Deanna Kingastuudio","breadcrumb":{"@id":"https:\/\/deanna.ee\/ru\/jalanoud\/myskull-oxford-kingad\/#breadcrumb"},"inLanguage":"ru-RU","potentialAction":[{"@type":"ReadAction","target":["https:\/\/deanna.ee\/ru\/jalanoud\/myskull-oxford-kingad\/"]}]},{"@type":"ImageObject","inLanguage":"ru-RU","@id":"https:\/\/deanna.ee\/ru\/jalanoud\/myskull-oxford-kingad\/#primaryimage","url":"https:\/\/deanna.ee\/wp-content\/uploads\/2022\/06\/337514297_1595992810876446_8388658030315390175_n.jpg","contentUrl":"https:\/\/deanna.ee\/wp-content\/uploads\/2022\/06\/337514297_1595992810876446_8388658030315390175_n.jpg","width":1290,"height":1720},{"@type":"BreadcrumbList","@id":"https:\/\/deanna.ee\/ru\/jalanoud\/myskull-oxford-kingad\/#breadcrumb","itemListElement":[{"@type":"ListItem","position":1,"name":"Kodu","item":"https:\/\/deanna.ee\/"},{"@type":"ListItem","position":2,"name":"Pood","item":"https:\/\/deanna.ee\/pood\/"},{"@type":"ListItem","position":3,"name":"MySkull Oxford kingad"}]},{"@type":"WebSite","@id":"https:\/\/deanna.ee\/#website","url":"https:\/\/deanna.ee\/","name":"Deanna Kingastuudio","description":"Jalatsite m\u00fc\u00fck","publisher":{"@id":"https:\/\/deanna.ee\/#organization"},"potentialAction":[{"@type":"SearchAction","target":{"@type":"EntryPoint","urlTemplate":"https:\/\/deanna.ee\/?s={search_term_string}"},"query-input":{"@type":"PropertyValueSpecification","valueRequired":true,"valueName":"search_term_string"}}],"inLanguage":"ru-RU"},{"@type":"Organization","@id":"https:\/\/deanna.ee\/#organization","name":"Deanna O\u00dc","url":"https:\/\/deanna.ee\/","logo":{"@type":"ImageObject","inLanguage":"ru-RU","@id":"https:\/\/deanna.ee\/#\/schema\/logo\/image\/","url":"https:\/\/deanna.ee\/wp-content\/uploads\/2022\/03\/Deanna-logo.png","contentUrl":"https:\/\/deanna.ee\/wp-content\/uploads\/2022\/03\/Deanna-logo.png","width":909,"height":262,"caption":"Deanna O\u00dc"},"image":{"@id":"https:\/\/deanna.ee\/#\/schema\/logo\/image\/"},"sameAs":["https:\/\/www.facebook.com\/Deannakingastuudio","https:\/\/www.instagram.com\/deannakingastuudio\/"]}]}},"_links":{"self":[{"href":"https:\/\/deanna.ee\/ru\/wp-json\/wp\/v2\/product\/4153","targetHints":{"allow":["GET"]}}],"collection":[{"href":"https:\/\/deanna.ee\/ru\/wp-json\/wp\/v2\/product"}],"about":[{"href":"https:\/\/deanna.ee\/ru\/wp-json\/wp\/v2\/types\/product"}],"replies":[{"embeddable":true,"href":"https:\/\/deanna.ee\/ru\/wp-json\/wp\/v2\/comments?post=4153"}],"wp:featuredmedia":[{"embeddable":true,"href":"https:\/\/deanna.ee\/ru\/wp-json\/wp\/v2\/media\/8034"}],"wp:attachment":[{"href":"https:\/\/deanna.ee\/ru\/wp-json\/wp\/v2\/media?parent=4153"}],"wp:term":[{"taxonomy":"product_brand","embeddable":true,"href":"https:\/\/deanna.ee\/ru\/wp-json\/wp\/v2\/product_brand?post=4153"},{"taxonomy":"product_cat","embeddable":true,"href":"https:\/\/deanna.ee\/ru\/wp-json\/wp\/v2\/product_cat?post=4153"},{"taxonomy":"product_tag","embeddable":true,"href":"https:\/\/deanna.ee\/ru\/wp-json\/wp\/v2\/product_tag?post=4153"}],"curies":[{"name":"wp","href":"https:\/\/api.w.org\/{rel}","templated":true}]}}