{"id":3331,"date":"2022-04-06T15:37:39","date_gmt":"2022-04-06T13:37:39","guid":{"rendered":"https:\/\/deanna.ee\/?post_type=product&#038;p=3331"},"modified":"2023-04-24T10:55:30","modified_gmt":"2023-04-24T08:55:30","slug":"mypeacock-kontssaapad","status":"publish","type":"product","link":"https:\/\/deanna.ee\/ru\/jalanoud\/mypeacock-kontssaapad\/","title":{"rendered":"MyPeacock kontssaapad"},"content":{"rendered":"<div class=\"kvgmc6g5 cxmmr5t8 oygrvhab hcukyx3x c1et5uql\">Paabulinnu disainiga\u00a0 madalad kevadsaapad\u00a0 platvorm tallal\u00a0 madala kontsaga.<\/div>\n<div>Sobivad kevad-s\u00fcgis hooajal kandmiseks.\u00a0 Sisemust vooderdab pehme tekstiil ning sisetald on m\u00e4luvahust pehmendusega, mis kohandub jala kujuga.Mugavust lisab talla k\u00f5rgem vorm, mis kontsast on 5,5 cm ja p\u00e4ka alt 2,5 cm.<\/div>\n<div><\/div>\n<div class=\"cxmmr5t8 oygrvhab hcukyx3x c1et5uql o9v6fnle\">\u2022 Vegan nahast &#8211; kerged ,mugavad ja hingavad( ftalaadi ja azo vabad)<\/div>\n<div class=\"cxmmr5t8 oygrvhab hcukyx3x c1et5uql o9v6fnle\">\u2022 Valminud k\u00e4sit\u00f6\u00f6na \ud83e\udea1<\/div>\n<div class=\"cxmmr5t8 oygrvhab hcukyx3x c1et5uql o9v6fnle\">\u2022 Solvendivabad v\u00e4rvid<\/div>\n<div class=\"cxmmr5t8 oygrvhab hcukyx3x c1et5uql o9v6fnle\">\u2022 5-aasaline paelkinnitus<\/div>\n<div class=\"cxmmr5t8 oygrvhab hcukyx3x c1et5uql o9v6fnle\">\u2022 Tallak\u00f5rgus &#8211; 2 sm<\/div>\n<div class=\"cxmmr5t8 oygrvhab hcukyx3x c1et5uql o9v6fnle\">\u2022Kontsak\u00f5rgus -5,5 cm<\/div>\n<div class=\"cxmmr5t8 oygrvhab hcukyx3x c1et5uql o9v6fnle\">\u2022 Tugevdatud kand \u2022<\/div>\n<div class=\"cxmmr5t8 oygrvhab hcukyx3x c1et5uql o9v6fnle\">\u2022 Pehmendusega sisetald<\/div>\n<div class=\"cxmmr5t8 oygrvhab hcukyx3x c1et5uql o9v6fnle\">\u2022\u00a0 Puuvillane vooder<\/div>\n<div class=\"cxmmr5t8 oygrvhab hcukyx3x c1et5uql o9v6fnle\">\u2022 P\u00e4ritoluriik: T\u00fcrgi<\/div>\n<div>\n<p>Sisetallapikkus saapa seest m\u00f5\u00f5detuna &#8211;<\/p>\n<p>nr.36\u00a0 &#8211; 22 cm<\/p>\n<p>&nbsp;<\/p>\n<\/div>\n","protected":false},"excerpt":{"rendered":"<div class=\"kvgmc6g5 cxmmr5t8 oygrvhab hcukyx3x c1et5uql ii04i59q\">\n<div dir=\"auto\">Eriti uhke disainiga saapad &#8211; eks see paabulind on ju \u00fcks eriti uhke lind <span class=\"pq6dq46d tbxw36s4 knj5qynh kvgmc6g5 ditlmg2l oygrvhab nvdbi5me sf5mxxl7 gl3lb2sf hhz5lgdu\"><img loading=\"lazy\" decoding=\"async\" src=\"https:\/\/static.xx.fbcdn.net\/images\/emoji.php\/v9\/t32\/1.5\/16\/1f99a.png\" alt=\"\ud83e\udd9a\" width=\"16\" height=\"16\" \/><\/span><\/div>\n<\/div>\n<div class=\"cxmmr5t8 oygrvhab hcukyx3x c1et5uql o9v6fnle ii04i59q\">\n<div dir=\"auto\">Ja kus juures &#8211; mugavuse ohverdust selle saapa puhul pole tarvis !<\/div>\n<div dir=\"auto\">Mugav kontsa k\u00f5rgus ja platvormtalla kooslus ei v\u00e4sita jalgu ja saabki terve p\u00e4ev uhkusega kepsida.<\/div>\n<\/div>\n<div class=\"cxmmr5t8 oygrvhab hcukyx3x c1et5uql o9v6fnle ii04i59q\">\n<div dir=\"auto\"><\/div>\n<div dir=\"auto\"><span class=\"product-message\"><strong>PROOVI neid\u00a0 Deanna Kingastuudios \u2013 Kivimurru 20\/1 Tallinn mob.56673263 v\u00f5i telli l\u00e4himasse pakiautommati ! Tarneaeg 2-3 tp<\/strong><\/span><\/div>\n<div dir=\"auto\">\n<div><strong>Tagastamine &amp; vahetamine TASUTA.<\/strong><\/div>\n<p><strong><span class=\"il\">Maksa hiljem v\u00f5i maksa kahes osas!<\/span><\/strong><\/p>\n<p><span class=\"il\">Saad<\/span>\u00a0ostu eest tasuda KUU aja p\u00e4rast v\u00f5i 2 OSAS ilma \u00fchegi lisatasuta \u2013\u00a0<strong>0% intress,0 \u20ac lepingutasu ja 0 \u20ac haldustasu.<\/strong><\/p>\n<p><b><\/b>Transport: al.2.99 \u20ac, al. 100\u20ac ostust Omniva ja Smartposti automaati<strong>\u00a0tasuta<\/strong>!<\/p>\n<p>Sisetallapikkus saapa seest m\u00f5\u00f5detuna &#8211;<\/p>\n<p>nr.36\u00a0 &#8211; 22 cm<\/p>\n<p>&nbsp;<\/p>\n<\/div>\n<\/div>\n","protected":false},"featured_media":7929,"comment_status":"open","ping_status":"closed","template":"","meta":{"_acf_changed":false},"product_brand":[],"product_cat":[131,130,146,133],"product_tag":[],"class_list":{"0":"post-3331","1":"product","2":"type-product","3":"status-publish","4":"has-post-thumbnail","6":"product_cat-jalanoud-ru","7":"product_cat-koik-tooted-ru","8":"product_cat-kontssaapad-ru","9":"product_cat-naised-ru","11":"first","12":"instock","13":"sale","14":"sold-individually","15":"taxable","16":"shipping-taxable","17":"purchasable","18":"product-type-variable"},"acf":[],"yoast_head":"<!-- This site is optimized with the Yoast SEO plugin v27.5 - https:\/\/yoast.com\/product\/yoast-seo-wordpress\/ -->\n<title>MyPeacock kontssaapad | Deanna Kingastuudio<\/title>\n<meta name=\"description\" content=\"Eriti uhke disainiga saapad - eks see paabulind on ju \u00fcks eriti uhke lind    Ja kus juures - mugavuse ohverdust selle saapa puhul pole tarvis ! Mugav kontsa k\u00f5rgus ja platvormtalla kooslus ei v\u00e4sita jalgu ja saabki terve p\u00e4ev uhkusega kepsida.    PROOVI neid\u00a0 Deanna Kingastuudios \u2013 Kivimurru 20\/1 Tallinn mob.56673263 v\u00f5i telli l\u00e4himasse pakiautommati ! Tarneaeg 2-3 tp  Tagastamine &amp; vahetamine TASUTA. Maksa hiljem v\u00f5i maksa kahes osas!  Saad\u00a0ostu eest tasuda KUU aja p\u00e4rast v\u00f5i 2 OSAS ilma \u00fchegi lisatasuta \u2013\u00a00% intress,0 \u20ac lepingutasu ja 0 \u20ac haldustasu.  Transport: al.2.99 \u20ac, al. 100\u20ac ostust Omniva ja Smartposti automaati\u00a0tasuta!  Sisetallapikkus saapa seest m\u00f5\u00f5detuna -  nr.36\u00a0 - 22 cm  &nbsp; Deanna Kingastuudio\" \/>\n<meta name=\"robots\" content=\"index, follow, max-snippet:-1, max-image-preview:large, max-video-preview:-1\" \/>\n<link rel=\"canonical\" href=\"https:\/\/deanna.ee\/ru\/jalanoud\/mypeacock-kontssaapad\/\" \/>\n<meta property=\"og:locale\" content=\"ru_RU\" \/>\n<meta property=\"og:type\" content=\"article\" \/>\n<meta property=\"og:title\" content=\"MyPeacock kontssaapad | Deanna Kingastuudio\" \/>\n<meta property=\"og:description\" content=\"Eriti uhke disainiga saapad - eks see paabulind on ju \u00fcks eriti uhke lind    Ja kus juures - mugavuse ohverdust selle saapa puhul pole tarvis ! Mugav kontsa k\u00f5rgus ja platvormtalla kooslus ei v\u00e4sita jalgu ja saabki terve p\u00e4ev uhkusega kepsida.    PROOVI neid\u00a0 Deanna Kingastuudios \u2013 Kivimurru 20\/1 Tallinn mob.56673263 v\u00f5i telli l\u00e4himasse pakiautommati ! Tarneaeg 2-3 tp  Tagastamine &amp; vahetamine TASUTA. Maksa hiljem v\u00f5i maksa kahes osas!  Saad\u00a0ostu eest tasuda KUU aja p\u00e4rast v\u00f5i 2 OSAS ilma \u00fchegi lisatasuta \u2013\u00a00% intress,0 \u20ac lepingutasu ja 0 \u20ac haldustasu.  Transport: al.2.99 \u20ac, al. 100\u20ac ostust Omniva ja Smartposti automaati\u00a0tasuta!  Sisetallapikkus saapa seest m\u00f5\u00f5detuna -  nr.36\u00a0 - 22 cm  &nbsp; Deanna Kingastuudio\" \/>\n<meta property=\"og:url\" content=\"https:\/\/deanna.ee\/ru\/jalanoud\/mypeacock-kontssaapad\/\" \/>\n<meta property=\"og:site_name\" content=\"Deanna Kingastuudio\" \/>\n<meta property=\"article:publisher\" content=\"https:\/\/www.facebook.com\/Deannakingastuudio\" \/>\n<meta property=\"article:modified_time\" content=\"2023-04-24T08:55:30+00:00\" \/>\n<meta property=\"og:image\" content=\"https:\/\/deanna.ee\/wp-content\/uploads\/2022\/04\/334570900_524082823012659_5250188820810910040_n.jpg\" \/>\n\t<meta property=\"og:image:width\" content=\"1290\" \/>\n\t<meta property=\"og:image:height\" content=\"1720\" \/>\n\t<meta property=\"og:image:type\" content=\"image\/jpeg\" \/>\n<meta name=\"twitter:card\" content=\"summary_large_image\" \/>\n<script type=\"application\/ld+json\" class=\"yoast-schema-graph\">{\"@context\":\"https:\\\/\\\/schema.org\",\"@graph\":[{\"@type\":\"WebPage\",\"@id\":\"https:\\\/\\\/deanna.ee\\\/ru\\\/jalanoud\\\/mypeacock-kontssaapad\\\/\",\"url\":\"https:\\\/\\\/deanna.ee\\\/ru\\\/jalanoud\\\/mypeacock-kontssaapad\\\/\",\"name\":\"MyPeacock kontssaapad | Deanna Kingastuudio\",\"isPartOf\":{\"@id\":\"https:\\\/\\\/deanna.ee\\\/#website\"},\"primaryImageOfPage\":{\"@id\":\"https:\\\/\\\/deanna.ee\\\/ru\\\/jalanoud\\\/mypeacock-kontssaapad\\\/#primaryimage\"},\"image\":{\"@id\":\"https:\\\/\\\/deanna.ee\\\/ru\\\/jalanoud\\\/mypeacock-kontssaapad\\\/#primaryimage\"},\"thumbnailUrl\":\"https:\\\/\\\/deanna.ee\\\/wp-content\\\/uploads\\\/2022\\\/04\\\/334570900_524082823012659_5250188820810910040_n.jpg\",\"datePublished\":\"2022-04-06T13:37:39+00:00\",\"dateModified\":\"2023-04-24T08:55:30+00:00\",\"description\":\"Eriti uhke disainiga saapad - eks see paabulind on ju \u00fcks eriti uhke lind Ja kus juures - mugavuse ohverdust selle saapa puhul pole tarvis ! Mugav kontsa k\u00f5rgus ja platvormtalla kooslus ei v\u00e4sita jalgu ja saabki terve p\u00e4ev uhkusega kepsida. PROOVI neid\u00a0 Deanna Kingastuudios \u2013 Kivimurru 20\\\/1 Tallinn mob.56673263 v\u00f5i telli l\u00e4himasse pakiautommati ! Tarneaeg 2-3 tp Tagastamine &amp; vahetamine TASUTA. Maksa hiljem v\u00f5i maksa kahes osas! Saad\u00a0ostu eest tasuda KUU aja p\u00e4rast v\u00f5i 2 OSAS ilma \u00fchegi lisatasuta \u2013\u00a00% intress,0 \u20ac lepingutasu ja 0 \u20ac haldustasu. Transport: al.2.99 \u20ac, al. 100\u20ac ostust Omniva ja Smartposti automaati\u00a0tasuta! Sisetallapikkus saapa seest m\u00f5\u00f5detuna - nr.36\u00a0 - 22 cm &nbsp; Deanna Kingastuudio\",\"breadcrumb\":{\"@id\":\"https:\\\/\\\/deanna.ee\\\/ru\\\/jalanoud\\\/mypeacock-kontssaapad\\\/#breadcrumb\"},\"inLanguage\":\"ru-RU\",\"potentialAction\":[{\"@type\":\"ReadAction\",\"target\":[\"https:\\\/\\\/deanna.ee\\\/ru\\\/jalanoud\\\/mypeacock-kontssaapad\\\/\"]}]},{\"@type\":\"ImageObject\",\"inLanguage\":\"ru-RU\",\"@id\":\"https:\\\/\\\/deanna.ee\\\/ru\\\/jalanoud\\\/mypeacock-kontssaapad\\\/#primaryimage\",\"url\":\"https:\\\/\\\/deanna.ee\\\/wp-content\\\/uploads\\\/2022\\\/04\\\/334570900_524082823012659_5250188820810910040_n.jpg\",\"contentUrl\":\"https:\\\/\\\/deanna.ee\\\/wp-content\\\/uploads\\\/2022\\\/04\\\/334570900_524082823012659_5250188820810910040_n.jpg\",\"width\":1290,\"height\":1720},{\"@type\":\"BreadcrumbList\",\"@id\":\"https:\\\/\\\/deanna.ee\\\/ru\\\/jalanoud\\\/mypeacock-kontssaapad\\\/#breadcrumb\",\"itemListElement\":[{\"@type\":\"ListItem\",\"position\":1,\"name\":\"Kodu\",\"item\":\"https:\\\/\\\/deanna.ee\\\/\"},{\"@type\":\"ListItem\",\"position\":2,\"name\":\"Pood\",\"item\":\"https:\\\/\\\/deanna.ee\\\/pood\\\/\"},{\"@type\":\"ListItem\",\"position\":3,\"name\":\"MyPeacock kontssaapad\"}]},{\"@type\":\"WebSite\",\"@id\":\"https:\\\/\\\/deanna.ee\\\/#website\",\"url\":\"https:\\\/\\\/deanna.ee\\\/\",\"name\":\"Deanna Kingastuudio\",\"description\":\"Jalatsite m\u00fc\u00fck\",\"publisher\":{\"@id\":\"https:\\\/\\\/deanna.ee\\\/#organization\"},\"potentialAction\":[{\"@type\":\"SearchAction\",\"target\":{\"@type\":\"EntryPoint\",\"urlTemplate\":\"https:\\\/\\\/deanna.ee\\\/?s={search_term_string}\"},\"query-input\":{\"@type\":\"PropertyValueSpecification\",\"valueRequired\":true,\"valueName\":\"search_term_string\"}}],\"inLanguage\":\"ru-RU\"},{\"@type\":\"Organization\",\"@id\":\"https:\\\/\\\/deanna.ee\\\/#organization\",\"name\":\"Deanna O\u00dc\",\"url\":\"https:\\\/\\\/deanna.ee\\\/\",\"logo\":{\"@type\":\"ImageObject\",\"inLanguage\":\"ru-RU\",\"@id\":\"https:\\\/\\\/deanna.ee\\\/#\\\/schema\\\/logo\\\/image\\\/\",\"url\":\"https:\\\/\\\/deanna.ee\\\/wp-content\\\/uploads\\\/2022\\\/03\\\/Deanna-logo.png\",\"contentUrl\":\"https:\\\/\\\/deanna.ee\\\/wp-content\\\/uploads\\\/2022\\\/03\\\/Deanna-logo.png\",\"width\":909,\"height\":262,\"caption\":\"Deanna O\u00dc\"},\"image\":{\"@id\":\"https:\\\/\\\/deanna.ee\\\/#\\\/schema\\\/logo\\\/image\\\/\"},\"sameAs\":[\"https:\\\/\\\/www.facebook.com\\\/Deannakingastuudio\",\"https:\\\/\\\/www.instagram.com\\\/deannakingastuudio\\\/\"]}]}<\/script>\n<!-- \/ Yoast SEO plugin. -->","yoast_head_json":{"title":"MyPeacock kontssaapad | Deanna Kingastuudio","description":"Eriti uhke disainiga saapad - eks see paabulind on ju \u00fcks eriti uhke lind    Ja kus juures - mugavuse ohverdust selle saapa puhul pole tarvis ! Mugav kontsa k\u00f5rgus ja platvormtalla kooslus ei v\u00e4sita jalgu ja saabki terve p\u00e4ev uhkusega kepsida.    PROOVI neid\u00a0 Deanna Kingastuudios \u2013 Kivimurru 20\/1 Tallinn mob.56673263 v\u00f5i telli l\u00e4himasse pakiautommati ! Tarneaeg 2-3 tp  Tagastamine &amp; vahetamine TASUTA. Maksa hiljem v\u00f5i maksa kahes osas!  Saad\u00a0ostu eest tasuda KUU aja p\u00e4rast v\u00f5i 2 OSAS ilma \u00fchegi lisatasuta \u2013\u00a00% intress,0 \u20ac lepingutasu ja 0 \u20ac haldustasu.  Transport: al.2.99 \u20ac, al. 100\u20ac ostust Omniva ja Smartposti automaati\u00a0tasuta!  Sisetallapikkus saapa seest m\u00f5\u00f5detuna -  nr.36\u00a0 - 22 cm  &nbsp; Deanna Kingastuudio","robots":{"index":"index","follow":"follow","max-snippet":"max-snippet:-1","max-image-preview":"max-image-preview:large","max-video-preview":"max-video-preview:-1"},"canonical":"https:\/\/deanna.ee\/ru\/jalanoud\/mypeacock-kontssaapad\/","og_locale":"ru_RU","og_type":"article","og_title":"MyPeacock kontssaapad | Deanna Kingastuudio","og_description":"Eriti uhke disainiga saapad - eks see paabulind on ju \u00fcks eriti uhke lind    Ja kus juures - mugavuse ohverdust selle saapa puhul pole tarvis ! Mugav kontsa k\u00f5rgus ja platvormtalla kooslus ei v\u00e4sita jalgu ja saabki terve p\u00e4ev uhkusega kepsida.    PROOVI neid\u00a0 Deanna Kingastuudios \u2013 Kivimurru 20\/1 Tallinn mob.56673263 v\u00f5i telli l\u00e4himasse pakiautommati ! Tarneaeg 2-3 tp  Tagastamine &amp; vahetamine TASUTA. Maksa hiljem v\u00f5i maksa kahes osas!  Saad\u00a0ostu eest tasuda KUU aja p\u00e4rast v\u00f5i 2 OSAS ilma \u00fchegi lisatasuta \u2013\u00a00% intress,0 \u20ac lepingutasu ja 0 \u20ac haldustasu.  Transport: al.2.99 \u20ac, al. 100\u20ac ostust Omniva ja Smartposti automaati\u00a0tasuta!  Sisetallapikkus saapa seest m\u00f5\u00f5detuna -  nr.36\u00a0 - 22 cm  &nbsp; Deanna Kingastuudio","og_url":"https:\/\/deanna.ee\/ru\/jalanoud\/mypeacock-kontssaapad\/","og_site_name":"Deanna Kingastuudio","article_publisher":"https:\/\/www.facebook.com\/Deannakingastuudio","article_modified_time":"2023-04-24T08:55:30+00:00","og_image":[{"width":1290,"height":1720,"url":"https:\/\/deanna.ee\/wp-content\/uploads\/2022\/04\/334570900_524082823012659_5250188820810910040_n.jpg","type":"image\/jpeg"}],"twitter_card":"summary_large_image","schema":{"@context":"https:\/\/schema.org","@graph":[{"@type":"WebPage","@id":"https:\/\/deanna.ee\/ru\/jalanoud\/mypeacock-kontssaapad\/","url":"https:\/\/deanna.ee\/ru\/jalanoud\/mypeacock-kontssaapad\/","name":"MyPeacock kontssaapad | Deanna Kingastuudio","isPartOf":{"@id":"https:\/\/deanna.ee\/#website"},"primaryImageOfPage":{"@id":"https:\/\/deanna.ee\/ru\/jalanoud\/mypeacock-kontssaapad\/#primaryimage"},"image":{"@id":"https:\/\/deanna.ee\/ru\/jalanoud\/mypeacock-kontssaapad\/#primaryimage"},"thumbnailUrl":"https:\/\/deanna.ee\/wp-content\/uploads\/2022\/04\/334570900_524082823012659_5250188820810910040_n.jpg","datePublished":"2022-04-06T13:37:39+00:00","dateModified":"2023-04-24T08:55:30+00:00","description":"Eriti uhke disainiga saapad - eks see paabulind on ju \u00fcks eriti uhke lind Ja kus juures - mugavuse ohverdust selle saapa puhul pole tarvis ! Mugav kontsa k\u00f5rgus ja platvormtalla kooslus ei v\u00e4sita jalgu ja saabki terve p\u00e4ev uhkusega kepsida. PROOVI neid\u00a0 Deanna Kingastuudios \u2013 Kivimurru 20\/1 Tallinn mob.56673263 v\u00f5i telli l\u00e4himasse pakiautommati ! Tarneaeg 2-3 tp Tagastamine &amp; vahetamine TASUTA. Maksa hiljem v\u00f5i maksa kahes osas! Saad\u00a0ostu eest tasuda KUU aja p\u00e4rast v\u00f5i 2 OSAS ilma \u00fchegi lisatasuta \u2013\u00a00% intress,0 \u20ac lepingutasu ja 0 \u20ac haldustasu. Transport: al.2.99 \u20ac, al. 100\u20ac ostust Omniva ja Smartposti automaati\u00a0tasuta! Sisetallapikkus saapa seest m\u00f5\u00f5detuna - nr.36\u00a0 - 22 cm &nbsp; Deanna Kingastuudio","breadcrumb":{"@id":"https:\/\/deanna.ee\/ru\/jalanoud\/mypeacock-kontssaapad\/#breadcrumb"},"inLanguage":"ru-RU","potentialAction":[{"@type":"ReadAction","target":["https:\/\/deanna.ee\/ru\/jalanoud\/mypeacock-kontssaapad\/"]}]},{"@type":"ImageObject","inLanguage":"ru-RU","@id":"https:\/\/deanna.ee\/ru\/jalanoud\/mypeacock-kontssaapad\/#primaryimage","url":"https:\/\/deanna.ee\/wp-content\/uploads\/2022\/04\/334570900_524082823012659_5250188820810910040_n.jpg","contentUrl":"https:\/\/deanna.ee\/wp-content\/uploads\/2022\/04\/334570900_524082823012659_5250188820810910040_n.jpg","width":1290,"height":1720},{"@type":"BreadcrumbList","@id":"https:\/\/deanna.ee\/ru\/jalanoud\/mypeacock-kontssaapad\/#breadcrumb","itemListElement":[{"@type":"ListItem","position":1,"name":"Kodu","item":"https:\/\/deanna.ee\/"},{"@type":"ListItem","position":2,"name":"Pood","item":"https:\/\/deanna.ee\/pood\/"},{"@type":"ListItem","position":3,"name":"MyPeacock kontssaapad"}]},{"@type":"WebSite","@id":"https:\/\/deanna.ee\/#website","url":"https:\/\/deanna.ee\/","name":"Deanna Kingastuudio","description":"Jalatsite m\u00fc\u00fck","publisher":{"@id":"https:\/\/deanna.ee\/#organization"},"potentialAction":[{"@type":"SearchAction","target":{"@type":"EntryPoint","urlTemplate":"https:\/\/deanna.ee\/?s={search_term_string}"},"query-input":{"@type":"PropertyValueSpecification","valueRequired":true,"valueName":"search_term_string"}}],"inLanguage":"ru-RU"},{"@type":"Organization","@id":"https:\/\/deanna.ee\/#organization","name":"Deanna O\u00dc","url":"https:\/\/deanna.ee\/","logo":{"@type":"ImageObject","inLanguage":"ru-RU","@id":"https:\/\/deanna.ee\/#\/schema\/logo\/image\/","url":"https:\/\/deanna.ee\/wp-content\/uploads\/2022\/03\/Deanna-logo.png","contentUrl":"https:\/\/deanna.ee\/wp-content\/uploads\/2022\/03\/Deanna-logo.png","width":909,"height":262,"caption":"Deanna O\u00dc"},"image":{"@id":"https:\/\/deanna.ee\/#\/schema\/logo\/image\/"},"sameAs":["https:\/\/www.facebook.com\/Deannakingastuudio","https:\/\/www.instagram.com\/deannakingastuudio\/"]}]}},"_links":{"self":[{"href":"https:\/\/deanna.ee\/ru\/wp-json\/wp\/v2\/product\/3331","targetHints":{"allow":["GET"]}}],"collection":[{"href":"https:\/\/deanna.ee\/ru\/wp-json\/wp\/v2\/product"}],"about":[{"href":"https:\/\/deanna.ee\/ru\/wp-json\/wp\/v2\/types\/product"}],"replies":[{"embeddable":true,"href":"https:\/\/deanna.ee\/ru\/wp-json\/wp\/v2\/comments?post=3331"}],"wp:featuredmedia":[{"embeddable":true,"href":"https:\/\/deanna.ee\/ru\/wp-json\/wp\/v2\/media\/7929"}],"wp:attachment":[{"href":"https:\/\/deanna.ee\/ru\/wp-json\/wp\/v2\/media?parent=3331"}],"wp:term":[{"taxonomy":"product_brand","embeddable":true,"href":"https:\/\/deanna.ee\/ru\/wp-json\/wp\/v2\/product_brand?post=3331"},{"taxonomy":"product_cat","embeddable":true,"href":"https:\/\/deanna.ee\/ru\/wp-json\/wp\/v2\/product_cat?post=3331"},{"taxonomy":"product_tag","embeddable":true,"href":"https:\/\/deanna.ee\/ru\/wp-json\/wp\/v2\/product_tag?post=3331"}],"curies":[{"name":"wp","href":"https:\/\/api.w.org\/{rel}","templated":true}]}}