{"id":3036,"date":"2022-03-30T12:20:57","date_gmt":"2022-03-30T10:20:57","guid":{"rendered":"https:\/\/deanna.ee\/?post_type=product&#038;p=3036"},"modified":"2023-08-17T15:29:45","modified_gmt":"2023-08-17T13:29:45","slug":"myleo-korged-tennised","status":"publish","type":"product","link":"https:\/\/deanna.ee\/ru\/jalanoud\/myleo-korged-tennised\/","title":{"rendered":"MyLeo  k\u00f5rged tennised"},"content":{"rendered":"<table width=\"163\">\n<tbody>\n<tr>\n<td width=\"163\"><em><strong>MyLeo\u00a0 k\u00f5rged tennised<\/strong><\/em><\/td>\n<\/tr>\n<\/tbody>\n<\/table>\n<p>K\u00f5rgemat t\u00fc\u00fcpi\u00a0 tennised Vegan nahast ,kerged ja mugavad.Kannaosa kaunistavad leopardimustrilised detailid.<\/p>\n<p>Sisetald vajadusel eemaldatav , talla sees memory foam kiht .<\/p>\n<p>Sisetallapikkus suurusel nr.40 \u2013 26 cm.<\/p>\n<p>&nbsp;<\/p>\n<p>\u2022 Vegan nahast-\u00a0 k\u00f5rgekvaliteetsed ,kauakestvad ,veekindlad\u00a0 \u00a0 ftalaadi ja azo vabad.<br \/>\n\u2022 Valminud k\u00e4sit\u00f6\u00f6na \ud83e\udea1<br \/>\n\u2022 Solvendivabad v\u00e4rvid<br \/>\n\u2022 7-auguline n\u00f6\u00f6rimine metallaasadel<br \/>\n\u2022 V\u00e4listald &#8211; elastne kulumiskindel kumm<br \/>\n\u2022 Kontsak\u00f5rgus &#8211; 3 sm<br \/>\n\u2022 Tugevdatud kand<br \/>\n\u2022 Schock absorber m\u00e4luvahust sisetald<br \/>\n\u2022 Pehme puuvillane vooder<br \/>\n\u2022 P\u00e4ritoluriik: T\u00fcrgi<\/p>\n","protected":false},"excerpt":{"rendered":"<table width=\"163\">\n<tbody>\n<tr>\n<td width=\"163\"><em><strong>MyLeo\u00a0 k\u00f5rged tennised<\/strong><\/em><\/td>\n<\/tr>\n<\/tbody>\n<\/table>\n<p>K\u00f5rgemat t\u00fc\u00fcpi\u00a0 tennised Vegan nahast ,kerged ja mugavad.Kannaosa kaunistavad leopardimustrilised detailid.<\/p>\n<p>Sisetald vajadusel eemaldatav , talla sees memory foam kiht .<\/p>\n<p>Sisetallapikkus suurusel nr.40 \u2013 26 cm.<\/p>\n","protected":false},"featured_media":3066,"comment_status":"open","ping_status":"closed","template":"","meta":{"_acf_changed":false},"product_brand":[],"product_cat":[131,130,133,142,143],"product_tag":[],"class_list":{"0":"post-3036","1":"product","2":"type-product","3":"status-publish","4":"has-post-thumbnail","6":"product_cat-jalanoud-ru","7":"product_cat-koik-tooted-ru","8":"product_cat-naised-ru","9":"product_cat-tennised-ru","10":"product_cat-vabaajajalatsid-ru","12":"first","13":"instock","14":"sale","15":"sold-individually","16":"taxable","17":"shipping-taxable","18":"purchasable","19":"product-type-variable"},"acf":[],"yoast_head":"<!-- This site is optimized with the Yoast SEO plugin v27.5 - https:\/\/yoast.com\/product\/yoast-seo-wordpress\/ -->\n<title>MyLeo k\u00f5rged tennised | Deanna Kingastuudio<\/title>\n<meta name=\"description\" content=\"MyLeo\u00a0 k\u00f5rged tennised    K\u00f5rgemat t\u00fc\u00fcpi\u00a0 tennised Vegan nahast ,kerged ja mugavad.Kannaosa kaunistavad leopardimustrilised detailid.  Sisetald vajadusel eemaldatav , talla sees memory foam kiht .  Sisetallapikkus suurusel nr.40 \u2013 26 cm. Deanna Kingastuudio\" \/>\n<meta name=\"robots\" content=\"index, follow, max-snippet:-1, max-image-preview:large, max-video-preview:-1\" \/>\n<link rel=\"canonical\" href=\"https:\/\/deanna.ee\/ru\/jalanoud\/myleo-korged-tennised\/\" \/>\n<meta property=\"og:locale\" content=\"ru_RU\" \/>\n<meta property=\"og:type\" content=\"article\" \/>\n<meta property=\"og:title\" content=\"MyLeo k\u00f5rged tennised | Deanna Kingastuudio\" \/>\n<meta property=\"og:description\" content=\"MyLeo\u00a0 k\u00f5rged tennised    K\u00f5rgemat t\u00fc\u00fcpi\u00a0 tennised Vegan nahast ,kerged ja mugavad.Kannaosa kaunistavad leopardimustrilised detailid.  Sisetald vajadusel eemaldatav , talla sees memory foam kiht .  Sisetallapikkus suurusel nr.40 \u2013 26 cm. Deanna Kingastuudio\" \/>\n<meta property=\"og:url\" content=\"https:\/\/deanna.ee\/ru\/jalanoud\/myleo-korged-tennised\/\" \/>\n<meta property=\"og:site_name\" content=\"Deanna Kingastuudio\" \/>\n<meta property=\"article:publisher\" content=\"https:\/\/www.facebook.com\/Deannakingastuudio\" \/>\n<meta property=\"article:modified_time\" content=\"2023-08-17T13:29:45+00:00\" \/>\n<meta property=\"og:image\" content=\"https:\/\/deanna.ee\/wp-content\/uploads\/2022\/03\/MLKTnoLBL-330.jpg\" \/>\n\t<meta property=\"og:image:width\" content=\"330\" \/>\n\t<meta property=\"og:image:height\" content=\"330\" \/>\n\t<meta property=\"og:image:type\" content=\"image\/jpeg\" \/>\n<meta name=\"twitter:card\" content=\"summary_large_image\" \/>\n<script type=\"application\/ld+json\" class=\"yoast-schema-graph\">{\"@context\":\"https:\\\/\\\/schema.org\",\"@graph\":[{\"@type\":\"WebPage\",\"@id\":\"https:\\\/\\\/deanna.ee\\\/ru\\\/jalanoud\\\/myleo-korged-tennised\\\/\",\"url\":\"https:\\\/\\\/deanna.ee\\\/ru\\\/jalanoud\\\/myleo-korged-tennised\\\/\",\"name\":\"MyLeo k\u00f5rged tennised | Deanna Kingastuudio\",\"isPartOf\":{\"@id\":\"https:\\\/\\\/deanna.ee\\\/#website\"},\"primaryImageOfPage\":{\"@id\":\"https:\\\/\\\/deanna.ee\\\/ru\\\/jalanoud\\\/myleo-korged-tennised\\\/#primaryimage\"},\"image\":{\"@id\":\"https:\\\/\\\/deanna.ee\\\/ru\\\/jalanoud\\\/myleo-korged-tennised\\\/#primaryimage\"},\"thumbnailUrl\":\"https:\\\/\\\/deanna.ee\\\/wp-content\\\/uploads\\\/2022\\\/03\\\/MLKTnoLBL-330.jpg\",\"datePublished\":\"2022-03-30T10:20:57+00:00\",\"dateModified\":\"2023-08-17T13:29:45+00:00\",\"description\":\"MyLeo\u00a0 k\u00f5rged tennised K\u00f5rgemat t\u00fc\u00fcpi\u00a0 tennised Vegan nahast ,kerged ja mugavad.Kannaosa kaunistavad leopardimustrilised detailid. Sisetald vajadusel eemaldatav , talla sees memory foam kiht . Sisetallapikkus suurusel nr.40 \u2013 26 cm. Deanna Kingastuudio\",\"breadcrumb\":{\"@id\":\"https:\\\/\\\/deanna.ee\\\/ru\\\/jalanoud\\\/myleo-korged-tennised\\\/#breadcrumb\"},\"inLanguage\":\"ru-RU\",\"potentialAction\":[{\"@type\":\"ReadAction\",\"target\":[\"https:\\\/\\\/deanna.ee\\\/ru\\\/jalanoud\\\/myleo-korged-tennised\\\/\"]}]},{\"@type\":\"ImageObject\",\"inLanguage\":\"ru-RU\",\"@id\":\"https:\\\/\\\/deanna.ee\\\/ru\\\/jalanoud\\\/myleo-korged-tennised\\\/#primaryimage\",\"url\":\"https:\\\/\\\/deanna.ee\\\/wp-content\\\/uploads\\\/2022\\\/03\\\/MLKTnoLBL-330.jpg\",\"contentUrl\":\"https:\\\/\\\/deanna.ee\\\/wp-content\\\/uploads\\\/2022\\\/03\\\/MLKTnoLBL-330.jpg\",\"width\":330,\"height\":330},{\"@type\":\"BreadcrumbList\",\"@id\":\"https:\\\/\\\/deanna.ee\\\/ru\\\/jalanoud\\\/myleo-korged-tennised\\\/#breadcrumb\",\"itemListElement\":[{\"@type\":\"ListItem\",\"position\":1,\"name\":\"Kodu\",\"item\":\"https:\\\/\\\/deanna.ee\\\/\"},{\"@type\":\"ListItem\",\"position\":2,\"name\":\"Pood\",\"item\":\"https:\\\/\\\/deanna.ee\\\/pood\\\/\"},{\"@type\":\"ListItem\",\"position\":3,\"name\":\"MyLeo k\u00f5rged tennised\"}]},{\"@type\":\"WebSite\",\"@id\":\"https:\\\/\\\/deanna.ee\\\/#website\",\"url\":\"https:\\\/\\\/deanna.ee\\\/\",\"name\":\"Deanna Kingastuudio\",\"description\":\"Jalatsite m\u00fc\u00fck\",\"publisher\":{\"@id\":\"https:\\\/\\\/deanna.ee\\\/#organization\"},\"potentialAction\":[{\"@type\":\"SearchAction\",\"target\":{\"@type\":\"EntryPoint\",\"urlTemplate\":\"https:\\\/\\\/deanna.ee\\\/?s={search_term_string}\"},\"query-input\":{\"@type\":\"PropertyValueSpecification\",\"valueRequired\":true,\"valueName\":\"search_term_string\"}}],\"inLanguage\":\"ru-RU\"},{\"@type\":\"Organization\",\"@id\":\"https:\\\/\\\/deanna.ee\\\/#organization\",\"name\":\"Deanna O\u00dc\",\"url\":\"https:\\\/\\\/deanna.ee\\\/\",\"logo\":{\"@type\":\"ImageObject\",\"inLanguage\":\"ru-RU\",\"@id\":\"https:\\\/\\\/deanna.ee\\\/#\\\/schema\\\/logo\\\/image\\\/\",\"url\":\"https:\\\/\\\/deanna.ee\\\/wp-content\\\/uploads\\\/2022\\\/03\\\/Deanna-logo.png\",\"contentUrl\":\"https:\\\/\\\/deanna.ee\\\/wp-content\\\/uploads\\\/2022\\\/03\\\/Deanna-logo.png\",\"width\":909,\"height\":262,\"caption\":\"Deanna O\u00dc\"},\"image\":{\"@id\":\"https:\\\/\\\/deanna.ee\\\/#\\\/schema\\\/logo\\\/image\\\/\"},\"sameAs\":[\"https:\\\/\\\/www.facebook.com\\\/Deannakingastuudio\",\"https:\\\/\\\/www.instagram.com\\\/deannakingastuudio\\\/\"]}]}<\/script>\n<!-- \/ Yoast SEO plugin. -->","yoast_head_json":{"title":"MyLeo k\u00f5rged tennised | Deanna Kingastuudio","description":"MyLeo\u00a0 k\u00f5rged tennised    K\u00f5rgemat t\u00fc\u00fcpi\u00a0 tennised Vegan nahast ,kerged ja mugavad.Kannaosa kaunistavad leopardimustrilised detailid.  Sisetald vajadusel eemaldatav , talla sees memory foam kiht .  Sisetallapikkus suurusel nr.40 \u2013 26 cm. Deanna Kingastuudio","robots":{"index":"index","follow":"follow","max-snippet":"max-snippet:-1","max-image-preview":"max-image-preview:large","max-video-preview":"max-video-preview:-1"},"canonical":"https:\/\/deanna.ee\/ru\/jalanoud\/myleo-korged-tennised\/","og_locale":"ru_RU","og_type":"article","og_title":"MyLeo k\u00f5rged tennised | Deanna Kingastuudio","og_description":"MyLeo\u00a0 k\u00f5rged tennised    K\u00f5rgemat t\u00fc\u00fcpi\u00a0 tennised Vegan nahast ,kerged ja mugavad.Kannaosa kaunistavad leopardimustrilised detailid.  Sisetald vajadusel eemaldatav , talla sees memory foam kiht .  Sisetallapikkus suurusel nr.40 \u2013 26 cm. Deanna Kingastuudio","og_url":"https:\/\/deanna.ee\/ru\/jalanoud\/myleo-korged-tennised\/","og_site_name":"Deanna Kingastuudio","article_publisher":"https:\/\/www.facebook.com\/Deannakingastuudio","article_modified_time":"2023-08-17T13:29:45+00:00","og_image":[{"width":330,"height":330,"url":"https:\/\/deanna.ee\/wp-content\/uploads\/2022\/03\/MLKTnoLBL-330.jpg","type":"image\/jpeg"}],"twitter_card":"summary_large_image","schema":{"@context":"https:\/\/schema.org","@graph":[{"@type":"WebPage","@id":"https:\/\/deanna.ee\/ru\/jalanoud\/myleo-korged-tennised\/","url":"https:\/\/deanna.ee\/ru\/jalanoud\/myleo-korged-tennised\/","name":"MyLeo k\u00f5rged tennised | Deanna Kingastuudio","isPartOf":{"@id":"https:\/\/deanna.ee\/#website"},"primaryImageOfPage":{"@id":"https:\/\/deanna.ee\/ru\/jalanoud\/myleo-korged-tennised\/#primaryimage"},"image":{"@id":"https:\/\/deanna.ee\/ru\/jalanoud\/myleo-korged-tennised\/#primaryimage"},"thumbnailUrl":"https:\/\/deanna.ee\/wp-content\/uploads\/2022\/03\/MLKTnoLBL-330.jpg","datePublished":"2022-03-30T10:20:57+00:00","dateModified":"2023-08-17T13:29:45+00:00","description":"MyLeo\u00a0 k\u00f5rged tennised K\u00f5rgemat t\u00fc\u00fcpi\u00a0 tennised Vegan nahast ,kerged ja mugavad.Kannaosa kaunistavad leopardimustrilised detailid. Sisetald vajadusel eemaldatav , talla sees memory foam kiht . Sisetallapikkus suurusel nr.40 \u2013 26 cm. Deanna Kingastuudio","breadcrumb":{"@id":"https:\/\/deanna.ee\/ru\/jalanoud\/myleo-korged-tennised\/#breadcrumb"},"inLanguage":"ru-RU","potentialAction":[{"@type":"ReadAction","target":["https:\/\/deanna.ee\/ru\/jalanoud\/myleo-korged-tennised\/"]}]},{"@type":"ImageObject","inLanguage":"ru-RU","@id":"https:\/\/deanna.ee\/ru\/jalanoud\/myleo-korged-tennised\/#primaryimage","url":"https:\/\/deanna.ee\/wp-content\/uploads\/2022\/03\/MLKTnoLBL-330.jpg","contentUrl":"https:\/\/deanna.ee\/wp-content\/uploads\/2022\/03\/MLKTnoLBL-330.jpg","width":330,"height":330},{"@type":"BreadcrumbList","@id":"https:\/\/deanna.ee\/ru\/jalanoud\/myleo-korged-tennised\/#breadcrumb","itemListElement":[{"@type":"ListItem","position":1,"name":"Kodu","item":"https:\/\/deanna.ee\/"},{"@type":"ListItem","position":2,"name":"Pood","item":"https:\/\/deanna.ee\/pood\/"},{"@type":"ListItem","position":3,"name":"MyLeo k\u00f5rged tennised"}]},{"@type":"WebSite","@id":"https:\/\/deanna.ee\/#website","url":"https:\/\/deanna.ee\/","name":"Deanna Kingastuudio","description":"Jalatsite m\u00fc\u00fck","publisher":{"@id":"https:\/\/deanna.ee\/#organization"},"potentialAction":[{"@type":"SearchAction","target":{"@type":"EntryPoint","urlTemplate":"https:\/\/deanna.ee\/?s={search_term_string}"},"query-input":{"@type":"PropertyValueSpecification","valueRequired":true,"valueName":"search_term_string"}}],"inLanguage":"ru-RU"},{"@type":"Organization","@id":"https:\/\/deanna.ee\/#organization","name":"Deanna O\u00dc","url":"https:\/\/deanna.ee\/","logo":{"@type":"ImageObject","inLanguage":"ru-RU","@id":"https:\/\/deanna.ee\/#\/schema\/logo\/image\/","url":"https:\/\/deanna.ee\/wp-content\/uploads\/2022\/03\/Deanna-logo.png","contentUrl":"https:\/\/deanna.ee\/wp-content\/uploads\/2022\/03\/Deanna-logo.png","width":909,"height":262,"caption":"Deanna O\u00dc"},"image":{"@id":"https:\/\/deanna.ee\/#\/schema\/logo\/image\/"},"sameAs":["https:\/\/www.facebook.com\/Deannakingastuudio","https:\/\/www.instagram.com\/deannakingastuudio\/"]}]}},"_links":{"self":[{"href":"https:\/\/deanna.ee\/ru\/wp-json\/wp\/v2\/product\/3036","targetHints":{"allow":["GET"]}}],"collection":[{"href":"https:\/\/deanna.ee\/ru\/wp-json\/wp\/v2\/product"}],"about":[{"href":"https:\/\/deanna.ee\/ru\/wp-json\/wp\/v2\/types\/product"}],"replies":[{"embeddable":true,"href":"https:\/\/deanna.ee\/ru\/wp-json\/wp\/v2\/comments?post=3036"}],"wp:featuredmedia":[{"embeddable":true,"href":"https:\/\/deanna.ee\/ru\/wp-json\/wp\/v2\/media\/3066"}],"wp:attachment":[{"href":"https:\/\/deanna.ee\/ru\/wp-json\/wp\/v2\/media?parent=3036"}],"wp:term":[{"taxonomy":"product_brand","embeddable":true,"href":"https:\/\/deanna.ee\/ru\/wp-json\/wp\/v2\/product_brand?post=3036"},{"taxonomy":"product_cat","embeddable":true,"href":"https:\/\/deanna.ee\/ru\/wp-json\/wp\/v2\/product_cat?post=3036"},{"taxonomy":"product_tag","embeddable":true,"href":"https:\/\/deanna.ee\/ru\/wp-json\/wp\/v2\/product_tag?post=3036"}],"curies":[{"name":"wp","href":"https:\/\/api.w.org\/{rel}","templated":true}]}}