{"id":1871,"date":"2022-03-10T06:39:59","date_gmt":"2022-03-10T04:39:59","guid":{"rendered":"https:\/\/deanna.ee\/privaatsus-ja-muugitingimused\/"},"modified":"2022-03-23T15:59:15","modified_gmt":"2022-03-23T13:59:15","slug":"vene-keeles-privaatsus-ja-muugitingimused","status":"publish","type":"page","link":"https:\/\/deanna.ee\/ru\/vene-keeles-privaatsus-ja-muugitingimused\/","title":{"rendered":"Vene keeles- Privaatsus ja m\u00fc\u00fcgitingimused"},"content":{"rendered":"<p>Veebipoe <a href=\"https:\/\/www.deanna.ee\">www.Deanna.ee<\/a> (edaspidi Veebipood) omanik on Deanna O\u00dc\u00a0 (registrikood 16391497), asukohaga Kivimurru 20 10150 Tallinn, Eesti,11411 edaspidi ka Deanna Shoes .<\/p>\n<p><strong>M\u00fc\u00fcgilepingu kehtivus, kauba- ja hinnainfo<\/strong><\/p>\n<p>M\u00fc\u00fcgitingimused kehtivad Veebipoest kaupade ostmisel.<\/p>\n<p>Veebipoes m\u00fc\u00fcdavate toodete hinnad on m\u00e4rgitud toodete juurde. Hinnale lisandub tasu kauba k\u00e4ttetoimetamise eest. K\u00f5ik Veebipoes m\u00fc\u00fcdavate kaupade hinnad on eurodes ja k\u00e4ibemaksu ei lisandu.<\/p>\n<p>Kauba k\u00e4ttetoimetamise tasu s\u00f5ltub ostja asukohast ning k\u00e4ttetoimetamise viisist. K\u00e4ttetoimetamise tasu kuvatakse ostjale tellimuse vormistamisel.<\/p>\n<p>Teave kauba kohta on esitatud Veebipoes vahetult kauba juures.<\/p>\n<p>&nbsp;<\/p>\n<p><strong>Tellimuse vormistamine<\/strong><\/p>\n<p>Kauba tellimiseks tuleb lisada soovitud tooted ostukorvi. Ostukorv luuakse, kui olete valinud sobiva suuruse ja vajutanud nupule \u201eLisa ostukorvi\u201c. Vajutades valikut \u201eOstukorv\u201c n\u00e4ete kogu oma ostukorvi koos tasutava summaga.<\/p>\n<p>Ostukorvis olevate toodete arvu v\u00f5ite muuta. Samuti v\u00f5ite muuta tellitavate toodete kogust. Tehtud muudatuse kinnitamiseks vajutage nupule \u201eUuenda ostukorvi\u201c. Tellimuse vormistamise j\u00e4tkamiseks vajutage nupule \u201eMine maksma\u201d. Teid suunatakse tellija andmete lehek\u00fcljele.<\/p>\n<p>Tellija andmete lehel sisestage n\u00f5utavad andmed, soovitav tarneviis ning vajutage nupule \u201eEsita tellimus\u201d. Teid suunatakse maksma.<\/p>\n<p>Olge tellija andmete ja tellimuse kinnituse lehek\u00fclgedel olevate lahtrite t\u00e4itmisel t\u00e4helepanelik, sest selle informatsiooni t\u00e4psusest ja \u00f5igsusest s\u00f5ltub Teie poolt ostetud toodete kiire ja h\u00e4ireteta kohaletoimetamine.<\/p>\n<p>Toodete m\u00fc\u00fcgileping loetakse s\u00f5lmituks (Lepingu j\u00f5ustumine) arvates tellimuskinnituse j\u00e4rgi tasumisele kuuluva summa laekumisest Deanna O\u00dc\u00a0 arvelduskontole.<\/p>\n<p>E-poes sooritatud tellimused t\u00e4idetakse v\u00f5imalikult kiiresti, kuid olenevalt ostetava kauba tarneviisist maksimaalselt kuni 7 t\u00f6\u00f6p\u00e4eva jooksul.<\/p>\n<p>&nbsp;<\/p>\n<p><strong>Toodete eest tasumine<\/strong><\/p>\n<p>Makse sooritamiseks valige tellimuse vormistamise lehek\u00fcljel endale meelep\u00e4rane makseviis.<\/p>\n<p>Toodete eest on v\u00f5imalik tasuda pangalingiga (Swedbank, SEB, Luminor, LHV, Coop Pank, Citadele) v\u00f5i maksekaardiga (Maestro, Visa ja MasterCard) .<\/p>\n<p>Pangalingiga tasumisel vajutada kindlasti panga lehel nuppu \u201cTagasi kaupmehe juurde\u201d ning \u00e4rge sulgege enne \u00fcmbersuunamist veebiakent. Makseid vahendab Montonio Finance.(www.montonio.com)<\/p>\n<p>Tellimus t\u00fchistatakse juhul, kui ostusumma ei ole 5 t\u00f6\u00f6p\u00e4eva jooksul laekunud Deanna O\u00dc\u00a0 arvelduskontole.<\/p>\n<p>Tellimuse t\u00fchistamise v\u00f5i ostetud toote tagastamise korral tagastatakse ostusumma vastavalt tellimuse vormistamisel valitud makseviisile. \u00dclekandega tasutud summa kantakse tagasi kontole, millelt tasutud summa laekus.<\/p>\n<p>Kui tellitud kaupa ei ole v\u00f5imalik tarnida seoses kauba l\u00f5ppemisega v\u00f5i muul p\u00f5hjusel, teavitatakse sellest ostjat esimesel v\u00f5imalusel ning tagastatakse tasutud raha (sh kauba k\u00e4ttetoimetamise kulud) viivitamata, kuid mitte hiljem kui 14 p\u00e4eva jooksul teate saatmisest.<\/p>\n<p>&nbsp;<\/p>\n<p><strong>Kohaletoimetamine<\/strong><\/p>\n<p>Kaupu saadetakse j\u00e4rgmistesse riikidesse:\u00a0Eesti ja \u00a0Euroopa Liidu liikmseriigid .<\/p>\n<p>Kauba k\u00e4ttesaamiseks on ostjal v\u00f5imalik valida erinevate pakiautomaatide partnerite vahel.<\/p>\n<p>Kauba saatmiskulud kannab ostja ning vastav hinnainfo on kuvatud saatmisviisi juures.<\/p>\n<p>&nbsp;<\/p>\n<p><strong>Taganemis\u00f5igus<\/strong><\/p>\n<p>P\u00e4rast tellimuse k\u00e4ttesaamist on ostjal \u00f5igus Veebipoes s\u00f5lmitud lepingust taganeda 14 p\u00e4eva jooksul. Taganemis\u00f5igus ei kohaldu, kui ostjaks on juriidiline isik.<\/p>\n<p>14-p\u00e4evase tagastamis\u00f5iguse kasutamiseks ei tohi tellitud kaupa kasutada muul viisil kui on vajalik kauba olemuses, omadustes ja toimimises veendumiseks viisil nagu see on lubatud kauba testimiseks f\u00fc\u00fcsilises poes.<\/p>\n<p>Kui kaupa on kasutatud muuks otstarbeks kui on vajalik kauba olemuses, omadustes ja toimimises veendumiseks v\u00f5i sellel on kasutamise v\u00f5i kulumise m\u00e4rke, on Veebipoel \u00f5igus keelduda tasu tagastamisest.<\/p>\n<p>Kauba tagastamiseks tuleb esitada kauba ostmisest taganemise avaldus e-posti aadressile\u00a0<a href=\"mailto:info@deanna.ee\">info@deanna.ee<\/a> \u00a0hiljemalt 14 p\u00e4eva jooksul kauba k\u00e4ttesaamisest.<\/p>\n<p>Ostja peab kauba tagastama avalduse esitamisele j\u00e4rgneva 14 p\u00e4eva jooksul v\u00f5i esitama t\u00f5endi, et ta on eelnimetatud perioodi jooksul kauba \u00fcle andnud kauba vedajale.<\/p>\n<p>Veebipood tagastab tagastatava kauba k\u00e4ttesaamisel ostjale viivitamata, kuid mitte hiljem kui 14 p\u00e4eva m\u00f6\u00f6dumisel arvates taganemisavalduse saamisest, k\u00f5ik ostjalt lepingu alusel saadud tasud.<\/p>\n<p>Veebipood v\u00f5ib keelduda tagasimaksete tegemisest seni, kuni on lepingu esemeks oleva asja tagasi saanud v\u00f5i kuni ostja on esitanud t\u00f5endid, et on asja tagasi saatnud, s\u00f5ltuvalt sellest, kumb toimub varem.<\/p>\n<p>Kauba tagastamise transpordikulu on ostja kanda.<\/p>\n<p>Veebipoel on \u00f5igus taganeda m\u00fc\u00fcgitehingust ning n\u00f5uda ostjalt tagasi kaup, kui kauba hind Veebipoes on eksituse t\u00f5ttu m\u00e4rgitud oluliselt alla kauba turuhinna.<\/p>\n<p>&nbsp;<\/p>\n<p><strong>Pretensiooni esitamise \u00f5igus<\/strong><\/p>\n<p>Ostjal on \u00f5igus puuduse ilmnemisel p\u00f6\u00f6rduda hiljemalt 14 p\u00e4eva\u00a0 jooksul veebipoe poole, saates e-kirja aadressile\u00a0info@deanna.ee<\/p>\n<p>Veebipood ei vastuta puuduste eest, mis on tekkinud p\u00e4rast kauba \u00fcleandmist ostjale.<\/p>\n<p>Kui Veebipoest ostetud kaubal on puudused, mille eest Veebipood vastutab, parandab v\u00f5i asendab Veebipood puudusega kauba. Kui kaupa ei ole v\u00f5imalik parandada ega asendada, tagastab Veebipood ostjale k\u00f5ik m\u00fc\u00fcgilepinguga kaasnenud tasud.<\/p>\n<p>Veebipood vastab tarbija esitatud kaebusele kirjalikult v\u00f5i kirjalikku taasesitamist v\u00f5imaldavas vormis 15 p\u00e4eva jooksul.<\/p>\n<p>&nbsp;<\/p>\n<p><strong>Otseturustus ja isikuandmete t\u00f6\u00f6tlemine<\/strong><\/p>\n<p>Isikuandmete t\u00f6\u00f6tlejaks Veebipoes on Deanna O\u00dc .<\/p>\n<p>Maksete teostamiseks vajalikud isikuandmed edastab volitatud t\u00f6\u00f6tlejale Montonio Finance\u00b4le.<\/p>\n<p>Isikuandmed on andmed, mida Deanna Shoes kogub eesm\u00e4rgiga kliendi ostu v\u00f5i tellimuse t\u00e4itmiseks v\u00f5i temaga \u00fchenduse v\u00f5tmiseks.<\/p>\n<p>Kliendi isikuandmete kogumine v\u00f5ib toimuda allj\u00e4rgnevatel viisidel:\u00a0 ostu v\u00f5i tellimuse sooritamisel Veebipoes .<\/p>\n<p>&nbsp;<\/p>\n<p><strong>Deanna Shoes t\u00f6\u00f6tleb isikuandmeid j\u00e4rgmistel eesm\u00e4rkidel:<\/strong><\/p>\n<p>M\u00fc\u00fcgitehingu v\u00f5i teenuse osutamise s\u00f5lmimisel (sh tellimused);<\/p>\n<p>Kliendiga kontakteerumiseks;<\/p>\n<p>Kliendisuhte haldamiseks;<\/p>\n<p>Kauba k\u00e4tte toimetamiseks;<\/p>\n<p>Teeninduse parandamiseks.<\/p>\n<p>T\u00f6\u00f6deldavad isikuandmed<\/p>\n<p>&nbsp;<\/p>\n<p>Isikuandmetena k\u00e4sitletakse k\u00f5iki andmeid tuvastatud v\u00f5i tuvastatava f\u00fc\u00fcsilise isiku kohta. Deanna Shoes poolt t\u00f6\u00f6deldavateks isikuandmeteks on:<\/p>\n<p>Ees- ja perekonnanimi;<\/p>\n<p>Telefoninumber;<\/p>\n<p>E-posti aadress;<\/p>\n<p>Postiaadress, tarne aadress;<\/p>\n<p>&nbsp;<\/p>\n<p><strong>Kliendi \u00f5igused<\/strong><\/p>\n<p>Kliendi \u00f5igused Deanna Shoes suhtes seoses isikuandmetega on:<\/p>\n<p>Taotleda juurdep\u00e4\u00e4su enda isikuandmetele;<\/p>\n<p>Taotleda enda isikuandmete parandamist;<\/p>\n<p>Taotleda enda isikuandmete piiramist;<\/p>\n<p>Taotleda enda isikuandmete kustutamist;<\/p>\n<p>Taotleda enda isikuandmete \u00fclekandmist;<\/p>\n<p>V\u00f5tta tagasi varasemalt antud oma n\u00f5usolek isikuandmete t\u00f6\u00f6tlemiseks, kui see on p\u00f5hjendatud;<\/p>\n<p>Esitada kaebus andmekaitse j\u00e4relevalve asutusele (Andmekaitse Inspektsioon, www.aki.ee , info@aki.ee ).<\/p>\n<p>&nbsp;<\/p>\n<p><strong>Vaidluste lahendamine<\/strong><\/p>\n<p>Kui ostjal on Veebipoe osas pretensioone, tuleb need saata e-kirja aadressile\u00a0<a href=\"mailto:info@deanna.ee\">info@deanna.ee<\/a>.<\/p>\n<p>Kui ostja ja Veebipood ei suuda lahendada vaidlust kokkuleppe teel, siis on ostjal v\u00f5imalik p\u00f6\u00f6rduda Tarbijavaidluste komisjoni poole. Tarbijavaidluste komisjoni p\u00e4devuses on lahendada ostja ja Veebipoe vahel s\u00f5lmitud lepingust tulenevaid vaidlusi. Ostja kaebuse l\u00e4bivaatamine komisjonis on tasuta.<\/p>\n<p>Ostja v\u00f5ib p\u00f6\u00f6rduda Euroopa Liidu tarbijavaidlusi lahendava platvormi\u00a0<a href=\"https:\/\/ec.europa.eu\/consumers\/odr\/main\/index.cfm?event=main.home2.show&amp;lng=ET\">poole<\/a>.<\/p>\n<p>&nbsp;<\/p>\n<p><strong>Deanna O\u00dc<\/strong><\/p>\n<p>Reg. nr.: 16391497<\/p>\n<p>Kivimurru tn 20 Tallinn Harjumaa 11411<\/p>\n<p>Pank: EE392200221078179506<\/p>\n<p><strong>KONTAKT<\/strong><\/p>\n<p>tel. +372 56 673 263<\/p>\n<p><a href=\"mailto:info@deanna.ee\">info@deanna.ee<\/a><\/p>\n","protected":false},"excerpt":{"rendered":"<p>Veebipoe www.Deanna.ee (edaspidi Veebipood) omanik on Deanna O\u00dc\u00a0 (registrikood 16391497), asukohaga Kivimurru 20 10150 Tallinn, Eesti,11411 edaspidi ka Deanna Shoes\u2026<\/p>\n","protected":false},"author":1,"featured_media":0,"parent":0,"menu_order":0,"comment_status":"closed","ping_status":"closed","template":"","meta":{"_acf_changed":false,"footnotes":""},"class_list":["post-1871","page","type-page","status-publish","hentry"],"acf":[],"yoast_head":"<!-- This site is optimized with the Yoast SEO plugin v27.5 - https:\/\/yoast.com\/product\/yoast-seo-wordpress\/ -->\n<title>Vene keeles- Privaatsus ja m\u00fc\u00fcgitingimused | Deanna Kingastuudio<\/title>\n<meta name=\"description\" content=\"Veebipoe www.Deanna.ee (edaspidi Veebipood) omanik on Deanna O\u00dc\u00a0 (registrikood 16391497), asukohaga Kivimurru 20 10150 Tallinn, Eesti,11411 edaspidi ka\" \/>\n<meta name=\"robots\" content=\"index, follow, max-snippet:-1, max-image-preview:large, max-video-preview:-1\" \/>\n<link rel=\"canonical\" href=\"https:\/\/deanna.ee\/ru\/vene-keeles-privaatsus-ja-muugitingimused\/\" \/>\n<meta property=\"og:locale\" content=\"ru_RU\" \/>\n<meta property=\"og:type\" content=\"article\" \/>\n<meta property=\"og:title\" content=\"Vene keeles- Privaatsus ja m\u00fc\u00fcgitingimused | Deanna Kingastuudio\" \/>\n<meta property=\"og:description\" content=\"Veebipoe www.Deanna.ee (edaspidi Veebipood) omanik on Deanna O\u00dc\u00a0 (registrikood 16391497), asukohaga Kivimurru 20 10150 Tallinn, Eesti,11411 edaspidi ka\" \/>\n<meta property=\"og:url\" content=\"https:\/\/deanna.ee\/ru\/vene-keeles-privaatsus-ja-muugitingimused\/\" \/>\n<meta property=\"og:site_name\" content=\"Deanna Kingastuudio\" \/>\n<meta property=\"article:publisher\" content=\"https:\/\/www.facebook.com\/Deannakingastuudio\" \/>\n<meta property=\"article:modified_time\" content=\"2022-03-23T13:59:15+00:00\" \/>\n<meta name=\"twitter:card\" content=\"summary_large_image\" \/>\n<meta name=\"twitter:label1\" content=\"\u041f\u0440\u0438\u043c\u0435\u0440\u043d\u043e\u0435 \u0432\u0440\u0435\u043c\u044f \u0434\u043b\u044f \u0447\u0442\u0435\u043d\u0438\u044f\" \/>\n\t<meta name=\"twitter:data1\" content=\"5 \u043c\u0438\u043d\u0443\u0442\" \/>\n<script type=\"application\/ld+json\" class=\"yoast-schema-graph\">{\"@context\":\"https:\\\/\\\/schema.org\",\"@graph\":[{\"@type\":\"WebPage\",\"@id\":\"https:\\\/\\\/deanna.ee\\\/ru\\\/vene-keeles-privaatsus-ja-muugitingimused\\\/\",\"url\":\"https:\\\/\\\/deanna.ee\\\/ru\\\/vene-keeles-privaatsus-ja-muugitingimused\\\/\",\"name\":\"Vene keeles- Privaatsus ja m\u00fc\u00fcgitingimused | Deanna Kingastuudio\",\"isPartOf\":{\"@id\":\"https:\\\/\\\/deanna.ee\\\/#website\"},\"datePublished\":\"2022-03-10T04:39:59+00:00\",\"dateModified\":\"2022-03-23T13:59:15+00:00\",\"description\":\"Veebipoe www.Deanna.ee (edaspidi Veebipood) omanik on Deanna O\u00dc\u00a0 (registrikood 16391497), asukohaga Kivimurru 20 10150 Tallinn, Eesti,11411 edaspidi ka\",\"breadcrumb\":{\"@id\":\"https:\\\/\\\/deanna.ee\\\/ru\\\/vene-keeles-privaatsus-ja-muugitingimused\\\/#breadcrumb\"},\"inLanguage\":\"ru-RU\",\"potentialAction\":[{\"@type\":\"ReadAction\",\"target\":[\"https:\\\/\\\/deanna.ee\\\/ru\\\/vene-keeles-privaatsus-ja-muugitingimused\\\/\"]}]},{\"@type\":\"BreadcrumbList\",\"@id\":\"https:\\\/\\\/deanna.ee\\\/ru\\\/vene-keeles-privaatsus-ja-muugitingimused\\\/#breadcrumb\",\"itemListElement\":[{\"@type\":\"ListItem\",\"position\":1,\"name\":\"Kodu\",\"item\":\"https:\\\/\\\/deanna.ee\\\/\"},{\"@type\":\"ListItem\",\"position\":2,\"name\":\"Vene keeles- Privaatsus ja m\u00fc\u00fcgitingimused\"}]},{\"@type\":\"WebSite\",\"@id\":\"https:\\\/\\\/deanna.ee\\\/#website\",\"url\":\"https:\\\/\\\/deanna.ee\\\/\",\"name\":\"Deanna Kingastuudio\",\"description\":\"Jalatsite m\u00fc\u00fck\",\"publisher\":{\"@id\":\"https:\\\/\\\/deanna.ee\\\/#organization\"},\"potentialAction\":[{\"@type\":\"SearchAction\",\"target\":{\"@type\":\"EntryPoint\",\"urlTemplate\":\"https:\\\/\\\/deanna.ee\\\/?s={search_term_string}\"},\"query-input\":{\"@type\":\"PropertyValueSpecification\",\"valueRequired\":true,\"valueName\":\"search_term_string\"}}],\"inLanguage\":\"ru-RU\"},{\"@type\":\"Organization\",\"@id\":\"https:\\\/\\\/deanna.ee\\\/#organization\",\"name\":\"Deanna O\u00dc\",\"url\":\"https:\\\/\\\/deanna.ee\\\/\",\"logo\":{\"@type\":\"ImageObject\",\"inLanguage\":\"ru-RU\",\"@id\":\"https:\\\/\\\/deanna.ee\\\/#\\\/schema\\\/logo\\\/image\\\/\",\"url\":\"https:\\\/\\\/deanna.ee\\\/wp-content\\\/uploads\\\/2022\\\/03\\\/Deanna-logo.png\",\"contentUrl\":\"https:\\\/\\\/deanna.ee\\\/wp-content\\\/uploads\\\/2022\\\/03\\\/Deanna-logo.png\",\"width\":909,\"height\":262,\"caption\":\"Deanna O\u00dc\"},\"image\":{\"@id\":\"https:\\\/\\\/deanna.ee\\\/#\\\/schema\\\/logo\\\/image\\\/\"},\"sameAs\":[\"https:\\\/\\\/www.facebook.com\\\/Deannakingastuudio\",\"https:\\\/\\\/www.instagram.com\\\/deannakingastuudio\\\/\"]}]}<\/script>\n<!-- \/ Yoast SEO plugin. -->","yoast_head_json":{"title":"Vene keeles- Privaatsus ja m\u00fc\u00fcgitingimused | Deanna Kingastuudio","description":"Veebipoe www.Deanna.ee (edaspidi Veebipood) omanik on Deanna O\u00dc\u00a0 (registrikood 16391497), asukohaga Kivimurru 20 10150 Tallinn, Eesti,11411 edaspidi ka","robots":{"index":"index","follow":"follow","max-snippet":"max-snippet:-1","max-image-preview":"max-image-preview:large","max-video-preview":"max-video-preview:-1"},"canonical":"https:\/\/deanna.ee\/ru\/vene-keeles-privaatsus-ja-muugitingimused\/","og_locale":"ru_RU","og_type":"article","og_title":"Vene keeles- Privaatsus ja m\u00fc\u00fcgitingimused | Deanna Kingastuudio","og_description":"Veebipoe www.Deanna.ee (edaspidi Veebipood) omanik on Deanna O\u00dc\u00a0 (registrikood 16391497), asukohaga Kivimurru 20 10150 Tallinn, Eesti,11411 edaspidi ka","og_url":"https:\/\/deanna.ee\/ru\/vene-keeles-privaatsus-ja-muugitingimused\/","og_site_name":"Deanna Kingastuudio","article_publisher":"https:\/\/www.facebook.com\/Deannakingastuudio","article_modified_time":"2022-03-23T13:59:15+00:00","twitter_card":"summary_large_image","twitter_misc":{"\u041f\u0440\u0438\u043c\u0435\u0440\u043d\u043e\u0435 \u0432\u0440\u0435\u043c\u044f \u0434\u043b\u044f \u0447\u0442\u0435\u043d\u0438\u044f":"5 \u043c\u0438\u043d\u0443\u0442"},"schema":{"@context":"https:\/\/schema.org","@graph":[{"@type":"WebPage","@id":"https:\/\/deanna.ee\/ru\/vene-keeles-privaatsus-ja-muugitingimused\/","url":"https:\/\/deanna.ee\/ru\/vene-keeles-privaatsus-ja-muugitingimused\/","name":"Vene keeles- Privaatsus ja m\u00fc\u00fcgitingimused | Deanna Kingastuudio","isPartOf":{"@id":"https:\/\/deanna.ee\/#website"},"datePublished":"2022-03-10T04:39:59+00:00","dateModified":"2022-03-23T13:59:15+00:00","description":"Veebipoe www.Deanna.ee (edaspidi Veebipood) omanik on Deanna O\u00dc\u00a0 (registrikood 16391497), asukohaga Kivimurru 20 10150 Tallinn, Eesti,11411 edaspidi ka","breadcrumb":{"@id":"https:\/\/deanna.ee\/ru\/vene-keeles-privaatsus-ja-muugitingimused\/#breadcrumb"},"inLanguage":"ru-RU","potentialAction":[{"@type":"ReadAction","target":["https:\/\/deanna.ee\/ru\/vene-keeles-privaatsus-ja-muugitingimused\/"]}]},{"@type":"BreadcrumbList","@id":"https:\/\/deanna.ee\/ru\/vene-keeles-privaatsus-ja-muugitingimused\/#breadcrumb","itemListElement":[{"@type":"ListItem","position":1,"name":"Kodu","item":"https:\/\/deanna.ee\/"},{"@type":"ListItem","position":2,"name":"Vene keeles- Privaatsus ja m\u00fc\u00fcgitingimused"}]},{"@type":"WebSite","@id":"https:\/\/deanna.ee\/#website","url":"https:\/\/deanna.ee\/","name":"Deanna Kingastuudio","description":"Jalatsite m\u00fc\u00fck","publisher":{"@id":"https:\/\/deanna.ee\/#organization"},"potentialAction":[{"@type":"SearchAction","target":{"@type":"EntryPoint","urlTemplate":"https:\/\/deanna.ee\/?s={search_term_string}"},"query-input":{"@type":"PropertyValueSpecification","valueRequired":true,"valueName":"search_term_string"}}],"inLanguage":"ru-RU"},{"@type":"Organization","@id":"https:\/\/deanna.ee\/#organization","name":"Deanna O\u00dc","url":"https:\/\/deanna.ee\/","logo":{"@type":"ImageObject","inLanguage":"ru-RU","@id":"https:\/\/deanna.ee\/#\/schema\/logo\/image\/","url":"https:\/\/deanna.ee\/wp-content\/uploads\/2022\/03\/Deanna-logo.png","contentUrl":"https:\/\/deanna.ee\/wp-content\/uploads\/2022\/03\/Deanna-logo.png","width":909,"height":262,"caption":"Deanna O\u00dc"},"image":{"@id":"https:\/\/deanna.ee\/#\/schema\/logo\/image\/"},"sameAs":["https:\/\/www.facebook.com\/Deannakingastuudio","https:\/\/www.instagram.com\/deannakingastuudio\/"]}]}},"_links":{"self":[{"href":"https:\/\/deanna.ee\/ru\/wp-json\/wp\/v2\/pages\/1871","targetHints":{"allow":["GET"]}}],"collection":[{"href":"https:\/\/deanna.ee\/ru\/wp-json\/wp\/v2\/pages"}],"about":[{"href":"https:\/\/deanna.ee\/ru\/wp-json\/wp\/v2\/types\/page"}],"author":[{"embeddable":true,"href":"https:\/\/deanna.ee\/ru\/wp-json\/wp\/v2\/users\/1"}],"replies":[{"embeddable":true,"href":"https:\/\/deanna.ee\/ru\/wp-json\/wp\/v2\/comments?post=1871"}],"version-history":[{"count":1,"href":"https:\/\/deanna.ee\/ru\/wp-json\/wp\/v2\/pages\/1871\/revisions"}],"predecessor-version":[{"id":1872,"href":"https:\/\/deanna.ee\/ru\/wp-json\/wp\/v2\/pages\/1871\/revisions\/1872"}],"wp:attachment":[{"href":"https:\/\/deanna.ee\/ru\/wp-json\/wp\/v2\/media?parent=1871"}],"curies":[{"name":"wp","href":"https:\/\/api.w.org\/{rel}","templated":true}]}}