{"id":9172,"date":"2022-04-06T16:43:17","date_gmt":"2022-04-06T14:43:17","guid":{"rendered":"https:\/\/deanna.ee\/jalanoud\/myendlesslove-vabaajajalatsid\/"},"modified":"2023-10-12T10:18:18","modified_gmt":"2023-10-12T08:18:18","slug":"myendlesslove-vabaajajalatsid","status":"publish","type":"product","link":"https:\/\/deanna.ee\/en\/jalanoud\/myendlesslove-vabaajajalatsid\/","title":{"rendered":"MyEndlessLove  vabaajajalatsid"},"content":{"rendered":"<div style=\"width: 368px;\" class=\"wp-video\"><video class=\"wp-video-shortcode\" id=\"video-9172-1\" width=\"368\" height=\"640\" preload=\"metadata\" controls=\"controls\"><source type=\"video\/mp4\" src=\"https:\/\/deanna.ee\/wp-content\/uploads\/2022\/04\/345356058_9407822312593000_1771852516342944644_n.mp4?_=1\" \/><a href=\"https:\/\/deanna.ee\/wp-content\/uploads\/2022\/04\/345356058_9407822312593000_1771852516342944644_n.mp4\">https:\/\/deanna.ee\/wp-content\/uploads\/2022\/04\/345356058_9407822312593000_1771852516342944644_n.mp4<\/a><\/video><\/div>\n<p>MyEndlessLove vabaajajalatsid<\/p>\n<p>Kergesti jalga libistatavad Slip-On vabaajajalatsid romantilise ja julge\u00a0 pealuumustriga.<\/p>\n<p>\u2022 \u00d6konahast &#8211;\u00a0 on kauakestev ja \u00f5hkul\u00e4bilaskev,mustusth\u00fclgav ja\u00a0 vormihoidev .<br \/>\n\u2022 Valminud k\u00e4sit\u00f6\u00f6na \ud83e\udea1<br \/>\n\u2022 Kasutatud solvendivabu v\u00e4rve.<br \/>\n\u2022 Pehme sisetald tagab mugavuse ja kerguse<br \/>\n\u2022 Kummine\u00a0 painduv v\u00e4listald<\/p>\n<p>\u2022Talla k\u00f5rgus 2,5 cm<\/p>\n<p>\u2022Sise- ja v\u00e4lisk\u00fcljel\u00a0 kummipaneelid<br \/>\n\u2022 Toodetud T\u00fcrgis<\/p>\n<p>Sisetallapikkus<\/p>\n<p>nr. 37\u00a0 \u2013 23,7 cm<\/p>\n<p>nr. 38\u00a0 \u2013 24,5 cm<\/p>\n<p>nr. 39\u00a0 \u2013 25 ,5 cm<\/p>\n<p>nr.40 \u2013 26 \u0441m<\/p>\n<p>nr.41 \u2013 26,5 \u0441m<\/p>\n<p>nr.41 \u2013 27,5 \u0441m<\/p>\n","protected":false},"excerpt":{"rendered":"<p>Romantilise\u00a0 pealuumustriga slip &#8211; on vabaajajalatsid .<\/p>\n<p>\u2764\ufe0f\u00a0 Surm ei ole veel armastuse l\u00f5pp \u2764\ufe0f<\/p>\n","protected":false},"featured_media":9205,"comment_status":"open","ping_status":"closed","template":"","meta":{"_acf_changed":false},"product_brand":[],"product_cat":[122,121,124,141],"product_tag":[415,236,421,422,416,417],"class_list":{"0":"post-9172","1":"product","2":"type-product","3":"status-publish","4":"has-post-thumbnail","6":"product_cat-jalanoud-en","7":"product_cat-koik-tooted-en","8":"product_cat-naised-en","9":"product_cat-vabaajajalatsid-en","10":"product_tag-endless-love-en","11":"product_tag-new-en","12":"product_tag-pealuud-en","13":"product_tag-skull-en","14":"product_tag-slipon-en","15":"product_tag-vabaajajalatsid-en","17":"first","18":"instock","19":"sale","20":"taxable","21":"shipping-taxable","22":"purchasable","23":"product-type-variable","24":"has-default-attributes"},"acf":[],"yoast_head":"<!-- This site is optimized with the Yoast SEO plugin v27.6 - https:\/\/yoast.com\/product\/yoast-seo-wordpress\/ -->\n<title>MyEndlessLove vabaajajalatsid | Deanna Kingastuudio<\/title>\n<meta name=\"description\" content=\"Romantilise\u00a0 pealuumustriga slip - on vabaajajalatsid .  \u2764\ufe0f\u00a0 Surm ei ole veel armastuse l\u00f5pp \u2764\ufe0f\" \/>\n<meta name=\"robots\" content=\"index, follow, max-snippet:-1, max-image-preview:large, max-video-preview:-1\" \/>\n<link rel=\"canonical\" href=\"https:\/\/deanna.ee\/en\/jalanoud\/myendlesslove-vabaajajalatsid\/\" \/>\n<meta property=\"og:locale\" content=\"en_US\" \/>\n<meta property=\"og:type\" content=\"article\" \/>\n<meta property=\"og:title\" content=\"MyEndlessLove vabaajajalatsid | Deanna Kingastuudio\" \/>\n<meta property=\"og:description\" content=\"Romantilise\u00a0 pealuumustriga slip - on vabaajajalatsid .  \u2764\ufe0f\u00a0 Surm ei ole veel armastuse l\u00f5pp \u2764\ufe0f\" \/>\n<meta property=\"og:url\" content=\"https:\/\/deanna.ee\/en\/jalanoud\/myendlesslove-vabaajajalatsid\/\" \/>\n<meta property=\"og:site_name\" content=\"Deanna Kingastuudio\" \/>\n<meta property=\"article:publisher\" content=\"https:\/\/www.facebook.com\/Deannakingastuudio\" \/>\n<meta property=\"article:modified_time\" content=\"2023-10-12T08:18:18+00:00\" \/>\n<meta property=\"og:image\" content=\"https:\/\/deanna.ee\/wp-content\/uploads\/2022\/04\/343394550_575427078011430_4884420837882794486_n.jpg\" \/>\n\t<meta property=\"og:image:width\" content=\"1290\" \/>\n\t<meta property=\"og:image:height\" content=\"1720\" \/>\n\t<meta property=\"og:image:type\" content=\"image\/jpeg\" \/>\n<meta name=\"twitter:card\" content=\"summary_large_image\" \/>\n<meta name=\"twitter:label1\" content=\"Est. reading time\" \/>\n\t<meta name=\"twitter:data1\" content=\"1 minute\" \/>\n<script type=\"application\/ld+json\" class=\"yoast-schema-graph\">{\"@context\":\"https:\\\/\\\/schema.org\",\"@graph\":[{\"@type\":\"WebPage\",\"@id\":\"https:\\\/\\\/deanna.ee\\\/en\\\/jalanoud\\\/myendlesslove-vabaajajalatsid\\\/\",\"url\":\"https:\\\/\\\/deanna.ee\\\/en\\\/jalanoud\\\/myendlesslove-vabaajajalatsid\\\/\",\"name\":\"MyEndlessLove vabaajajalatsid | Deanna Kingastuudio\",\"isPartOf\":{\"@id\":\"https:\\\/\\\/deanna.ee\\\/#website\"},\"primaryImageOfPage\":{\"@id\":\"https:\\\/\\\/deanna.ee\\\/en\\\/jalanoud\\\/myendlesslove-vabaajajalatsid\\\/#primaryimage\"},\"image\":{\"@id\":\"https:\\\/\\\/deanna.ee\\\/en\\\/jalanoud\\\/myendlesslove-vabaajajalatsid\\\/#primaryimage\"},\"thumbnailUrl\":\"https:\\\/\\\/deanna.ee\\\/wp-content\\\/uploads\\\/2022\\\/04\\\/343394550_575427078011430_4884420837882794486_n.jpg\",\"datePublished\":\"2022-04-06T14:43:17+00:00\",\"dateModified\":\"2023-10-12T08:18:18+00:00\",\"description\":\"Romantilise\u00a0 pealuumustriga slip - on vabaajajalatsid . \u2764\ufe0f\u00a0 Surm ei ole veel armastuse l\u00f5pp \u2764\ufe0f\",\"breadcrumb\":{\"@id\":\"https:\\\/\\\/deanna.ee\\\/en\\\/jalanoud\\\/myendlesslove-vabaajajalatsid\\\/#breadcrumb\"},\"inLanguage\":\"en-US\",\"potentialAction\":[{\"@type\":\"ReadAction\",\"target\":[\"https:\\\/\\\/deanna.ee\\\/en\\\/jalanoud\\\/myendlesslove-vabaajajalatsid\\\/\"]}]},{\"@type\":\"ImageObject\",\"inLanguage\":\"en-US\",\"@id\":\"https:\\\/\\\/deanna.ee\\\/en\\\/jalanoud\\\/myendlesslove-vabaajajalatsid\\\/#primaryimage\",\"url\":\"https:\\\/\\\/deanna.ee\\\/wp-content\\\/uploads\\\/2022\\\/04\\\/343394550_575427078011430_4884420837882794486_n.jpg\",\"contentUrl\":\"https:\\\/\\\/deanna.ee\\\/wp-content\\\/uploads\\\/2022\\\/04\\\/343394550_575427078011430_4884420837882794486_n.jpg\",\"width\":1290,\"height\":1720},{\"@type\":\"BreadcrumbList\",\"@id\":\"https:\\\/\\\/deanna.ee\\\/en\\\/jalanoud\\\/myendlesslove-vabaajajalatsid\\\/#breadcrumb\",\"itemListElement\":[{\"@type\":\"ListItem\",\"position\":1,\"name\":\"Kodu\",\"item\":\"https:\\\/\\\/deanna.ee\\\/\"},{\"@type\":\"ListItem\",\"position\":2,\"name\":\"Pood\",\"item\":\"https:\\\/\\\/deanna.ee\\\/pood\\\/\"},{\"@type\":\"ListItem\",\"position\":3,\"name\":\"MyEndlessLove vabaajajalatsid\"}]},{\"@type\":\"WebSite\",\"@id\":\"https:\\\/\\\/deanna.ee\\\/#website\",\"url\":\"https:\\\/\\\/deanna.ee\\\/\",\"name\":\"Deanna Kingastuudio\",\"description\":\"Jalatsite m\u00fc\u00fck\",\"publisher\":{\"@id\":\"https:\\\/\\\/deanna.ee\\\/#organization\"},\"potentialAction\":[{\"@type\":\"SearchAction\",\"target\":{\"@type\":\"EntryPoint\",\"urlTemplate\":\"https:\\\/\\\/deanna.ee\\\/?s={search_term_string}\"},\"query-input\":{\"@type\":\"PropertyValueSpecification\",\"valueRequired\":true,\"valueName\":\"search_term_string\"}}],\"inLanguage\":\"en-US\"},{\"@type\":\"Organization\",\"@id\":\"https:\\\/\\\/deanna.ee\\\/#organization\",\"name\":\"Deanna O\u00dc\",\"url\":\"https:\\\/\\\/deanna.ee\\\/\",\"logo\":{\"@type\":\"ImageObject\",\"inLanguage\":\"en-US\",\"@id\":\"https:\\\/\\\/deanna.ee\\\/#\\\/schema\\\/logo\\\/image\\\/\",\"url\":\"https:\\\/\\\/deanna.ee\\\/wp-content\\\/uploads\\\/2022\\\/03\\\/Deanna-logo.png\",\"contentUrl\":\"https:\\\/\\\/deanna.ee\\\/wp-content\\\/uploads\\\/2022\\\/03\\\/Deanna-logo.png\",\"width\":909,\"height\":262,\"caption\":\"Deanna O\u00dc\"},\"image\":{\"@id\":\"https:\\\/\\\/deanna.ee\\\/#\\\/schema\\\/logo\\\/image\\\/\"},\"sameAs\":[\"https:\\\/\\\/www.facebook.com\\\/Deannakingastuudio\",\"https:\\\/\\\/www.instagram.com\\\/deannakingastuudio\\\/\"]}]}<\/script>\n<!-- \/ Yoast SEO plugin. -->","yoast_head_json":{"title":"MyEndlessLove vabaajajalatsid | Deanna Kingastuudio","description":"Romantilise\u00a0 pealuumustriga slip - on vabaajajalatsid .  \u2764\ufe0f\u00a0 Surm ei ole veel armastuse l\u00f5pp \u2764\ufe0f","robots":{"index":"index","follow":"follow","max-snippet":"max-snippet:-1","max-image-preview":"max-image-preview:large","max-video-preview":"max-video-preview:-1"},"canonical":"https:\/\/deanna.ee\/en\/jalanoud\/myendlesslove-vabaajajalatsid\/","og_locale":"en_US","og_type":"article","og_title":"MyEndlessLove vabaajajalatsid | Deanna Kingastuudio","og_description":"Romantilise\u00a0 pealuumustriga slip - on vabaajajalatsid .  \u2764\ufe0f\u00a0 Surm ei ole veel armastuse l\u00f5pp \u2764\ufe0f","og_url":"https:\/\/deanna.ee\/en\/jalanoud\/myendlesslove-vabaajajalatsid\/","og_site_name":"Deanna Kingastuudio","article_publisher":"https:\/\/www.facebook.com\/Deannakingastuudio","article_modified_time":"2023-10-12T08:18:18+00:00","og_image":[{"width":1290,"height":1720,"url":"https:\/\/deanna.ee\/wp-content\/uploads\/2022\/04\/343394550_575427078011430_4884420837882794486_n.jpg","type":"image\/jpeg"}],"twitter_card":"summary_large_image","twitter_misc":{"Est. reading time":"1 minute"},"schema":{"@context":"https:\/\/schema.org","@graph":[{"@type":"WebPage","@id":"https:\/\/deanna.ee\/en\/jalanoud\/myendlesslove-vabaajajalatsid\/","url":"https:\/\/deanna.ee\/en\/jalanoud\/myendlesslove-vabaajajalatsid\/","name":"MyEndlessLove vabaajajalatsid | Deanna Kingastuudio","isPartOf":{"@id":"https:\/\/deanna.ee\/#website"},"primaryImageOfPage":{"@id":"https:\/\/deanna.ee\/en\/jalanoud\/myendlesslove-vabaajajalatsid\/#primaryimage"},"image":{"@id":"https:\/\/deanna.ee\/en\/jalanoud\/myendlesslove-vabaajajalatsid\/#primaryimage"},"thumbnailUrl":"https:\/\/deanna.ee\/wp-content\/uploads\/2022\/04\/343394550_575427078011430_4884420837882794486_n.jpg","datePublished":"2022-04-06T14:43:17+00:00","dateModified":"2023-10-12T08:18:18+00:00","description":"Romantilise\u00a0 pealuumustriga slip - on vabaajajalatsid . \u2764\ufe0f\u00a0 Surm ei ole veel armastuse l\u00f5pp \u2764\ufe0f","breadcrumb":{"@id":"https:\/\/deanna.ee\/en\/jalanoud\/myendlesslove-vabaajajalatsid\/#breadcrumb"},"inLanguage":"en-US","potentialAction":[{"@type":"ReadAction","target":["https:\/\/deanna.ee\/en\/jalanoud\/myendlesslove-vabaajajalatsid\/"]}]},{"@type":"ImageObject","inLanguage":"en-US","@id":"https:\/\/deanna.ee\/en\/jalanoud\/myendlesslove-vabaajajalatsid\/#primaryimage","url":"https:\/\/deanna.ee\/wp-content\/uploads\/2022\/04\/343394550_575427078011430_4884420837882794486_n.jpg","contentUrl":"https:\/\/deanna.ee\/wp-content\/uploads\/2022\/04\/343394550_575427078011430_4884420837882794486_n.jpg","width":1290,"height":1720},{"@type":"BreadcrumbList","@id":"https:\/\/deanna.ee\/en\/jalanoud\/myendlesslove-vabaajajalatsid\/#breadcrumb","itemListElement":[{"@type":"ListItem","position":1,"name":"Kodu","item":"https:\/\/deanna.ee\/"},{"@type":"ListItem","position":2,"name":"Pood","item":"https:\/\/deanna.ee\/pood\/"},{"@type":"ListItem","position":3,"name":"MyEndlessLove vabaajajalatsid"}]},{"@type":"WebSite","@id":"https:\/\/deanna.ee\/#website","url":"https:\/\/deanna.ee\/","name":"Deanna Kingastuudio","description":"Jalatsite m\u00fc\u00fck","publisher":{"@id":"https:\/\/deanna.ee\/#organization"},"potentialAction":[{"@type":"SearchAction","target":{"@type":"EntryPoint","urlTemplate":"https:\/\/deanna.ee\/?s={search_term_string}"},"query-input":{"@type":"PropertyValueSpecification","valueRequired":true,"valueName":"search_term_string"}}],"inLanguage":"en-US"},{"@type":"Organization","@id":"https:\/\/deanna.ee\/#organization","name":"Deanna O\u00dc","url":"https:\/\/deanna.ee\/","logo":{"@type":"ImageObject","inLanguage":"en-US","@id":"https:\/\/deanna.ee\/#\/schema\/logo\/image\/","url":"https:\/\/deanna.ee\/wp-content\/uploads\/2022\/03\/Deanna-logo.png","contentUrl":"https:\/\/deanna.ee\/wp-content\/uploads\/2022\/03\/Deanna-logo.png","width":909,"height":262,"caption":"Deanna O\u00dc"},"image":{"@id":"https:\/\/deanna.ee\/#\/schema\/logo\/image\/"},"sameAs":["https:\/\/www.facebook.com\/Deannakingastuudio","https:\/\/www.instagram.com\/deannakingastuudio\/"]}]}},"_links":{"self":[{"href":"https:\/\/deanna.ee\/en\/wp-json\/wp\/v2\/product\/9172","targetHints":{"allow":["GET"]}}],"collection":[{"href":"https:\/\/deanna.ee\/en\/wp-json\/wp\/v2\/product"}],"about":[{"href":"https:\/\/deanna.ee\/en\/wp-json\/wp\/v2\/types\/product"}],"replies":[{"embeddable":true,"href":"https:\/\/deanna.ee\/en\/wp-json\/wp\/v2\/comments?post=9172"}],"wp:featuredmedia":[{"embeddable":true,"href":"https:\/\/deanna.ee\/en\/wp-json\/wp\/v2\/media\/9205"}],"wp:attachment":[{"href":"https:\/\/deanna.ee\/en\/wp-json\/wp\/v2\/media?parent=9172"}],"wp:term":[{"taxonomy":"product_brand","embeddable":true,"href":"https:\/\/deanna.ee\/en\/wp-json\/wp\/v2\/product_brand?post=9172"},{"taxonomy":"product_cat","embeddable":true,"href":"https:\/\/deanna.ee\/en\/wp-json\/wp\/v2\/product_cat?post=9172"},{"taxonomy":"product_tag","embeddable":true,"href":"https:\/\/deanna.ee\/en\/wp-json\/wp\/v2\/product_tag?post=9172"}],"curies":[{"name":"wp","href":"https:\/\/api.w.org\/{rel}","templated":true}]}}