{"id":8715,"date":"2023-04-19T13:59:53","date_gmt":"2023-04-19T11:59:53","guid":{"rendered":"https:\/\/deanna.ee\/?post_type=product&#038;p=8715"},"modified":"2025-05-29T12:18:49","modified_gmt":"2025-05-29T10:18:49","slug":"myeggshell-oxford-kingad","status":"publish","type":"product","link":"https:\/\/deanna.ee\/en\/jalanoud\/myeggshell-oxford-kingad\/","title":{"rendered":"MyEggshell Oxford kingad"},"content":{"rendered":"<p>MyEggshell Oxford kingad<\/p>\n<p>Klassikalised oxfordid\u00a0 on effektse disainiga\u00a0 ,kuid samas rahulikumates\u00a0 v\u00e4rvides, neid lihtne sobitada igap\u00e4evase riietusega\u00a0 v\u00f5i lisada veidi v\u00e4limusele p\u00f5nevust ja oman\u00e4olisust.<\/p>\n<p>Kingad on t\u00e4pilises mustrikuues musta -beezil taustal.<\/p>\n<p>M\u00f5nusal laialiistulisel kingal k\u00f5rgem pooll\u00e4bipaistev tald \u00a0on\u00a0 kummine ja tagab hea pindadega haarduvuse. Antud kingamudel sobib h\u00e4sti ka laiemale ja k\u00f5rgemale jalat\u00fc\u00fcbile.<\/p>\n<p>Suurust valides oleks sobivam v\u00f5tta number v\u00e4iksem king &#8211; n\u00e4iteks kui kannad number 40 , siis 39 oleks m\u00f5nusalt paras.<\/p>\n<p>&nbsp;<\/p>\n<p>Nr.37 stp &#8211; 24,7 cm.<\/p>\n<p>Nr.38 stp &#8211; 24.6 cm.<\/p>\n<p>Nr.39 stp &#8211; 25,5 cm.<\/p>\n<p>Nr.40 stp &#8211; 26 cm.<\/p>\n<p>Nr.41 stp &#8211; 26.5 cm.<\/p>\n<p>\u2022 Vegan nahast-\u00a0 mugavad ja hingavad( ftalaadi ja azo vabad)<br \/>\n\u2022 Valminud k\u00e4sit\u00f6\u00f6na \ud83e\udea1<br \/>\n\u2022 Solvendivabad v\u00e4rvid<br \/>\n\u2022 3-aasaline paelkinnitus<br \/>\n\u2022Kontsak\u00f5rgus -3,5 cm<br \/>\n\u2022 Tugevdatud kand<br \/>\n\u2022 P\u00e4ritoluriik: T\u00fcrgi<\/p>\n","protected":false},"excerpt":{"rendered":"<p>Modernse , linnaliku stiiliga ja m\u00f5nusalt laia liistuga klassikalised oxfordid musta-valge t\u00e4pilises disainis.<\/p>\n<p>Ideaalsed s\u00fcgiseks\u00a0 &#8211; k\u00f5rgema\u00a0 kummise tallaga , m\u00f5nusates beezides toonides effektse mustriga.<\/p>\n<p>Rahulikuma mustriga kingi on lihtne sobitada garderoobiga.<\/p>\n<div><span class=\"product-message\"><strong>PROOVI neid\u00a0 Deanna Kingastuudios \u2013 Kivimurru 20\/1 Tallinn mob.56673263 v\u00f5i telli l\u00e4himasse pakiautommati ! Tarneaeg 2-3 tp<\/strong><\/span><\/div>\n<div><span style=\"color: #800080;\"><strong>Tagastamine &amp; vahetamine TASUTA.<\/strong><\/span><\/div>\n<p><strong><span class=\"il\">Maksa hiljem v\u00f5i maksa kahes osas!<\/span><\/strong><\/p>\n<p><span class=\"il\">Saad<\/span>\u00a0ostu eest tasuda KUU aja p\u00e4rast v\u00f5i 2 OSAS ilma \u00fchegi lisatasuta \u2013\u00a0<strong>0% intress,0 \u20ac lepingutasu ja 0 \u20ac haldustasu.<\/strong><\/p>\n<p><b><\/b>Transport: al.2.99 \u20ac, al. 100\u20ac ostust Omniva ja Smartposti automaati<strong>\u00a0tasuta<\/strong>!<\/p>\n","protected":false},"featured_media":9870,"comment_status":"open","ping_status":"closed","template":"","meta":{"_acf_changed":false},"product_brand":[],"product_cat":[122,121,124,221,155,165,141],"product_tag":[],"class_list":{"0":"post-8715","1":"product","2":"type-product","3":"status-publish","4":"has-post-thumbnail","6":"product_cat-jalanoud-en","7":"product_cat-koik-tooted-en","8":"product_cat-naised-en","9":"product_cat-new-en","10":"product_cat-oxford-kingad-jalanoud-en","11":"product_cat-unisex-en","12":"product_cat-vabaajajalatsid-en","14":"first","15":"instock","16":"sale","17":"featured","18":"sold-individually","19":"taxable","20":"shipping-taxable","21":"purchasable","22":"product-type-variable"},"acf":[],"yoast_head":"<!-- This site is optimized with the Yoast SEO plugin v27.5 - https:\/\/yoast.com\/product\/yoast-seo-wordpress\/ -->\n<title>MyEggshell Oxford kingad | Deanna Kingastuudio<\/title>\n<meta name=\"description\" content=\"Modernse , linnaliku stiiliga ja m\u00f5nusalt laia liistuga klassikalised oxfordid musta-valge t\u00e4pilises disainis.  Ideaalsed s\u00fcgiseks\u00a0 - k\u00f5rgema\u00a0 kummise tallaga , m\u00f5nusates beezides toonides effektse mustriga.  Rahulikuma mustriga kingi on lihtne sobitada garderoobiga. PROOVI neid\u00a0 Deanna Kingastuudios \u2013 Kivimurru 20\/1 Tallinn mob.56673263 v\u00f5i telli l\u00e4himasse pakiautommati ! Tarneaeg 2-3 tp Tagastamine &amp; vahetamine TASUTA. Maksa hiljem v\u00f5i maksa kahes osas!  Saad\u00a0ostu eest tasuda KUU aja p\u00e4rast v\u00f5i 2 OSAS ilma \u00fchegi lisatasuta \u2013\u00a00% intress,0 \u20ac lepingutasu ja 0 \u20ac haldustasu.  Transport: al.2.99 \u20ac, al. 100\u20ac ostust Omniva ja Smartposti automaati\u00a0tasuta! Deanna Kingastuudio\" \/>\n<meta name=\"robots\" content=\"index, follow, max-snippet:-1, max-image-preview:large, max-video-preview:-1\" \/>\n<link rel=\"canonical\" href=\"https:\/\/deanna.ee\/en\/jalanoud\/myeggshell-oxford-kingad\/\" \/>\n<meta property=\"og:locale\" content=\"en_US\" \/>\n<meta property=\"og:type\" content=\"article\" \/>\n<meta property=\"og:title\" content=\"MyEggshell Oxford kingad | Deanna Kingastuudio\" \/>\n<meta property=\"og:description\" content=\"Modernse , linnaliku stiiliga ja m\u00f5nusalt laia liistuga klassikalised oxfordid musta-valge t\u00e4pilises disainis.  Ideaalsed s\u00fcgiseks\u00a0 - k\u00f5rgema\u00a0 kummise tallaga , m\u00f5nusates beezides toonides effektse mustriga.  Rahulikuma mustriga kingi on lihtne sobitada garderoobiga. PROOVI neid\u00a0 Deanna Kingastuudios \u2013 Kivimurru 20\/1 Tallinn mob.56673263 v\u00f5i telli l\u00e4himasse pakiautommati ! Tarneaeg 2-3 tp Tagastamine &amp; vahetamine TASUTA. Maksa hiljem v\u00f5i maksa kahes osas!  Saad\u00a0ostu eest tasuda KUU aja p\u00e4rast v\u00f5i 2 OSAS ilma \u00fchegi lisatasuta \u2013\u00a00% intress,0 \u20ac lepingutasu ja 0 \u20ac haldustasu.  Transport: al.2.99 \u20ac, al. 100\u20ac ostust Omniva ja Smartposti automaati\u00a0tasuta! Deanna Kingastuudio\" \/>\n<meta property=\"og:url\" content=\"https:\/\/deanna.ee\/en\/jalanoud\/myeggshell-oxford-kingad\/\" \/>\n<meta property=\"og:site_name\" content=\"Deanna Kingastuudio\" \/>\n<meta property=\"article:publisher\" content=\"https:\/\/www.facebook.com\/Deannakingastuudio\" \/>\n<meta property=\"article:modified_time\" content=\"2025-05-29T10:18:49+00:00\" \/>\n<meta property=\"og:image\" content=\"https:\/\/deanna.ee\/wp-content\/uploads\/2023\/04\/381009916_690901282993501_7814030406386523691_n.jpg\" \/>\n\t<meta property=\"og:image:width\" content=\"1290\" \/>\n\t<meta property=\"og:image:height\" content=\"1720\" \/>\n\t<meta property=\"og:image:type\" content=\"image\/jpeg\" \/>\n<meta name=\"twitter:card\" content=\"summary_large_image\" \/>\n<meta name=\"twitter:label1\" content=\"Est. reading time\" \/>\n\t<meta name=\"twitter:data1\" content=\"1 minute\" \/>\n<script type=\"application\/ld+json\" class=\"yoast-schema-graph\">{\"@context\":\"https:\\\/\\\/schema.org\",\"@graph\":[{\"@type\":\"WebPage\",\"@id\":\"https:\\\/\\\/deanna.ee\\\/en\\\/jalanoud\\\/myeggshell-oxford-kingad\\\/\",\"url\":\"https:\\\/\\\/deanna.ee\\\/en\\\/jalanoud\\\/myeggshell-oxford-kingad\\\/\",\"name\":\"MyEggshell Oxford kingad | Deanna Kingastuudio\",\"isPartOf\":{\"@id\":\"https:\\\/\\\/deanna.ee\\\/#website\"},\"primaryImageOfPage\":{\"@id\":\"https:\\\/\\\/deanna.ee\\\/en\\\/jalanoud\\\/myeggshell-oxford-kingad\\\/#primaryimage\"},\"image\":{\"@id\":\"https:\\\/\\\/deanna.ee\\\/en\\\/jalanoud\\\/myeggshell-oxford-kingad\\\/#primaryimage\"},\"thumbnailUrl\":\"https:\\\/\\\/deanna.ee\\\/wp-content\\\/uploads\\\/2023\\\/04\\\/381009916_690901282993501_7814030406386523691_n.jpg\",\"datePublished\":\"2023-04-19T11:59:53+00:00\",\"dateModified\":\"2025-05-29T10:18:49+00:00\",\"description\":\"Modernse , linnaliku stiiliga ja m\u00f5nusalt laia liistuga klassikalised oxfordid musta-valge t\u00e4pilises disainis. Ideaalsed s\u00fcgiseks\u00a0 - k\u00f5rgema\u00a0 kummise tallaga , m\u00f5nusates beezides toonides effektse mustriga. Rahulikuma mustriga kingi on lihtne sobitada garderoobiga. PROOVI neid\u00a0 Deanna Kingastuudios \u2013 Kivimurru 20\\\/1 Tallinn mob.56673263 v\u00f5i telli l\u00e4himasse pakiautommati ! Tarneaeg 2-3 tp Tagastamine &amp; vahetamine TASUTA. Maksa hiljem v\u00f5i maksa kahes osas! Saad\u00a0ostu eest tasuda KUU aja p\u00e4rast v\u00f5i 2 OSAS ilma \u00fchegi lisatasuta \u2013\u00a00% intress,0 \u20ac lepingutasu ja 0 \u20ac haldustasu. Transport: al.2.99 \u20ac, al. 100\u20ac ostust Omniva ja Smartposti automaati\u00a0tasuta! Deanna Kingastuudio\",\"breadcrumb\":{\"@id\":\"https:\\\/\\\/deanna.ee\\\/en\\\/jalanoud\\\/myeggshell-oxford-kingad\\\/#breadcrumb\"},\"inLanguage\":\"en-US\",\"potentialAction\":[{\"@type\":\"ReadAction\",\"target\":[\"https:\\\/\\\/deanna.ee\\\/en\\\/jalanoud\\\/myeggshell-oxford-kingad\\\/\"]}]},{\"@type\":\"ImageObject\",\"inLanguage\":\"en-US\",\"@id\":\"https:\\\/\\\/deanna.ee\\\/en\\\/jalanoud\\\/myeggshell-oxford-kingad\\\/#primaryimage\",\"url\":\"https:\\\/\\\/deanna.ee\\\/wp-content\\\/uploads\\\/2023\\\/04\\\/381009916_690901282993501_7814030406386523691_n.jpg\",\"contentUrl\":\"https:\\\/\\\/deanna.ee\\\/wp-content\\\/uploads\\\/2023\\\/04\\\/381009916_690901282993501_7814030406386523691_n.jpg\",\"width\":1290,\"height\":1720,\"caption\":\"Deanna Kingastuudio\"},{\"@type\":\"BreadcrumbList\",\"@id\":\"https:\\\/\\\/deanna.ee\\\/en\\\/jalanoud\\\/myeggshell-oxford-kingad\\\/#breadcrumb\",\"itemListElement\":[{\"@type\":\"ListItem\",\"position\":1,\"name\":\"Kodu\",\"item\":\"https:\\\/\\\/deanna.ee\\\/\"},{\"@type\":\"ListItem\",\"position\":2,\"name\":\"Pood\",\"item\":\"https:\\\/\\\/deanna.ee\\\/pood\\\/\"},{\"@type\":\"ListItem\",\"position\":3,\"name\":\"MyEggshell Oxford kingad\"}]},{\"@type\":\"WebSite\",\"@id\":\"https:\\\/\\\/deanna.ee\\\/#website\",\"url\":\"https:\\\/\\\/deanna.ee\\\/\",\"name\":\"Deanna Kingastuudio\",\"description\":\"Jalatsite m\u00fc\u00fck\",\"publisher\":{\"@id\":\"https:\\\/\\\/deanna.ee\\\/#organization\"},\"potentialAction\":[{\"@type\":\"SearchAction\",\"target\":{\"@type\":\"EntryPoint\",\"urlTemplate\":\"https:\\\/\\\/deanna.ee\\\/?s={search_term_string}\"},\"query-input\":{\"@type\":\"PropertyValueSpecification\",\"valueRequired\":true,\"valueName\":\"search_term_string\"}}],\"inLanguage\":\"en-US\"},{\"@type\":\"Organization\",\"@id\":\"https:\\\/\\\/deanna.ee\\\/#organization\",\"name\":\"Deanna O\u00dc\",\"url\":\"https:\\\/\\\/deanna.ee\\\/\",\"logo\":{\"@type\":\"ImageObject\",\"inLanguage\":\"en-US\",\"@id\":\"https:\\\/\\\/deanna.ee\\\/#\\\/schema\\\/logo\\\/image\\\/\",\"url\":\"https:\\\/\\\/deanna.ee\\\/wp-content\\\/uploads\\\/2022\\\/03\\\/Deanna-logo.png\",\"contentUrl\":\"https:\\\/\\\/deanna.ee\\\/wp-content\\\/uploads\\\/2022\\\/03\\\/Deanna-logo.png\",\"width\":909,\"height\":262,\"caption\":\"Deanna O\u00dc\"},\"image\":{\"@id\":\"https:\\\/\\\/deanna.ee\\\/#\\\/schema\\\/logo\\\/image\\\/\"},\"sameAs\":[\"https:\\\/\\\/www.facebook.com\\\/Deannakingastuudio\",\"https:\\\/\\\/www.instagram.com\\\/deannakingastuudio\\\/\"]}]}<\/script>\n<!-- \/ Yoast SEO plugin. -->","yoast_head_json":{"title":"MyEggshell Oxford kingad | Deanna Kingastuudio","description":"Modernse , linnaliku stiiliga ja m\u00f5nusalt laia liistuga klassikalised oxfordid musta-valge t\u00e4pilises disainis.  Ideaalsed s\u00fcgiseks\u00a0 - k\u00f5rgema\u00a0 kummise tallaga , m\u00f5nusates beezides toonides effektse mustriga.  Rahulikuma mustriga kingi on lihtne sobitada garderoobiga. PROOVI neid\u00a0 Deanna Kingastuudios \u2013 Kivimurru 20\/1 Tallinn mob.56673263 v\u00f5i telli l\u00e4himasse pakiautommati ! Tarneaeg 2-3 tp Tagastamine &amp; vahetamine TASUTA. Maksa hiljem v\u00f5i maksa kahes osas!  Saad\u00a0ostu eest tasuda KUU aja p\u00e4rast v\u00f5i 2 OSAS ilma \u00fchegi lisatasuta \u2013\u00a00% intress,0 \u20ac lepingutasu ja 0 \u20ac haldustasu.  Transport: al.2.99 \u20ac, al. 100\u20ac ostust Omniva ja Smartposti automaati\u00a0tasuta! Deanna Kingastuudio","robots":{"index":"index","follow":"follow","max-snippet":"max-snippet:-1","max-image-preview":"max-image-preview:large","max-video-preview":"max-video-preview:-1"},"canonical":"https:\/\/deanna.ee\/en\/jalanoud\/myeggshell-oxford-kingad\/","og_locale":"en_US","og_type":"article","og_title":"MyEggshell Oxford kingad | Deanna Kingastuudio","og_description":"Modernse , linnaliku stiiliga ja m\u00f5nusalt laia liistuga klassikalised oxfordid musta-valge t\u00e4pilises disainis.  Ideaalsed s\u00fcgiseks\u00a0 - k\u00f5rgema\u00a0 kummise tallaga , m\u00f5nusates beezides toonides effektse mustriga.  Rahulikuma mustriga kingi on lihtne sobitada garderoobiga. PROOVI neid\u00a0 Deanna Kingastuudios \u2013 Kivimurru 20\/1 Tallinn mob.56673263 v\u00f5i telli l\u00e4himasse pakiautommati ! Tarneaeg 2-3 tp Tagastamine &amp; vahetamine TASUTA. Maksa hiljem v\u00f5i maksa kahes osas!  Saad\u00a0ostu eest tasuda KUU aja p\u00e4rast v\u00f5i 2 OSAS ilma \u00fchegi lisatasuta \u2013\u00a00% intress,0 \u20ac lepingutasu ja 0 \u20ac haldustasu.  Transport: al.2.99 \u20ac, al. 100\u20ac ostust Omniva ja Smartposti automaati\u00a0tasuta! Deanna Kingastuudio","og_url":"https:\/\/deanna.ee\/en\/jalanoud\/myeggshell-oxford-kingad\/","og_site_name":"Deanna Kingastuudio","article_publisher":"https:\/\/www.facebook.com\/Deannakingastuudio","article_modified_time":"2025-05-29T10:18:49+00:00","og_image":[{"width":1290,"height":1720,"url":"https:\/\/deanna.ee\/wp-content\/uploads\/2023\/04\/381009916_690901282993501_7814030406386523691_n.jpg","type":"image\/jpeg"}],"twitter_card":"summary_large_image","twitter_misc":{"Est. reading time":"1 minute"},"schema":{"@context":"https:\/\/schema.org","@graph":[{"@type":"WebPage","@id":"https:\/\/deanna.ee\/en\/jalanoud\/myeggshell-oxford-kingad\/","url":"https:\/\/deanna.ee\/en\/jalanoud\/myeggshell-oxford-kingad\/","name":"MyEggshell Oxford kingad | Deanna Kingastuudio","isPartOf":{"@id":"https:\/\/deanna.ee\/#website"},"primaryImageOfPage":{"@id":"https:\/\/deanna.ee\/en\/jalanoud\/myeggshell-oxford-kingad\/#primaryimage"},"image":{"@id":"https:\/\/deanna.ee\/en\/jalanoud\/myeggshell-oxford-kingad\/#primaryimage"},"thumbnailUrl":"https:\/\/deanna.ee\/wp-content\/uploads\/2023\/04\/381009916_690901282993501_7814030406386523691_n.jpg","datePublished":"2023-04-19T11:59:53+00:00","dateModified":"2025-05-29T10:18:49+00:00","description":"Modernse , linnaliku stiiliga ja m\u00f5nusalt laia liistuga klassikalised oxfordid musta-valge t\u00e4pilises disainis. Ideaalsed s\u00fcgiseks\u00a0 - k\u00f5rgema\u00a0 kummise tallaga , m\u00f5nusates beezides toonides effektse mustriga. Rahulikuma mustriga kingi on lihtne sobitada garderoobiga. PROOVI neid\u00a0 Deanna Kingastuudios \u2013 Kivimurru 20\/1 Tallinn mob.56673263 v\u00f5i telli l\u00e4himasse pakiautommati ! Tarneaeg 2-3 tp Tagastamine &amp; vahetamine TASUTA. Maksa hiljem v\u00f5i maksa kahes osas! Saad\u00a0ostu eest tasuda KUU aja p\u00e4rast v\u00f5i 2 OSAS ilma \u00fchegi lisatasuta \u2013\u00a00% intress,0 \u20ac lepingutasu ja 0 \u20ac haldustasu. Transport: al.2.99 \u20ac, al. 100\u20ac ostust Omniva ja Smartposti automaati\u00a0tasuta! Deanna Kingastuudio","breadcrumb":{"@id":"https:\/\/deanna.ee\/en\/jalanoud\/myeggshell-oxford-kingad\/#breadcrumb"},"inLanguage":"en-US","potentialAction":[{"@type":"ReadAction","target":["https:\/\/deanna.ee\/en\/jalanoud\/myeggshell-oxford-kingad\/"]}]},{"@type":"ImageObject","inLanguage":"en-US","@id":"https:\/\/deanna.ee\/en\/jalanoud\/myeggshell-oxford-kingad\/#primaryimage","url":"https:\/\/deanna.ee\/wp-content\/uploads\/2023\/04\/381009916_690901282993501_7814030406386523691_n.jpg","contentUrl":"https:\/\/deanna.ee\/wp-content\/uploads\/2023\/04\/381009916_690901282993501_7814030406386523691_n.jpg","width":1290,"height":1720,"caption":"Deanna Kingastuudio"},{"@type":"BreadcrumbList","@id":"https:\/\/deanna.ee\/en\/jalanoud\/myeggshell-oxford-kingad\/#breadcrumb","itemListElement":[{"@type":"ListItem","position":1,"name":"Kodu","item":"https:\/\/deanna.ee\/"},{"@type":"ListItem","position":2,"name":"Pood","item":"https:\/\/deanna.ee\/pood\/"},{"@type":"ListItem","position":3,"name":"MyEggshell Oxford kingad"}]},{"@type":"WebSite","@id":"https:\/\/deanna.ee\/#website","url":"https:\/\/deanna.ee\/","name":"Deanna Kingastuudio","description":"Jalatsite m\u00fc\u00fck","publisher":{"@id":"https:\/\/deanna.ee\/#organization"},"potentialAction":[{"@type":"SearchAction","target":{"@type":"EntryPoint","urlTemplate":"https:\/\/deanna.ee\/?s={search_term_string}"},"query-input":{"@type":"PropertyValueSpecification","valueRequired":true,"valueName":"search_term_string"}}],"inLanguage":"en-US"},{"@type":"Organization","@id":"https:\/\/deanna.ee\/#organization","name":"Deanna O\u00dc","url":"https:\/\/deanna.ee\/","logo":{"@type":"ImageObject","inLanguage":"en-US","@id":"https:\/\/deanna.ee\/#\/schema\/logo\/image\/","url":"https:\/\/deanna.ee\/wp-content\/uploads\/2022\/03\/Deanna-logo.png","contentUrl":"https:\/\/deanna.ee\/wp-content\/uploads\/2022\/03\/Deanna-logo.png","width":909,"height":262,"caption":"Deanna O\u00dc"},"image":{"@id":"https:\/\/deanna.ee\/#\/schema\/logo\/image\/"},"sameAs":["https:\/\/www.facebook.com\/Deannakingastuudio","https:\/\/www.instagram.com\/deannakingastuudio\/"]}]}},"_links":{"self":[{"href":"https:\/\/deanna.ee\/en\/wp-json\/wp\/v2\/product\/8715","targetHints":{"allow":["GET"]}}],"collection":[{"href":"https:\/\/deanna.ee\/en\/wp-json\/wp\/v2\/product"}],"about":[{"href":"https:\/\/deanna.ee\/en\/wp-json\/wp\/v2\/types\/product"}],"replies":[{"embeddable":true,"href":"https:\/\/deanna.ee\/en\/wp-json\/wp\/v2\/comments?post=8715"}],"wp:featuredmedia":[{"embeddable":true,"href":"https:\/\/deanna.ee\/en\/wp-json\/wp\/v2\/media\/9870"}],"wp:attachment":[{"href":"https:\/\/deanna.ee\/en\/wp-json\/wp\/v2\/media?parent=8715"}],"wp:term":[{"taxonomy":"product_brand","embeddable":true,"href":"https:\/\/deanna.ee\/en\/wp-json\/wp\/v2\/product_brand?post=8715"},{"taxonomy":"product_cat","embeddable":true,"href":"https:\/\/deanna.ee\/en\/wp-json\/wp\/v2\/product_cat?post=8715"},{"taxonomy":"product_tag","embeddable":true,"href":"https:\/\/deanna.ee\/en\/wp-json\/wp\/v2\/product_tag?post=8715"}],"curies":[{"name":"wp","href":"https:\/\/api.w.org\/{rel}","templated":true}]}}