{"id":8556,"date":"2023-04-13T10:31:54","date_gmt":"2023-04-13T08:31:54","guid":{"rendered":"https:\/\/deanna.ee\/?post_type=product&#038;p=8556"},"modified":"2023-08-10T14:11:29","modified_gmt":"2023-08-10T12:11:29","slug":"mymandala-madalad-botikud","status":"publish","type":"product","link":"https:\/\/deanna.ee\/en\/jalanoud\/mymandala-madalad-botikud\/","title":{"rendered":"MyMandala madalad botikud\u00a0"},"content":{"rendered":"<p><strong>MyMandala madalad botikud\u00a0<\/strong><\/p>\n<p>P\u00f5nevad madalad botiku t\u00fc\u00fcpi saapad \u00fcmara ninaosaga ja laiema liistuga.<\/p>\n<p>Kummist traktormustriga tallal saapad on\u00a0 niikusth\u00fclgavad ja hingavad.<\/p>\n<p>Sisetald on vajadusel eemaldatav.<\/p>\n<p>Sisepind on kombineeritud fliis -puuvilla\u00a0 voodriga.<\/p>\n<p>Naudi \u00f5ues liikumist ilmast olenemata\u00a0 ja olles samas isikup\u00e4rane .<\/p>\n<p>&nbsp;<\/p>\n<p>\u2022Vegan nahast &#8211; kerged,niiskuskindlad ja vastupidavad.<\/p>\n<p>\u2022 Valminud k\u00e4sit\u00f6\u00f6na \ud83e\udea1<br \/>\n\u2022 Solvendivabad v\u00e4rvid<br \/>\n\u2022 5-auguline n\u00f6\u00f6rimine metallaasadel\u2022 \u00a0\u00dcmara ninaga<br \/>\n\u2022 V\u00e4listald &#8211; elastne kulumiskindel kumm<br \/>\n\u2022 Kontsak\u00f5rgus &#8211; 3sm<br \/>\n\u2022 Sobivad ka laiemale jalale.<br \/>\n\u2022 Pehme m\u00e4luvahust sisetald<br \/>\n\u2022 \u00d5huke puuvillane vooder<br \/>\n\u2022 P\u00e4ritoluriik: T\u00fcrgi<\/p>\n<p>Sisetallapikkus &#8211;<\/p>\n<ul>\n<li>Nr.37\u00a0 \u2013 23.5 cm<\/li>\n<li>Nr.39\u00a0 \u2013 25 cm<\/li>\n<li>Nr.40\u00a0 \u2013 26 cm<\/li>\n<li>Nr.41\u00a0 \u2013 26.5 cm<\/li>\n<li>Nr.42\u00a0 \u2013 27 cm<\/li>\n<\/ul>\n","protected":false},"excerpt":{"rendered":"<p>MyMandala madalad botikud on rahuliku mandala motiiviga madalad saapad.<\/p>\n<p>Mugav laius ja kummine v\u00e4listald tagab m\u00f5nusa sammu kogu p\u00e4eva v\u00e4ltel.<\/p>\n<p>&nbsp;<\/p>\n<div><span class=\"product-message\"><strong>PROOVI neid\u00a0 Deanna Kingastuudios \u2013 Kivimurru 20\/1 Tallinn mob.56673263 v\u00f5i telli l\u00e4himasse pakiautommati ! Tarneaeg 2-3 tp<\/strong><\/span><\/div>\n<div><strong>Tagastamine &amp; vahetamine TASUTA.<\/strong><\/div>\n<p><strong><span class=\"il\">Maksa hiljem v\u00f5i maksa kahes osas!<\/span><\/strong><\/p>\n<p><span class=\"il\">Saad<\/span>\u00a0ostu eest tasuda KUU aja p\u00e4rast v\u00f5i 2 OSAS ilma \u00fchegi lisatasuta \u2013\u00a0<strong>0% intress,0 \u20ac lepingutasu ja 0 \u20ac haldustasu.<\/strong><\/p>\n<p><b><\/b>Transport: al.2.99 \u20ac, al. 100\u20ac ostust Omniva ja Smartposti automaati<strong>\u00a0tasuta<\/strong>!<\/p>\n","protected":false},"featured_media":8587,"comment_status":"open","ping_status":"closed","template":"","meta":{"_acf_changed":false},"product_brand":[],"product_cat":[122,121,123,124,221],"product_tag":[210,247,235,236,237],"class_list":{"0":"post-8556","1":"product","2":"type-product","3":"status-publish","4":"has-post-thumbnail","6":"product_cat-jalanoud-en","7":"product_cat-koik-tooted-en","8":"product_cat-madalad-saapad-en","9":"product_cat-naised-en","10":"product_cat-new-en","11":"product_tag-botikud-en","12":"product_tag-madala-en","13":"product_tag-madalad-saapad-en","14":"product_tag-new-en","15":"product_tag-uus-en","17":"first","18":"instock","19":"taxable","20":"shipping-taxable","21":"product-type-variable"},"acf":[],"yoast_head":"<!-- This site is optimized with the Yoast SEO plugin v27.4 - https:\/\/yoast.com\/product\/yoast-seo-wordpress\/ -->\n<title>MyMandala madalad botikud\u00a0 | Deanna Kingastuudio<\/title>\n<meta name=\"description\" content=\"Deanna Kingastuudio MyMandala madalad botikud\u00a0 |\" \/>\n<meta name=\"robots\" content=\"index, follow, max-snippet:-1, max-image-preview:large, max-video-preview:-1\" \/>\n<link rel=\"canonical\" href=\"https:\/\/deanna.ee\/en\/jalanoud\/mymandala-madalad-botikud\/\" \/>\n<meta property=\"og:locale\" content=\"en_US\" \/>\n<meta property=\"og:type\" content=\"article\" \/>\n<meta property=\"og:title\" content=\"MyMandala madalad botikud\u00a0 | Deanna Kingastuudio\" \/>\n<meta property=\"og:description\" content=\"Deanna Kingastuudio MyMandala madalad botikud\u00a0 |\" \/>\n<meta property=\"og:url\" content=\"https:\/\/deanna.ee\/en\/jalanoud\/mymandala-madalad-botikud\/\" \/>\n<meta property=\"og:site_name\" content=\"Deanna Kingastuudio\" \/>\n<meta property=\"article:publisher\" content=\"https:\/\/www.facebook.com\/Deannakingastuudio\" \/>\n<meta property=\"article:modified_time\" content=\"2023-08-10T12:11:29+00:00\" \/>\n<meta property=\"og:image\" content=\"https:\/\/deanna.ee\/wp-content\/uploads\/2023\/04\/MyMandalaBOT2.jpg\" \/>\n\t<meta property=\"og:image:width\" content=\"1290\" \/>\n\t<meta property=\"og:image:height\" content=\"1290\" \/>\n\t<meta property=\"og:image:type\" content=\"image\/jpeg\" \/>\n<meta name=\"twitter:card\" content=\"summary_large_image\" \/>\n<meta name=\"twitter:label1\" content=\"Est. reading time\" \/>\n\t<meta name=\"twitter:data1\" content=\"1 minute\" \/>\n<script type=\"application\/ld+json\" class=\"yoast-schema-graph\">{\"@context\":\"https:\\\/\\\/schema.org\",\"@graph\":[{\"@type\":\"WebPage\",\"@id\":\"https:\\\/\\\/deanna.ee\\\/en\\\/jalanoud\\\/mymandala-madalad-botikud\\\/\",\"url\":\"https:\\\/\\\/deanna.ee\\\/en\\\/jalanoud\\\/mymandala-madalad-botikud\\\/\",\"name\":\"MyMandala madalad botikud\u00a0 | Deanna Kingastuudio\",\"isPartOf\":{\"@id\":\"https:\\\/\\\/deanna.ee\\\/#website\"},\"primaryImageOfPage\":{\"@id\":\"https:\\\/\\\/deanna.ee\\\/en\\\/jalanoud\\\/mymandala-madalad-botikud\\\/#primaryimage\"},\"image\":{\"@id\":\"https:\\\/\\\/deanna.ee\\\/en\\\/jalanoud\\\/mymandala-madalad-botikud\\\/#primaryimage\"},\"thumbnailUrl\":\"https:\\\/\\\/deanna.ee\\\/wp-content\\\/uploads\\\/2023\\\/04\\\/MyMandalaBOT2.jpg\",\"datePublished\":\"2023-04-13T08:31:54+00:00\",\"dateModified\":\"2023-08-10T12:11:29+00:00\",\"description\":\"Deanna Kingastuudio MyMandala madalad botikud\u00a0 |\",\"breadcrumb\":{\"@id\":\"https:\\\/\\\/deanna.ee\\\/en\\\/jalanoud\\\/mymandala-madalad-botikud\\\/#breadcrumb\"},\"inLanguage\":\"en-US\",\"potentialAction\":[{\"@type\":\"ReadAction\",\"target\":[\"https:\\\/\\\/deanna.ee\\\/en\\\/jalanoud\\\/mymandala-madalad-botikud\\\/\"]}]},{\"@type\":\"ImageObject\",\"inLanguage\":\"en-US\",\"@id\":\"https:\\\/\\\/deanna.ee\\\/en\\\/jalanoud\\\/mymandala-madalad-botikud\\\/#primaryimage\",\"url\":\"https:\\\/\\\/deanna.ee\\\/wp-content\\\/uploads\\\/2023\\\/04\\\/MyMandalaBOT2.jpg\",\"contentUrl\":\"https:\\\/\\\/deanna.ee\\\/wp-content\\\/uploads\\\/2023\\\/04\\\/MyMandalaBOT2.jpg\",\"width\":1290,\"height\":1290,\"caption\":\"MyMandala madalad botikud\u00a0\"},{\"@type\":\"BreadcrumbList\",\"@id\":\"https:\\\/\\\/deanna.ee\\\/en\\\/jalanoud\\\/mymandala-madalad-botikud\\\/#breadcrumb\",\"itemListElement\":[{\"@type\":\"ListItem\",\"position\":1,\"name\":\"Kodu\",\"item\":\"https:\\\/\\\/deanna.ee\\\/\"},{\"@type\":\"ListItem\",\"position\":2,\"name\":\"Pood\",\"item\":\"https:\\\/\\\/deanna.ee\\\/pood\\\/\"},{\"@type\":\"ListItem\",\"position\":3,\"name\":\"MyMandala madalad botikud\u00a0\"}]},{\"@type\":\"WebSite\",\"@id\":\"https:\\\/\\\/deanna.ee\\\/#website\",\"url\":\"https:\\\/\\\/deanna.ee\\\/\",\"name\":\"Deanna Kingastuudio\",\"description\":\"Jalatsite m\u00fc\u00fck\",\"publisher\":{\"@id\":\"https:\\\/\\\/deanna.ee\\\/#organization\"},\"potentialAction\":[{\"@type\":\"SearchAction\",\"target\":{\"@type\":\"EntryPoint\",\"urlTemplate\":\"https:\\\/\\\/deanna.ee\\\/?s={search_term_string}\"},\"query-input\":{\"@type\":\"PropertyValueSpecification\",\"valueRequired\":true,\"valueName\":\"search_term_string\"}}],\"inLanguage\":\"en-US\"},{\"@type\":\"Organization\",\"@id\":\"https:\\\/\\\/deanna.ee\\\/#organization\",\"name\":\"Deanna O\u00dc\",\"url\":\"https:\\\/\\\/deanna.ee\\\/\",\"logo\":{\"@type\":\"ImageObject\",\"inLanguage\":\"en-US\",\"@id\":\"https:\\\/\\\/deanna.ee\\\/#\\\/schema\\\/logo\\\/image\\\/\",\"url\":\"https:\\\/\\\/deanna.ee\\\/wp-content\\\/uploads\\\/2022\\\/03\\\/Deanna-logo.png\",\"contentUrl\":\"https:\\\/\\\/deanna.ee\\\/wp-content\\\/uploads\\\/2022\\\/03\\\/Deanna-logo.png\",\"width\":909,\"height\":262,\"caption\":\"Deanna O\u00dc\"},\"image\":{\"@id\":\"https:\\\/\\\/deanna.ee\\\/#\\\/schema\\\/logo\\\/image\\\/\"},\"sameAs\":[\"https:\\\/\\\/www.facebook.com\\\/Deannakingastuudio\",\"https:\\\/\\\/www.instagram.com\\\/deannakingastuudio\\\/\"]}]}<\/script>\n<!-- \/ Yoast SEO plugin. -->","yoast_head_json":{"title":"MyMandala madalad botikud\u00a0 | Deanna Kingastuudio","description":"Deanna Kingastuudio MyMandala madalad botikud\u00a0 |","robots":{"index":"index","follow":"follow","max-snippet":"max-snippet:-1","max-image-preview":"max-image-preview:large","max-video-preview":"max-video-preview:-1"},"canonical":"https:\/\/deanna.ee\/en\/jalanoud\/mymandala-madalad-botikud\/","og_locale":"en_US","og_type":"article","og_title":"MyMandala madalad botikud\u00a0 | Deanna Kingastuudio","og_description":"Deanna Kingastuudio MyMandala madalad botikud\u00a0 |","og_url":"https:\/\/deanna.ee\/en\/jalanoud\/mymandala-madalad-botikud\/","og_site_name":"Deanna Kingastuudio","article_publisher":"https:\/\/www.facebook.com\/Deannakingastuudio","article_modified_time":"2023-08-10T12:11:29+00:00","og_image":[{"width":1290,"height":1290,"url":"https:\/\/deanna.ee\/wp-content\/uploads\/2023\/04\/MyMandalaBOT2.jpg","type":"image\/jpeg"}],"twitter_card":"summary_large_image","twitter_misc":{"Est. reading time":"1 minute"},"schema":{"@context":"https:\/\/schema.org","@graph":[{"@type":"WebPage","@id":"https:\/\/deanna.ee\/en\/jalanoud\/mymandala-madalad-botikud\/","url":"https:\/\/deanna.ee\/en\/jalanoud\/mymandala-madalad-botikud\/","name":"MyMandala madalad botikud\u00a0 | Deanna Kingastuudio","isPartOf":{"@id":"https:\/\/deanna.ee\/#website"},"primaryImageOfPage":{"@id":"https:\/\/deanna.ee\/en\/jalanoud\/mymandala-madalad-botikud\/#primaryimage"},"image":{"@id":"https:\/\/deanna.ee\/en\/jalanoud\/mymandala-madalad-botikud\/#primaryimage"},"thumbnailUrl":"https:\/\/deanna.ee\/wp-content\/uploads\/2023\/04\/MyMandalaBOT2.jpg","datePublished":"2023-04-13T08:31:54+00:00","dateModified":"2023-08-10T12:11:29+00:00","description":"Deanna Kingastuudio MyMandala madalad botikud\u00a0 |","breadcrumb":{"@id":"https:\/\/deanna.ee\/en\/jalanoud\/mymandala-madalad-botikud\/#breadcrumb"},"inLanguage":"en-US","potentialAction":[{"@type":"ReadAction","target":["https:\/\/deanna.ee\/en\/jalanoud\/mymandala-madalad-botikud\/"]}]},{"@type":"ImageObject","inLanguage":"en-US","@id":"https:\/\/deanna.ee\/en\/jalanoud\/mymandala-madalad-botikud\/#primaryimage","url":"https:\/\/deanna.ee\/wp-content\/uploads\/2023\/04\/MyMandalaBOT2.jpg","contentUrl":"https:\/\/deanna.ee\/wp-content\/uploads\/2023\/04\/MyMandalaBOT2.jpg","width":1290,"height":1290,"caption":"MyMandala madalad botikud\u00a0"},{"@type":"BreadcrumbList","@id":"https:\/\/deanna.ee\/en\/jalanoud\/mymandala-madalad-botikud\/#breadcrumb","itemListElement":[{"@type":"ListItem","position":1,"name":"Kodu","item":"https:\/\/deanna.ee\/"},{"@type":"ListItem","position":2,"name":"Pood","item":"https:\/\/deanna.ee\/pood\/"},{"@type":"ListItem","position":3,"name":"MyMandala madalad botikud\u00a0"}]},{"@type":"WebSite","@id":"https:\/\/deanna.ee\/#website","url":"https:\/\/deanna.ee\/","name":"Deanna Kingastuudio","description":"Jalatsite m\u00fc\u00fck","publisher":{"@id":"https:\/\/deanna.ee\/#organization"},"potentialAction":[{"@type":"SearchAction","target":{"@type":"EntryPoint","urlTemplate":"https:\/\/deanna.ee\/?s={search_term_string}"},"query-input":{"@type":"PropertyValueSpecification","valueRequired":true,"valueName":"search_term_string"}}],"inLanguage":"en-US"},{"@type":"Organization","@id":"https:\/\/deanna.ee\/#organization","name":"Deanna O\u00dc","url":"https:\/\/deanna.ee\/","logo":{"@type":"ImageObject","inLanguage":"en-US","@id":"https:\/\/deanna.ee\/#\/schema\/logo\/image\/","url":"https:\/\/deanna.ee\/wp-content\/uploads\/2022\/03\/Deanna-logo.png","contentUrl":"https:\/\/deanna.ee\/wp-content\/uploads\/2022\/03\/Deanna-logo.png","width":909,"height":262,"caption":"Deanna O\u00dc"},"image":{"@id":"https:\/\/deanna.ee\/#\/schema\/logo\/image\/"},"sameAs":["https:\/\/www.facebook.com\/Deannakingastuudio","https:\/\/www.instagram.com\/deannakingastuudio\/"]}]}},"_links":{"self":[{"href":"https:\/\/deanna.ee\/en\/wp-json\/wp\/v2\/product\/8556","targetHints":{"allow":["GET"]}}],"collection":[{"href":"https:\/\/deanna.ee\/en\/wp-json\/wp\/v2\/product"}],"about":[{"href":"https:\/\/deanna.ee\/en\/wp-json\/wp\/v2\/types\/product"}],"replies":[{"embeddable":true,"href":"https:\/\/deanna.ee\/en\/wp-json\/wp\/v2\/comments?post=8556"}],"wp:featuredmedia":[{"embeddable":true,"href":"https:\/\/deanna.ee\/en\/wp-json\/wp\/v2\/media\/8587"}],"wp:attachment":[{"href":"https:\/\/deanna.ee\/en\/wp-json\/wp\/v2\/media?parent=8556"}],"wp:term":[{"taxonomy":"product_brand","embeddable":true,"href":"https:\/\/deanna.ee\/en\/wp-json\/wp\/v2\/product_brand?post=8556"},{"taxonomy":"product_cat","embeddable":true,"href":"https:\/\/deanna.ee\/en\/wp-json\/wp\/v2\/product_cat?post=8556"},{"taxonomy":"product_tag","embeddable":true,"href":"https:\/\/deanna.ee\/en\/wp-json\/wp\/v2\/product_tag?post=8556"}],"curies":[{"name":"wp","href":"https:\/\/api.w.org\/{rel}","templated":true}]}}