{"id":6690,"date":"2022-11-03T19:58:23","date_gmt":"2022-11-03T17:58:23","guid":{"rendered":"https:\/\/deanna.ee\/?post_type=product&#038;p=6690"},"modified":"2023-07-14T15:02:50","modified_gmt":"2023-07-14T13:02:50","slug":"myrosehip-saapad-kontsaga","status":"publish","type":"product","link":"https:\/\/deanna.ee\/en\/jalanoud\/myrosehip-saapad-kontsaga\/","title":{"rendered":"MyRoseHip  saapad kontsaga"},"content":{"rendered":"<div class=\"kvgmc6g5 cxmmr5t8 oygrvhab hcukyx3x c1et5uql\">\n<div style=\"width: 1080px;\" class=\"wp-video\"><video class=\"wp-video-shortcode\" id=\"video-6690-1\" width=\"1080\" height=\"1920\" preload=\"metadata\" controls=\"controls\"><source type=\"video\/mp4\" src=\"https:\/\/deanna.ee\/wp-content\/uploads\/2022\/11\/HwVideoEditor_2022_11_03_193737881.mp4?_=1\" \/><a href=\"https:\/\/deanna.ee\/wp-content\/uploads\/2022\/11\/HwVideoEditor_2022_11_03_193737881.mp4\">https:\/\/deanna.ee\/wp-content\/uploads\/2022\/11\/HwVideoEditor_2022_11_03_193737881.mp4<\/a><\/video><\/div>\n<\/div>\n<div><\/div>\n<div class=\"cxmmr5t8 oygrvhab hcukyx3x c1et5uql o9v6fnle\">\u2022 Vegannahast &#8211; kerged ,mugavad ja hingavad( ftalaadi ja azo vabad)<\/div>\n<div class=\"cxmmr5t8 oygrvhab hcukyx3x c1et5uql o9v6fnle\">\u2022 Valminud k\u00e4sit\u00f6\u00f6na \ud83e\udea1<\/div>\n<div class=\"cxmmr5t8 oygrvhab hcukyx3x c1et5uql o9v6fnle\">\u2022 Solvendivabad v\u00e4rvid<\/div>\n<div class=\"cxmmr5t8 oygrvhab hcukyx3x c1et5uql o9v6fnle\">\u2022 7-aasaline paelkinnitus<\/div>\n<div class=\"cxmmr5t8 oygrvhab hcukyx3x c1et5uql o9v6fnle\">\u2022 Tallak\u00f5rgus &#8211; 2 sm<\/div>\n<div class=\"cxmmr5t8 oygrvhab hcukyx3x c1et5uql o9v6fnle\">\u2022Kontsak\u00f5rgus -5 cm<\/div>\n<div class=\"cxmmr5t8 oygrvhab hcukyx3x c1et5uql o9v6fnle\">\u2022 Tugevdatud kand \u2022 Pehmendusega sisetald<\/div>\n<div class=\"cxmmr5t8 oygrvhab hcukyx3x c1et5uql o9v6fnle\">\u2022\u00a0 Puuvillane vooder<\/div>\n<div class=\"cxmmr5t8 oygrvhab hcukyx3x c1et5uql o9v6fnle\">\u2022 P\u00e4ritoluriik: T\u00fcrgi<\/div>\n<div><\/div>\n<div><\/div>\n<div>\n<p><strong>Sisetallapikkus\u00a0 (saapa seest m\u00f5\u00f5detuna)\u00a0<\/strong><\/p>\n<ul>\n<li>\u00a036 \u2013 22.5 cm<\/li>\n<\/ul>\n<\/div>\n","protected":false},"excerpt":{"rendered":"<div class=\"kvgmc6g5 cxmmr5t8 oygrvhab hcukyx3x c1et5uql ii04i59q\"><\/div>\n<div class=\"cxmmr5t8 oygrvhab hcukyx3x c1et5uql o9v6fnle ii04i59q\">\n<div dir=\"auto\">\n<div class=\"kvgmc6g5 cxmmr5t8 oygrvhab hcukyx3x c1et5uql\">Imelised kibuvitsa- lillemustrilised\u00a0 saapad\u00a0 madala\u00a0 kontsaga ,mugaval paksemal\u00a0 tallal .<\/div>\n<div>Paelkinnitusega ja k\u00fcljelukuga mudel sobib h\u00e4sti kitsale ja normaal laiuses jalale .<\/div>\n<div>Kitsama tegumoega\u00a0 ja\u00a0 naiseliku joonega\u00a0 \u00fclemine osa istub h\u00e4sti\u00a0 \u00fcmber jala pahkluu &#8211; saapad\u00a0 on ilusad jalas ka\u00a0 kleidi v\u00f5i seelikuga.\u00a0 Saabaste\u00a0 v\u00e4lisk\u00fcljel reguleeritavad pandlad.<\/div>\n<\/div>\n<div dir=\"auto\">\n<div><span class=\"product-message\"><strong>PROOVI neid\u00a0 Deanna Kingastuudios \u2013 Kivimurru 20\/1 Tallinn mob.56673263 v\u00f5i telli l\u00e4himasse pakiautommati ! Tarneaeg 2-3 tp<\/strong><\/span><\/div>\n<div><strong>Tagastamine &amp; vahetamine TASUTA.<\/strong><\/div>\n<p><strong><span class=\"il\">Maksa hiljem v\u00f5i maksa kahes osas!<\/span><\/strong><\/p>\n<p><span class=\"il\">Saad<\/span>\u00a0ostu eest tasuda KUU aja p\u00e4rast v\u00f5i 2 OSAS ilma \u00fchegi lisatasuta \u2013\u00a0<strong>0% intress,0 \u20ac lepingutasu ja 0 \u20ac haldustasu.<\/strong><\/p>\n<p><b><\/b>Transport: al.2.99 \u20ac, al. 100\u20ac ostust Omniva ja Smartposti automaati<strong>\u00a0tasuta<\/strong>!<\/p>\n[video width=\"1080\" height=\"1920\" mp4=\"https:\/\/deanna.ee\/wp-content\/uploads\/2022\/11\/HwVideoEditor_2022_11_03_193737881.mp4\"][\/video]\n<\/div>\n<\/div>\n","protected":false},"featured_media":6724,"comment_status":"open","ping_status":"closed","template":"","meta":{"_acf_changed":false},"product_brand":[],"product_cat":[122,121,145,124,170],"product_tag":[257,258,259,260],"class_list":{"0":"post-6690","1":"product","2":"type-product","3":"status-publish","4":"has-post-thumbnail","6":"product_cat-jalanoud-en","7":"product_cat-koik-tooted-en","8":"product_cat-kontssaapad-en","9":"product_cat-naised-en","10":"product_cat-saapad-en","11":"product_tag-36-en","12":"product_tag-hibiskus-en","13":"product_tag-kontsaga-en","14":"product_tag-rooshibisk-en","16":"first","17":"outofstock","18":"sold-individually","19":"taxable","20":"shipping-taxable","21":"product-type-variable"},"acf":[],"yoast_head":"<!-- This site is optimized with the Yoast SEO plugin v27.5 - https:\/\/yoast.com\/product\/yoast-seo-wordpress\/ -->\n<title>MyRoseHip saapad kontsaga | Deanna Kingastuudio<\/title>\n<meta name=\"description\" content=\"Imelised kibuvitsa- lillemustrilised\u00a0 saapad\u00a0 madala\u00a0 kontsaga ,mugaval paksemal\u00a0 tallal . Paelkinnitusega ja k\u00fcljelukuga mudel sobib h\u00e4sti kitsale ja normaal laiuses jalale . Kitsama tegumoega\u00a0 ja\u00a0 naiseliku joonega\u00a0 \u00fclemine osa istub h\u00e4sti\u00a0 \u00fcmber jala pahkluu - saapad\u00a0 on ilusad jalas ka\u00a0 kleidi v\u00f5i seelikuga.\u00a0 Saabaste\u00a0 v\u00e4lisk\u00fcljel reguleeritavad pandlad.   PROOVI neid\u00a0 Deanna Kingastuudios \u2013 Kivimurru 20\/1 Tallinn mob.56673263 v\u00f5i telli l\u00e4himasse pakiautommati ! Tarneaeg 2-3 tp Tagastamine &amp; vahetamine TASUTA. Maksa hiljem v\u00f5i maksa kahes osas!  Saad\u00a0ostu eest tasuda KUU aja p\u00e4rast v\u00f5i 2 OSAS ilma \u00fchegi lisatasuta \u2013\u00a00% intress,0 \u20ac lepingutasu ja 0 \u20ac haldustasu.  Transport: al.2.99 \u20ac, al. 100\u20ac ostust Omniva ja Smartposti automaati\u00a0tasuta! Deanna Kingastuudio\" \/>\n<meta name=\"robots\" content=\"index, follow, max-snippet:-1, max-image-preview:large, max-video-preview:-1\" \/>\n<link rel=\"canonical\" href=\"https:\/\/deanna.ee\/en\/jalanoud\/myrosehip-saapad-kontsaga\/\" \/>\n<meta property=\"og:locale\" content=\"en_US\" \/>\n<meta property=\"og:type\" content=\"article\" \/>\n<meta property=\"og:title\" content=\"MyRoseHip saapad kontsaga | Deanna Kingastuudio\" \/>\n<meta property=\"og:description\" content=\"Imelised kibuvitsa- lillemustrilised\u00a0 saapad\u00a0 madala\u00a0 kontsaga ,mugaval paksemal\u00a0 tallal . Paelkinnitusega ja k\u00fcljelukuga mudel sobib h\u00e4sti kitsale ja normaal laiuses jalale . Kitsama tegumoega\u00a0 ja\u00a0 naiseliku joonega\u00a0 \u00fclemine osa istub h\u00e4sti\u00a0 \u00fcmber jala pahkluu - saapad\u00a0 on ilusad jalas ka\u00a0 kleidi v\u00f5i seelikuga.\u00a0 Saabaste\u00a0 v\u00e4lisk\u00fcljel reguleeritavad pandlad.   PROOVI neid\u00a0 Deanna Kingastuudios \u2013 Kivimurru 20\/1 Tallinn mob.56673263 v\u00f5i telli l\u00e4himasse pakiautommati ! Tarneaeg 2-3 tp Tagastamine &amp; vahetamine TASUTA. Maksa hiljem v\u00f5i maksa kahes osas!  Saad\u00a0ostu eest tasuda KUU aja p\u00e4rast v\u00f5i 2 OSAS ilma \u00fchegi lisatasuta \u2013\u00a00% intress,0 \u20ac lepingutasu ja 0 \u20ac haldustasu.  Transport: al.2.99 \u20ac, al. 100\u20ac ostust Omniva ja Smartposti automaati\u00a0tasuta! Deanna Kingastuudio\" \/>\n<meta property=\"og:url\" content=\"https:\/\/deanna.ee\/en\/jalanoud\/myrosehip-saapad-kontsaga\/\" \/>\n<meta property=\"og:site_name\" content=\"Deanna Kingastuudio\" \/>\n<meta property=\"article:publisher\" content=\"https:\/\/www.facebook.com\/Deannakingastuudio\" \/>\n<meta property=\"article:modified_time\" content=\"2023-07-14T13:02:50+00:00\" \/>\n<meta property=\"og:image\" content=\"https:\/\/deanna.ee\/wp-content\/uploads\/2022\/11\/IMG_20221103_202221-scaled.jpg\" \/>\n\t<meta property=\"og:image:width\" content=\"1920\" \/>\n\t<meta property=\"og:image:height\" content=\"2560\" \/>\n\t<meta property=\"og:image:type\" content=\"image\/jpeg\" \/>\n<meta name=\"twitter:card\" content=\"summary_large_image\" \/>\n<meta name=\"twitter:label1\" content=\"Est. reading time\" \/>\n\t<meta name=\"twitter:data1\" content=\"1 minute\" \/>\n<script type=\"application\/ld+json\" class=\"yoast-schema-graph\">{\"@context\":\"https:\\\/\\\/schema.org\",\"@graph\":[{\"@type\":\"WebPage\",\"@id\":\"https:\\\/\\\/deanna.ee\\\/en\\\/jalanoud\\\/myrosehip-saapad-kontsaga\\\/\",\"url\":\"https:\\\/\\\/deanna.ee\\\/en\\\/jalanoud\\\/myrosehip-saapad-kontsaga\\\/\",\"name\":\"MyRoseHip saapad kontsaga | Deanna Kingastuudio\",\"isPartOf\":{\"@id\":\"https:\\\/\\\/deanna.ee\\\/#website\"},\"primaryImageOfPage\":{\"@id\":\"https:\\\/\\\/deanna.ee\\\/en\\\/jalanoud\\\/myrosehip-saapad-kontsaga\\\/#primaryimage\"},\"image\":{\"@id\":\"https:\\\/\\\/deanna.ee\\\/en\\\/jalanoud\\\/myrosehip-saapad-kontsaga\\\/#primaryimage\"},\"thumbnailUrl\":\"https:\\\/\\\/deanna.ee\\\/wp-content\\\/uploads\\\/2022\\\/11\\\/IMG_20221103_202221-scaled.jpg\",\"datePublished\":\"2022-11-03T17:58:23+00:00\",\"dateModified\":\"2023-07-14T13:02:50+00:00\",\"description\":\"Imelised kibuvitsa- lillemustrilised\u00a0 saapad\u00a0 madala\u00a0 kontsaga ,mugaval paksemal\u00a0 tallal . Paelkinnitusega ja k\u00fcljelukuga mudel sobib h\u00e4sti kitsale ja normaal laiuses jalale . Kitsama tegumoega\u00a0 ja\u00a0 naiseliku joonega\u00a0 \u00fclemine osa istub h\u00e4sti\u00a0 \u00fcmber jala pahkluu - saapad\u00a0 on ilusad jalas ka\u00a0 kleidi v\u00f5i seelikuga.\u00a0 Saabaste\u00a0 v\u00e4lisk\u00fcljel reguleeritavad pandlad. PROOVI neid\u00a0 Deanna Kingastuudios \u2013 Kivimurru 20\\\/1 Tallinn mob.56673263 v\u00f5i telli l\u00e4himasse pakiautommati ! Tarneaeg 2-3 tp Tagastamine &amp; vahetamine TASUTA. Maksa hiljem v\u00f5i maksa kahes osas! Saad\u00a0ostu eest tasuda KUU aja p\u00e4rast v\u00f5i 2 OSAS ilma \u00fchegi lisatasuta \u2013\u00a00% intress,0 \u20ac lepingutasu ja 0 \u20ac haldustasu. Transport: al.2.99 \u20ac, al. 100\u20ac ostust Omniva ja Smartposti automaati\u00a0tasuta! Deanna Kingastuudio\",\"breadcrumb\":{\"@id\":\"https:\\\/\\\/deanna.ee\\\/en\\\/jalanoud\\\/myrosehip-saapad-kontsaga\\\/#breadcrumb\"},\"inLanguage\":\"en-US\",\"potentialAction\":[{\"@type\":\"ReadAction\",\"target\":[\"https:\\\/\\\/deanna.ee\\\/en\\\/jalanoud\\\/myrosehip-saapad-kontsaga\\\/\"]}]},{\"@type\":\"ImageObject\",\"inLanguage\":\"en-US\",\"@id\":\"https:\\\/\\\/deanna.ee\\\/en\\\/jalanoud\\\/myrosehip-saapad-kontsaga\\\/#primaryimage\",\"url\":\"https:\\\/\\\/deanna.ee\\\/wp-content\\\/uploads\\\/2022\\\/11\\\/IMG_20221103_202221-scaled.jpg\",\"contentUrl\":\"https:\\\/\\\/deanna.ee\\\/wp-content\\\/uploads\\\/2022\\\/11\\\/IMG_20221103_202221-scaled.jpg\",\"width\":1920,\"height\":2560,\"caption\":\"rptnb\"},{\"@type\":\"BreadcrumbList\",\"@id\":\"https:\\\/\\\/deanna.ee\\\/en\\\/jalanoud\\\/myrosehip-saapad-kontsaga\\\/#breadcrumb\",\"itemListElement\":[{\"@type\":\"ListItem\",\"position\":1,\"name\":\"Kodu\",\"item\":\"https:\\\/\\\/deanna.ee\\\/\"},{\"@type\":\"ListItem\",\"position\":2,\"name\":\"Pood\",\"item\":\"https:\\\/\\\/deanna.ee\\\/pood\\\/\"},{\"@type\":\"ListItem\",\"position\":3,\"name\":\"MyRoseHip saapad kontsaga\"}]},{\"@type\":\"WebSite\",\"@id\":\"https:\\\/\\\/deanna.ee\\\/#website\",\"url\":\"https:\\\/\\\/deanna.ee\\\/\",\"name\":\"Deanna Kingastuudio\",\"description\":\"Jalatsite m\u00fc\u00fck\",\"publisher\":{\"@id\":\"https:\\\/\\\/deanna.ee\\\/#organization\"},\"potentialAction\":[{\"@type\":\"SearchAction\",\"target\":{\"@type\":\"EntryPoint\",\"urlTemplate\":\"https:\\\/\\\/deanna.ee\\\/?s={search_term_string}\"},\"query-input\":{\"@type\":\"PropertyValueSpecification\",\"valueRequired\":true,\"valueName\":\"search_term_string\"}}],\"inLanguage\":\"en-US\"},{\"@type\":\"Organization\",\"@id\":\"https:\\\/\\\/deanna.ee\\\/#organization\",\"name\":\"Deanna O\u00dc\",\"url\":\"https:\\\/\\\/deanna.ee\\\/\",\"logo\":{\"@type\":\"ImageObject\",\"inLanguage\":\"en-US\",\"@id\":\"https:\\\/\\\/deanna.ee\\\/#\\\/schema\\\/logo\\\/image\\\/\",\"url\":\"https:\\\/\\\/deanna.ee\\\/wp-content\\\/uploads\\\/2022\\\/03\\\/Deanna-logo.png\",\"contentUrl\":\"https:\\\/\\\/deanna.ee\\\/wp-content\\\/uploads\\\/2022\\\/03\\\/Deanna-logo.png\",\"width\":909,\"height\":262,\"caption\":\"Deanna O\u00dc\"},\"image\":{\"@id\":\"https:\\\/\\\/deanna.ee\\\/#\\\/schema\\\/logo\\\/image\\\/\"},\"sameAs\":[\"https:\\\/\\\/www.facebook.com\\\/Deannakingastuudio\",\"https:\\\/\\\/www.instagram.com\\\/deannakingastuudio\\\/\"]}]}<\/script>\n<!-- \/ Yoast SEO plugin. -->","yoast_head_json":{"title":"MyRoseHip saapad kontsaga | Deanna Kingastuudio","description":"Imelised kibuvitsa- lillemustrilised\u00a0 saapad\u00a0 madala\u00a0 kontsaga ,mugaval paksemal\u00a0 tallal . Paelkinnitusega ja k\u00fcljelukuga mudel sobib h\u00e4sti kitsale ja normaal laiuses jalale . Kitsama tegumoega\u00a0 ja\u00a0 naiseliku joonega\u00a0 \u00fclemine osa istub h\u00e4sti\u00a0 \u00fcmber jala pahkluu - saapad\u00a0 on ilusad jalas ka\u00a0 kleidi v\u00f5i seelikuga.\u00a0 Saabaste\u00a0 v\u00e4lisk\u00fcljel reguleeritavad pandlad.   PROOVI neid\u00a0 Deanna Kingastuudios \u2013 Kivimurru 20\/1 Tallinn mob.56673263 v\u00f5i telli l\u00e4himasse pakiautommati ! Tarneaeg 2-3 tp Tagastamine &amp; vahetamine TASUTA. Maksa hiljem v\u00f5i maksa kahes osas!  Saad\u00a0ostu eest tasuda KUU aja p\u00e4rast v\u00f5i 2 OSAS ilma \u00fchegi lisatasuta \u2013\u00a00% intress,0 \u20ac lepingutasu ja 0 \u20ac haldustasu.  Transport: al.2.99 \u20ac, al. 100\u20ac ostust Omniva ja Smartposti automaati\u00a0tasuta! Deanna Kingastuudio","robots":{"index":"index","follow":"follow","max-snippet":"max-snippet:-1","max-image-preview":"max-image-preview:large","max-video-preview":"max-video-preview:-1"},"canonical":"https:\/\/deanna.ee\/en\/jalanoud\/myrosehip-saapad-kontsaga\/","og_locale":"en_US","og_type":"article","og_title":"MyRoseHip saapad kontsaga | Deanna Kingastuudio","og_description":"Imelised kibuvitsa- lillemustrilised\u00a0 saapad\u00a0 madala\u00a0 kontsaga ,mugaval paksemal\u00a0 tallal . Paelkinnitusega ja k\u00fcljelukuga mudel sobib h\u00e4sti kitsale ja normaal laiuses jalale . Kitsama tegumoega\u00a0 ja\u00a0 naiseliku joonega\u00a0 \u00fclemine osa istub h\u00e4sti\u00a0 \u00fcmber jala pahkluu - saapad\u00a0 on ilusad jalas ka\u00a0 kleidi v\u00f5i seelikuga.\u00a0 Saabaste\u00a0 v\u00e4lisk\u00fcljel reguleeritavad pandlad.   PROOVI neid\u00a0 Deanna Kingastuudios \u2013 Kivimurru 20\/1 Tallinn mob.56673263 v\u00f5i telli l\u00e4himasse pakiautommati ! Tarneaeg 2-3 tp Tagastamine &amp; vahetamine TASUTA. Maksa hiljem v\u00f5i maksa kahes osas!  Saad\u00a0ostu eest tasuda KUU aja p\u00e4rast v\u00f5i 2 OSAS ilma \u00fchegi lisatasuta \u2013\u00a00% intress,0 \u20ac lepingutasu ja 0 \u20ac haldustasu.  Transport: al.2.99 \u20ac, al. 100\u20ac ostust Omniva ja Smartposti automaati\u00a0tasuta! Deanna Kingastuudio","og_url":"https:\/\/deanna.ee\/en\/jalanoud\/myrosehip-saapad-kontsaga\/","og_site_name":"Deanna Kingastuudio","article_publisher":"https:\/\/www.facebook.com\/Deannakingastuudio","article_modified_time":"2023-07-14T13:02:50+00:00","og_image":[{"width":1920,"height":2560,"url":"https:\/\/deanna.ee\/wp-content\/uploads\/2022\/11\/IMG_20221103_202221-scaled.jpg","type":"image\/jpeg"}],"twitter_card":"summary_large_image","twitter_misc":{"Est. reading time":"1 minute"},"schema":{"@context":"https:\/\/schema.org","@graph":[{"@type":"WebPage","@id":"https:\/\/deanna.ee\/en\/jalanoud\/myrosehip-saapad-kontsaga\/","url":"https:\/\/deanna.ee\/en\/jalanoud\/myrosehip-saapad-kontsaga\/","name":"MyRoseHip saapad kontsaga | Deanna Kingastuudio","isPartOf":{"@id":"https:\/\/deanna.ee\/#website"},"primaryImageOfPage":{"@id":"https:\/\/deanna.ee\/en\/jalanoud\/myrosehip-saapad-kontsaga\/#primaryimage"},"image":{"@id":"https:\/\/deanna.ee\/en\/jalanoud\/myrosehip-saapad-kontsaga\/#primaryimage"},"thumbnailUrl":"https:\/\/deanna.ee\/wp-content\/uploads\/2022\/11\/IMG_20221103_202221-scaled.jpg","datePublished":"2022-11-03T17:58:23+00:00","dateModified":"2023-07-14T13:02:50+00:00","description":"Imelised kibuvitsa- lillemustrilised\u00a0 saapad\u00a0 madala\u00a0 kontsaga ,mugaval paksemal\u00a0 tallal . Paelkinnitusega ja k\u00fcljelukuga mudel sobib h\u00e4sti kitsale ja normaal laiuses jalale . Kitsama tegumoega\u00a0 ja\u00a0 naiseliku joonega\u00a0 \u00fclemine osa istub h\u00e4sti\u00a0 \u00fcmber jala pahkluu - saapad\u00a0 on ilusad jalas ka\u00a0 kleidi v\u00f5i seelikuga.\u00a0 Saabaste\u00a0 v\u00e4lisk\u00fcljel reguleeritavad pandlad. PROOVI neid\u00a0 Deanna Kingastuudios \u2013 Kivimurru 20\/1 Tallinn mob.56673263 v\u00f5i telli l\u00e4himasse pakiautommati ! Tarneaeg 2-3 tp Tagastamine &amp; vahetamine TASUTA. Maksa hiljem v\u00f5i maksa kahes osas! Saad\u00a0ostu eest tasuda KUU aja p\u00e4rast v\u00f5i 2 OSAS ilma \u00fchegi lisatasuta \u2013\u00a00% intress,0 \u20ac lepingutasu ja 0 \u20ac haldustasu. Transport: al.2.99 \u20ac, al. 100\u20ac ostust Omniva ja Smartposti automaati\u00a0tasuta! Deanna Kingastuudio","breadcrumb":{"@id":"https:\/\/deanna.ee\/en\/jalanoud\/myrosehip-saapad-kontsaga\/#breadcrumb"},"inLanguage":"en-US","potentialAction":[{"@type":"ReadAction","target":["https:\/\/deanna.ee\/en\/jalanoud\/myrosehip-saapad-kontsaga\/"]}]},{"@type":"ImageObject","inLanguage":"en-US","@id":"https:\/\/deanna.ee\/en\/jalanoud\/myrosehip-saapad-kontsaga\/#primaryimage","url":"https:\/\/deanna.ee\/wp-content\/uploads\/2022\/11\/IMG_20221103_202221-scaled.jpg","contentUrl":"https:\/\/deanna.ee\/wp-content\/uploads\/2022\/11\/IMG_20221103_202221-scaled.jpg","width":1920,"height":2560,"caption":"rptnb"},{"@type":"BreadcrumbList","@id":"https:\/\/deanna.ee\/en\/jalanoud\/myrosehip-saapad-kontsaga\/#breadcrumb","itemListElement":[{"@type":"ListItem","position":1,"name":"Kodu","item":"https:\/\/deanna.ee\/"},{"@type":"ListItem","position":2,"name":"Pood","item":"https:\/\/deanna.ee\/pood\/"},{"@type":"ListItem","position":3,"name":"MyRoseHip saapad kontsaga"}]},{"@type":"WebSite","@id":"https:\/\/deanna.ee\/#website","url":"https:\/\/deanna.ee\/","name":"Deanna Kingastuudio","description":"Jalatsite m\u00fc\u00fck","publisher":{"@id":"https:\/\/deanna.ee\/#organization"},"potentialAction":[{"@type":"SearchAction","target":{"@type":"EntryPoint","urlTemplate":"https:\/\/deanna.ee\/?s={search_term_string}"},"query-input":{"@type":"PropertyValueSpecification","valueRequired":true,"valueName":"search_term_string"}}],"inLanguage":"en-US"},{"@type":"Organization","@id":"https:\/\/deanna.ee\/#organization","name":"Deanna O\u00dc","url":"https:\/\/deanna.ee\/","logo":{"@type":"ImageObject","inLanguage":"en-US","@id":"https:\/\/deanna.ee\/#\/schema\/logo\/image\/","url":"https:\/\/deanna.ee\/wp-content\/uploads\/2022\/03\/Deanna-logo.png","contentUrl":"https:\/\/deanna.ee\/wp-content\/uploads\/2022\/03\/Deanna-logo.png","width":909,"height":262,"caption":"Deanna O\u00dc"},"image":{"@id":"https:\/\/deanna.ee\/#\/schema\/logo\/image\/"},"sameAs":["https:\/\/www.facebook.com\/Deannakingastuudio","https:\/\/www.instagram.com\/deannakingastuudio\/"]}]}},"_links":{"self":[{"href":"https:\/\/deanna.ee\/en\/wp-json\/wp\/v2\/product\/6690","targetHints":{"allow":["GET"]}}],"collection":[{"href":"https:\/\/deanna.ee\/en\/wp-json\/wp\/v2\/product"}],"about":[{"href":"https:\/\/deanna.ee\/en\/wp-json\/wp\/v2\/types\/product"}],"replies":[{"embeddable":true,"href":"https:\/\/deanna.ee\/en\/wp-json\/wp\/v2\/comments?post=6690"}],"wp:featuredmedia":[{"embeddable":true,"href":"https:\/\/deanna.ee\/en\/wp-json\/wp\/v2\/media\/6724"}],"wp:attachment":[{"href":"https:\/\/deanna.ee\/en\/wp-json\/wp\/v2\/media?parent=6690"}],"wp:term":[{"taxonomy":"product_brand","embeddable":true,"href":"https:\/\/deanna.ee\/en\/wp-json\/wp\/v2\/product_brand?post=6690"},{"taxonomy":"product_cat","embeddable":true,"href":"https:\/\/deanna.ee\/en\/wp-json\/wp\/v2\/product_cat?post=6690"},{"taxonomy":"product_tag","embeddable":true,"href":"https:\/\/deanna.ee\/en\/wp-json\/wp\/v2\/product_tag?post=6690"}],"curies":[{"name":"wp","href":"https:\/\/api.w.org\/{rel}","templated":true}]}}