{"id":5537,"date":"2022-09-01T09:19:11","date_gmt":"2022-09-01T07:19:11","guid":{"rendered":"https:\/\/deanna.ee\/?post_type=product&#038;p=5537"},"modified":"2024-08-09T19:54:19","modified_gmt":"2024-08-09T17:54:19","slug":"mycat-korgema-tegumoega-ketsid","status":"publish","type":"product","link":"https:\/\/deanna.ee\/en\/jalanoud\/mycat-korgema-tegumoega-ketsid\/","title":{"rendered":"MyCat k\u00f5rgema tegumoega ketsid"},"content":{"rendered":"<div style=\"width: 368px;\" class=\"wp-video\"><video class=\"wp-video-shortcode\" id=\"video-5537-1\" width=\"368\" height=\"640\" preload=\"metadata\" controls=\"controls\"><source type=\"video\/mp4\" src=\"https:\/\/deanna.ee\/wp-content\/uploads\/2022\/09\/342425384_6013001198737062_3369077422079951413_n-1.mp4?_=1\" \/><a href=\"https:\/\/deanna.ee\/wp-content\/uploads\/2022\/09\/342425384_6013001198737062_3369077422079951413_n-1.mp4\">https:\/\/deanna.ee\/wp-content\/uploads\/2022\/09\/342425384_6013001198737062_3369077422079951413_n-1.mp4<\/a><\/video><\/div>\n<p>MyCat k\u00f5rgema tegumoega ketsid<\/p>\n<p>&nbsp;<\/p>\n<p>&nbsp;<\/p>\n<p>K\u00f5rgemat t\u00fc\u00fcpi\u00a0 eriv\u00e4rvilised ,aga \u00fchest paarist kassidisainiga ketsid. .<br \/>\nKerged ja mugavad mustvalges kombinatsioonis tennised on pilkup\u00fc\u00fcdvad ja samas lihtsad.Mugavust lisab k\u00fcljelukk ja m\u00e4luvahust sisetald.<\/p>\n<p>\u2022 Vegannahast &#8211;\u00a0 k\u00f5rgekvaliteetsed ,kauakestvad ,veekindlad\u00a0 \u00a0 ftalaadi ja azo vabad.<br \/>\n\u2022 Valminud k\u00e4sit\u00f6\u00f6na \ud83e\udea1<br \/>\n\u2022 Solvendivabad v\u00e4rvid<\/p>\n<p>\u2022 \u00a0K\u00fcljelukk<br \/>\n\u2022 7-auguline n\u00f6\u00f6rimine metallaasadel<br \/>\n\u2022 T\u00e4istald\u00a0 elastsest kulumiskindel kummist<br \/>\n\u2022 Tallak\u00f5rgus\u00a0 &#8211; 3 sm<br \/>\n\u2022 Tugevdatud kand<br \/>\n\u2022 Schock absorber m\u00e4luvahust sisetald<br \/>\n\u2022 Pehme puuvillane vooder<br \/>\n\u2022 P\u00e4ritoluriik: T\u00fcrgi<\/p>\n","protected":false},"excerpt":{"rendered":"<p>K\u00f5rgemat t\u00fc\u00fcpi ketsid mustvalges kombinatsioonis . Disainitud nii\u00a0 &#8211; et parem jalats on musta v\u00e4rvi ja vasak valget v\u00e4rvi. Eriti mugav uuendatud mudel k\u00fcljelukuga.<\/p>\n<p>&nbsp;<\/p>\n<div><span class=\"product-message\"><strong>PROOVI neid\u00a0 Deanna Kingastuudios \u2013 Kivimurru 20\/1 Tallinn mob.56673263 v\u00f5i telli l\u00e4himasse pakiautomaati ! Tarneaeg 2-3 tp<\/strong><\/span><\/div>\n<div><span style=\"color: #00ff00;\"><strong>Tagastamine &amp; vahetamine TASUTA.<\/strong><\/span><\/div>\n<p><strong><span class=\"il\">Maksa hiljem v\u00f5i maksa kahes osas!<\/span><\/strong><\/p>\n<p><span class=\"il\">Saad<\/span>\u00a0ostu eest tasuda KUU aja p\u00e4rast v\u00f5i 2 OSAS ilma \u00fchegi lisatasuta \u2013\u00a0<strong>0% intress,0 \u20ac lepingutasu ja 0 \u20ac haldustasu.<\/strong><\/p>\n<p><b><\/b>Transport: al.2.99 \u20ac, al. 100\u20ac ostust Omniva ja Smartposti automaati<strong>\u00a0tasuta<\/strong>!<\/p>\n","protected":false},"featured_media":8816,"comment_status":"open","ping_status":"closed","template":"","meta":{"_acf_changed":false},"product_brand":[],"product_cat":[122,121,178,124,221,140,165,141],"product_tag":[257,281,305,306,307,308,288,309],"class_list":{"0":"post-5537","1":"product","2":"type-product","3":"status-publish","4":"has-post-thumbnail","6":"product_cat-jalanoud-en","7":"product_cat-koik-tooted-en","8":"product_cat-lapsed-jalanoud-en","9":"product_cat-naised-en","10":"product_cat-new-en","11":"product_cat-tennised-en","12":"product_cat-unisex-en","13":"product_cat-vabaajajalatsid-en","14":"product_tag-36-en","15":"product_tag-37-en","16":"product_tag-kass-en","17":"product_tag-kassid-en","18":"product_tag-ketsid-en","19":"product_tag-korged-tennised-en","20":"product_tag-mustvalged-en","21":"product_tag-tennised-en","23":"first","24":"instock","25":"sale","26":"sold-individually","27":"taxable","28":"shipping-taxable","29":"purchasable","30":"product-type-variable","31":"has-default-attributes"},"acf":[],"yoast_head":"<!-- This site is optimized with the Yoast SEO plugin v27.5 - https:\/\/yoast.com\/product\/yoast-seo-wordpress\/ -->\n<title>MyCat k\u00f5rgema tegumoega ketsid | Deanna Kingastuudio<\/title>\n<meta name=\"description\" content=\"K\u00f5rgemat t\u00fc\u00fcpi ketsid mustvalges kombinatsioonis . Disainitud nii\u00a0 - et parem jalats on musta v\u00e4rvi ja vasak valget v\u00e4rvi. Eriti mugav uuendatud mudel k\u00fcljelukuga.  &nbsp; PROOVI neid\u00a0 Deanna Kingastuudios \u2013 Kivimurru 20\/1 Tallinn mob.56673263 v\u00f5i telli l\u00e4himasse pakiautomaati ! Tarneaeg 2-3 tp Tagastamine &amp; vahetamine TASUTA. Maksa hiljem v\u00f5i maksa kahes osas!  Saad\u00a0ostu eest tasuda KUU aja p\u00e4rast v\u00f5i 2 OSAS ilma \u00fchegi lisatasuta \u2013\u00a00% intress,0 \u20ac lepingutasu ja 0 \u20ac haldustasu.  Transport: al.2.99 \u20ac, al. 100\u20ac ostust Omniva ja Smartposti automaati\u00a0tasuta! Deanna Kingastuudio\" \/>\n<meta name=\"robots\" content=\"index, follow, max-snippet:-1, max-image-preview:large, max-video-preview:-1\" \/>\n<link rel=\"canonical\" href=\"https:\/\/deanna.ee\/en\/jalanoud\/mycat-korgema-tegumoega-ketsid\/\" \/>\n<meta property=\"og:locale\" content=\"en_US\" \/>\n<meta property=\"og:type\" content=\"article\" \/>\n<meta property=\"og:title\" content=\"MyCat k\u00f5rgema tegumoega ketsid | Deanna Kingastuudio\" \/>\n<meta property=\"og:description\" content=\"K\u00f5rgemat t\u00fc\u00fcpi ketsid mustvalges kombinatsioonis . Disainitud nii\u00a0 - et parem jalats on musta v\u00e4rvi ja vasak valget v\u00e4rvi. Eriti mugav uuendatud mudel k\u00fcljelukuga.  &nbsp; PROOVI neid\u00a0 Deanna Kingastuudios \u2013 Kivimurru 20\/1 Tallinn mob.56673263 v\u00f5i telli l\u00e4himasse pakiautomaati ! Tarneaeg 2-3 tp Tagastamine &amp; vahetamine TASUTA. Maksa hiljem v\u00f5i maksa kahes osas!  Saad\u00a0ostu eest tasuda KUU aja p\u00e4rast v\u00f5i 2 OSAS ilma \u00fchegi lisatasuta \u2013\u00a00% intress,0 \u20ac lepingutasu ja 0 \u20ac haldustasu.  Transport: al.2.99 \u20ac, al. 100\u20ac ostust Omniva ja Smartposti automaati\u00a0tasuta! Deanna Kingastuudio\" \/>\n<meta property=\"og:url\" content=\"https:\/\/deanna.ee\/en\/jalanoud\/mycat-korgema-tegumoega-ketsid\/\" \/>\n<meta property=\"og:site_name\" content=\"Deanna Kingastuudio\" \/>\n<meta property=\"article:publisher\" content=\"https:\/\/www.facebook.com\/Deannakingastuudio\" \/>\n<meta property=\"article:modified_time\" content=\"2024-08-09T17:54:19+00:00\" \/>\n<meta property=\"og:image\" content=\"https:\/\/deanna.ee\/wp-content\/uploads\/2022\/09\/342862508_620601629606919_1429555430610883124_n.jpg\" \/>\n\t<meta property=\"og:image:width\" content=\"1290\" \/>\n\t<meta property=\"og:image:height\" content=\"1206\" \/>\n\t<meta property=\"og:image:type\" content=\"image\/jpeg\" \/>\n<meta name=\"twitter:card\" content=\"summary_large_image\" \/>\n<meta name=\"twitter:label1\" content=\"Est. reading time\" \/>\n\t<meta name=\"twitter:data1\" content=\"1 minute\" \/>\n<script type=\"application\/ld+json\" class=\"yoast-schema-graph\">{\"@context\":\"https:\\\/\\\/schema.org\",\"@graph\":[{\"@type\":\"WebPage\",\"@id\":\"https:\\\/\\\/deanna.ee\\\/en\\\/jalanoud\\\/mycat-korgema-tegumoega-ketsid\\\/\",\"url\":\"https:\\\/\\\/deanna.ee\\\/en\\\/jalanoud\\\/mycat-korgema-tegumoega-ketsid\\\/\",\"name\":\"MyCat k\u00f5rgema tegumoega ketsid | Deanna Kingastuudio\",\"isPartOf\":{\"@id\":\"https:\\\/\\\/deanna.ee\\\/#website\"},\"primaryImageOfPage\":{\"@id\":\"https:\\\/\\\/deanna.ee\\\/en\\\/jalanoud\\\/mycat-korgema-tegumoega-ketsid\\\/#primaryimage\"},\"image\":{\"@id\":\"https:\\\/\\\/deanna.ee\\\/en\\\/jalanoud\\\/mycat-korgema-tegumoega-ketsid\\\/#primaryimage\"},\"thumbnailUrl\":\"https:\\\/\\\/deanna.ee\\\/wp-content\\\/uploads\\\/2022\\\/09\\\/342862508_620601629606919_1429555430610883124_n.jpg\",\"datePublished\":\"2022-09-01T07:19:11+00:00\",\"dateModified\":\"2024-08-09T17:54:19+00:00\",\"description\":\"K\u00f5rgemat t\u00fc\u00fcpi ketsid mustvalges kombinatsioonis . Disainitud nii\u00a0 - et parem jalats on musta v\u00e4rvi ja vasak valget v\u00e4rvi. Eriti mugav uuendatud mudel k\u00fcljelukuga. &nbsp; PROOVI neid\u00a0 Deanna Kingastuudios \u2013 Kivimurru 20\\\/1 Tallinn mob.56673263 v\u00f5i telli l\u00e4himasse pakiautomaati ! Tarneaeg 2-3 tp Tagastamine &amp; vahetamine TASUTA. Maksa hiljem v\u00f5i maksa kahes osas! Saad\u00a0ostu eest tasuda KUU aja p\u00e4rast v\u00f5i 2 OSAS ilma \u00fchegi lisatasuta \u2013\u00a00% intress,0 \u20ac lepingutasu ja 0 \u20ac haldustasu. Transport: al.2.99 \u20ac, al. 100\u20ac ostust Omniva ja Smartposti automaati\u00a0tasuta! Deanna Kingastuudio\",\"breadcrumb\":{\"@id\":\"https:\\\/\\\/deanna.ee\\\/en\\\/jalanoud\\\/mycat-korgema-tegumoega-ketsid\\\/#breadcrumb\"},\"inLanguage\":\"en-US\",\"potentialAction\":[{\"@type\":\"ReadAction\",\"target\":[\"https:\\\/\\\/deanna.ee\\\/en\\\/jalanoud\\\/mycat-korgema-tegumoega-ketsid\\\/\"]}]},{\"@type\":\"ImageObject\",\"inLanguage\":\"en-US\",\"@id\":\"https:\\\/\\\/deanna.ee\\\/en\\\/jalanoud\\\/mycat-korgema-tegumoega-ketsid\\\/#primaryimage\",\"url\":\"https:\\\/\\\/deanna.ee\\\/wp-content\\\/uploads\\\/2022\\\/09\\\/342862508_620601629606919_1429555430610883124_n.jpg\",\"contentUrl\":\"https:\\\/\\\/deanna.ee\\\/wp-content\\\/uploads\\\/2022\\\/09\\\/342862508_620601629606919_1429555430610883124_n.jpg\",\"width\":1290,\"height\":1206},{\"@type\":\"BreadcrumbList\",\"@id\":\"https:\\\/\\\/deanna.ee\\\/en\\\/jalanoud\\\/mycat-korgema-tegumoega-ketsid\\\/#breadcrumb\",\"itemListElement\":[{\"@type\":\"ListItem\",\"position\":1,\"name\":\"Kodu\",\"item\":\"https:\\\/\\\/deanna.ee\\\/\"},{\"@type\":\"ListItem\",\"position\":2,\"name\":\"Pood\",\"item\":\"https:\\\/\\\/deanna.ee\\\/pood\\\/\"},{\"@type\":\"ListItem\",\"position\":3,\"name\":\"MyCat k\u00f5rgema tegumoega ketsid\"}]},{\"@type\":\"WebSite\",\"@id\":\"https:\\\/\\\/deanna.ee\\\/#website\",\"url\":\"https:\\\/\\\/deanna.ee\\\/\",\"name\":\"Deanna Kingastuudio\",\"description\":\"Jalatsite m\u00fc\u00fck\",\"publisher\":{\"@id\":\"https:\\\/\\\/deanna.ee\\\/#organization\"},\"potentialAction\":[{\"@type\":\"SearchAction\",\"target\":{\"@type\":\"EntryPoint\",\"urlTemplate\":\"https:\\\/\\\/deanna.ee\\\/?s={search_term_string}\"},\"query-input\":{\"@type\":\"PropertyValueSpecification\",\"valueRequired\":true,\"valueName\":\"search_term_string\"}}],\"inLanguage\":\"en-US\"},{\"@type\":\"Organization\",\"@id\":\"https:\\\/\\\/deanna.ee\\\/#organization\",\"name\":\"Deanna O\u00dc\",\"url\":\"https:\\\/\\\/deanna.ee\\\/\",\"logo\":{\"@type\":\"ImageObject\",\"inLanguage\":\"en-US\",\"@id\":\"https:\\\/\\\/deanna.ee\\\/#\\\/schema\\\/logo\\\/image\\\/\",\"url\":\"https:\\\/\\\/deanna.ee\\\/wp-content\\\/uploads\\\/2022\\\/03\\\/Deanna-logo.png\",\"contentUrl\":\"https:\\\/\\\/deanna.ee\\\/wp-content\\\/uploads\\\/2022\\\/03\\\/Deanna-logo.png\",\"width\":909,\"height\":262,\"caption\":\"Deanna O\u00dc\"},\"image\":{\"@id\":\"https:\\\/\\\/deanna.ee\\\/#\\\/schema\\\/logo\\\/image\\\/\"},\"sameAs\":[\"https:\\\/\\\/www.facebook.com\\\/Deannakingastuudio\",\"https:\\\/\\\/www.instagram.com\\\/deannakingastuudio\\\/\"]}]}<\/script>\n<!-- \/ Yoast SEO plugin. -->","yoast_head_json":{"title":"MyCat k\u00f5rgema tegumoega ketsid | Deanna Kingastuudio","description":"K\u00f5rgemat t\u00fc\u00fcpi ketsid mustvalges kombinatsioonis . Disainitud nii\u00a0 - et parem jalats on musta v\u00e4rvi ja vasak valget v\u00e4rvi. Eriti mugav uuendatud mudel k\u00fcljelukuga.  &nbsp; PROOVI neid\u00a0 Deanna Kingastuudios \u2013 Kivimurru 20\/1 Tallinn mob.56673263 v\u00f5i telli l\u00e4himasse pakiautomaati ! Tarneaeg 2-3 tp Tagastamine &amp; vahetamine TASUTA. Maksa hiljem v\u00f5i maksa kahes osas!  Saad\u00a0ostu eest tasuda KUU aja p\u00e4rast v\u00f5i 2 OSAS ilma \u00fchegi lisatasuta \u2013\u00a00% intress,0 \u20ac lepingutasu ja 0 \u20ac haldustasu.  Transport: al.2.99 \u20ac, al. 100\u20ac ostust Omniva ja Smartposti automaati\u00a0tasuta! Deanna Kingastuudio","robots":{"index":"index","follow":"follow","max-snippet":"max-snippet:-1","max-image-preview":"max-image-preview:large","max-video-preview":"max-video-preview:-1"},"canonical":"https:\/\/deanna.ee\/en\/jalanoud\/mycat-korgema-tegumoega-ketsid\/","og_locale":"en_US","og_type":"article","og_title":"MyCat k\u00f5rgema tegumoega ketsid | Deanna Kingastuudio","og_description":"K\u00f5rgemat t\u00fc\u00fcpi ketsid mustvalges kombinatsioonis . Disainitud nii\u00a0 - et parem jalats on musta v\u00e4rvi ja vasak valget v\u00e4rvi. Eriti mugav uuendatud mudel k\u00fcljelukuga.  &nbsp; PROOVI neid\u00a0 Deanna Kingastuudios \u2013 Kivimurru 20\/1 Tallinn mob.56673263 v\u00f5i telli l\u00e4himasse pakiautomaati ! Tarneaeg 2-3 tp Tagastamine &amp; vahetamine TASUTA. Maksa hiljem v\u00f5i maksa kahes osas!  Saad\u00a0ostu eest tasuda KUU aja p\u00e4rast v\u00f5i 2 OSAS ilma \u00fchegi lisatasuta \u2013\u00a00% intress,0 \u20ac lepingutasu ja 0 \u20ac haldustasu.  Transport: al.2.99 \u20ac, al. 100\u20ac ostust Omniva ja Smartposti automaati\u00a0tasuta! Deanna Kingastuudio","og_url":"https:\/\/deanna.ee\/en\/jalanoud\/mycat-korgema-tegumoega-ketsid\/","og_site_name":"Deanna Kingastuudio","article_publisher":"https:\/\/www.facebook.com\/Deannakingastuudio","article_modified_time":"2024-08-09T17:54:19+00:00","og_image":[{"width":1290,"height":1206,"url":"https:\/\/deanna.ee\/wp-content\/uploads\/2022\/09\/342862508_620601629606919_1429555430610883124_n.jpg","type":"image\/jpeg"}],"twitter_card":"summary_large_image","twitter_misc":{"Est. reading time":"1 minute"},"schema":{"@context":"https:\/\/schema.org","@graph":[{"@type":"WebPage","@id":"https:\/\/deanna.ee\/en\/jalanoud\/mycat-korgema-tegumoega-ketsid\/","url":"https:\/\/deanna.ee\/en\/jalanoud\/mycat-korgema-tegumoega-ketsid\/","name":"MyCat k\u00f5rgema tegumoega ketsid | Deanna Kingastuudio","isPartOf":{"@id":"https:\/\/deanna.ee\/#website"},"primaryImageOfPage":{"@id":"https:\/\/deanna.ee\/en\/jalanoud\/mycat-korgema-tegumoega-ketsid\/#primaryimage"},"image":{"@id":"https:\/\/deanna.ee\/en\/jalanoud\/mycat-korgema-tegumoega-ketsid\/#primaryimage"},"thumbnailUrl":"https:\/\/deanna.ee\/wp-content\/uploads\/2022\/09\/342862508_620601629606919_1429555430610883124_n.jpg","datePublished":"2022-09-01T07:19:11+00:00","dateModified":"2024-08-09T17:54:19+00:00","description":"K\u00f5rgemat t\u00fc\u00fcpi ketsid mustvalges kombinatsioonis . Disainitud nii\u00a0 - et parem jalats on musta v\u00e4rvi ja vasak valget v\u00e4rvi. Eriti mugav uuendatud mudel k\u00fcljelukuga. &nbsp; PROOVI neid\u00a0 Deanna Kingastuudios \u2013 Kivimurru 20\/1 Tallinn mob.56673263 v\u00f5i telli l\u00e4himasse pakiautomaati ! Tarneaeg 2-3 tp Tagastamine &amp; vahetamine TASUTA. Maksa hiljem v\u00f5i maksa kahes osas! Saad\u00a0ostu eest tasuda KUU aja p\u00e4rast v\u00f5i 2 OSAS ilma \u00fchegi lisatasuta \u2013\u00a00% intress,0 \u20ac lepingutasu ja 0 \u20ac haldustasu. Transport: al.2.99 \u20ac, al. 100\u20ac ostust Omniva ja Smartposti automaati\u00a0tasuta! Deanna Kingastuudio","breadcrumb":{"@id":"https:\/\/deanna.ee\/en\/jalanoud\/mycat-korgema-tegumoega-ketsid\/#breadcrumb"},"inLanguage":"en-US","potentialAction":[{"@type":"ReadAction","target":["https:\/\/deanna.ee\/en\/jalanoud\/mycat-korgema-tegumoega-ketsid\/"]}]},{"@type":"ImageObject","inLanguage":"en-US","@id":"https:\/\/deanna.ee\/en\/jalanoud\/mycat-korgema-tegumoega-ketsid\/#primaryimage","url":"https:\/\/deanna.ee\/wp-content\/uploads\/2022\/09\/342862508_620601629606919_1429555430610883124_n.jpg","contentUrl":"https:\/\/deanna.ee\/wp-content\/uploads\/2022\/09\/342862508_620601629606919_1429555430610883124_n.jpg","width":1290,"height":1206},{"@type":"BreadcrumbList","@id":"https:\/\/deanna.ee\/en\/jalanoud\/mycat-korgema-tegumoega-ketsid\/#breadcrumb","itemListElement":[{"@type":"ListItem","position":1,"name":"Kodu","item":"https:\/\/deanna.ee\/"},{"@type":"ListItem","position":2,"name":"Pood","item":"https:\/\/deanna.ee\/pood\/"},{"@type":"ListItem","position":3,"name":"MyCat k\u00f5rgema tegumoega ketsid"}]},{"@type":"WebSite","@id":"https:\/\/deanna.ee\/#website","url":"https:\/\/deanna.ee\/","name":"Deanna Kingastuudio","description":"Jalatsite m\u00fc\u00fck","publisher":{"@id":"https:\/\/deanna.ee\/#organization"},"potentialAction":[{"@type":"SearchAction","target":{"@type":"EntryPoint","urlTemplate":"https:\/\/deanna.ee\/?s={search_term_string}"},"query-input":{"@type":"PropertyValueSpecification","valueRequired":true,"valueName":"search_term_string"}}],"inLanguage":"en-US"},{"@type":"Organization","@id":"https:\/\/deanna.ee\/#organization","name":"Deanna O\u00dc","url":"https:\/\/deanna.ee\/","logo":{"@type":"ImageObject","inLanguage":"en-US","@id":"https:\/\/deanna.ee\/#\/schema\/logo\/image\/","url":"https:\/\/deanna.ee\/wp-content\/uploads\/2022\/03\/Deanna-logo.png","contentUrl":"https:\/\/deanna.ee\/wp-content\/uploads\/2022\/03\/Deanna-logo.png","width":909,"height":262,"caption":"Deanna O\u00dc"},"image":{"@id":"https:\/\/deanna.ee\/#\/schema\/logo\/image\/"},"sameAs":["https:\/\/www.facebook.com\/Deannakingastuudio","https:\/\/www.instagram.com\/deannakingastuudio\/"]}]}},"_links":{"self":[{"href":"https:\/\/deanna.ee\/en\/wp-json\/wp\/v2\/product\/5537","targetHints":{"allow":["GET"]}}],"collection":[{"href":"https:\/\/deanna.ee\/en\/wp-json\/wp\/v2\/product"}],"about":[{"href":"https:\/\/deanna.ee\/en\/wp-json\/wp\/v2\/types\/product"}],"replies":[{"embeddable":true,"href":"https:\/\/deanna.ee\/en\/wp-json\/wp\/v2\/comments?post=5537"}],"wp:featuredmedia":[{"embeddable":true,"href":"https:\/\/deanna.ee\/en\/wp-json\/wp\/v2\/media\/8816"}],"wp:attachment":[{"href":"https:\/\/deanna.ee\/en\/wp-json\/wp\/v2\/media?parent=5537"}],"wp:term":[{"taxonomy":"product_brand","embeddable":true,"href":"https:\/\/deanna.ee\/en\/wp-json\/wp\/v2\/product_brand?post=5537"},{"taxonomy":"product_cat","embeddable":true,"href":"https:\/\/deanna.ee\/en\/wp-json\/wp\/v2\/product_cat?post=5537"},{"taxonomy":"product_tag","embeddable":true,"href":"https:\/\/deanna.ee\/en\/wp-json\/wp\/v2\/product_tag?post=5537"}],"curies":[{"name":"wp","href":"https:\/\/api.w.org\/{rel}","templated":true}]}}