{"id":2146,"date":"2022-03-28T08:52:00","date_gmt":"2022-03-28T06:52:00","guid":{"rendered":"https:\/\/deanna.ee\/?post_type=product&#038;p=2146"},"modified":"2022-06-02T21:47:46","modified_gmt":"2022-06-02T19:47:46","slug":"mytweety-korged-tennised","status":"publish","type":"product","link":"https:\/\/deanna.ee\/en\/jalanoud\/mytweety-korged-tennised\/","title":{"rendered":"MyTweety   k\u00f5rged tennised"},"content":{"rendered":"<table width=\"163\">\n<tbody>\n<tr>\n<td width=\"163\">MyTweety\u00a0\u00a0 k\u00f5rged tennised<\/td>\n<\/tr>\n<\/tbody>\n<\/table>\n<p>Romantilise mustriga\u00a0 kerged ja mugavad k\u00f5rgemat t\u00fc\u00fcpi tennised .<\/p>\n<p>\u2022 \u00d6konahast-\u00a0 k\u00f5rgekvaliteetsed ,kauakestvad ,veekindlad\u00a0 \u00a0 ftalaadi ja azo vabad.<br \/>\n\u2022 Valminud k\u00e4sit\u00f6\u00f6na \ud83e\udea1<br \/>\n\u2022 Solvendivabad v\u00e4rvid<br \/>\n\u2022 7-auguline n\u00f6\u00f6rimine metallaasadel<br \/>\n\u2022 V\u00e4listald &#8211; elastne kulumiskindel kumm<br \/>\n\u2022 Kontsak\u00f5rgus &#8211; 3 sm<br \/>\n\u2022 Tugevdatud kand<br \/>\n\u2022 Kandja jlaga kohanduv m\u00e4luvahust sisetald<br \/>\n\u2022 Pehme puuvillane vooder<br \/>\n\u2022 P\u00e4ritoluriik: T\u00fcrgi<\/p>\n","protected":false},"excerpt":{"rendered":"<p>Lausa Linnutiivul \ud83e\udeb6<\/p>\n","protected":false},"featured_media":2210,"comment_status":"open","ping_status":"closed","template":"","meta":{"_acf_changed":false},"product_brand":[],"product_cat":[122,45,121,15,124,58,139,140,141,111],"product_tag":[],"class_list":{"0":"post-2146","1":"product","2":"type-product","3":"status-publish","4":"has-post-thumbnail","6":"product_cat-jalanoud-en","7":"product_cat-jalanoud","8":"product_cat-koik-tooted-en","9":"product_cat-koik-tooted","10":"product_cat-naised-en","11":"product_cat-naised","12":"product_cat-tennised","13":"product_cat-tennised-en","14":"product_cat-vabaajajalatsid-en","15":"product_cat-vabaajajalatsid","17":"first","18":"outofstock","19":"sold-individually","20":"taxable","21":"shipping-taxable","22":"product-type-variable"},"acf":[],"yoast_head":"<!-- This site is optimized with the Yoast SEO plugin v27.5 - https:\/\/yoast.com\/product\/yoast-seo-wordpress\/ -->\n<title>MyTweety  k\u00f5rged tennised | Deanna Kingastuudio<\/title>\n<meta name=\"description\" content=\"Lausa Linnutiivul \ud83e\udeb6 Deanna Kingastuudio\" \/>\n<meta name=\"robots\" content=\"index, follow, max-snippet:-1, max-image-preview:large, max-video-preview:-1\" \/>\n<link rel=\"canonical\" href=\"https:\/\/deanna.ee\/en\/jalanoud\/mytweety-korged-tennised\/\" \/>\n<meta property=\"og:locale\" content=\"en_US\" \/>\n<meta property=\"og:type\" content=\"article\" \/>\n<meta property=\"og:title\" content=\"MyTweety  k\u00f5rged tennised | Deanna Kingastuudio\" \/>\n<meta property=\"og:description\" content=\"Lausa Linnutiivul \ud83e\udeb6 Deanna Kingastuudio\" \/>\n<meta property=\"og:url\" content=\"https:\/\/deanna.ee\/en\/jalanoud\/mytweety-korged-tennised\/\" \/>\n<meta property=\"og:site_name\" content=\"Deanna Kingastuudio\" \/>\n<meta property=\"article:publisher\" content=\"https:\/\/www.facebook.com\/Deannakingastuudio\" \/>\n<meta property=\"article:modified_time\" content=\"2022-06-02T19:47:46+00:00\" \/>\n<meta property=\"og:image\" content=\"https:\/\/deanna.ee\/wp-content\/uploads\/2022\/03\/MTKT-3002.jpg\" \/>\n\t<meta property=\"og:image:width\" content=\"300\" \/>\n\t<meta property=\"og:image:height\" content=\"207\" \/>\n\t<meta property=\"og:image:type\" content=\"image\/jpeg\" \/>\n<meta name=\"twitter:card\" content=\"summary_large_image\" \/>\n<meta name=\"twitter:label1\" content=\"Est. reading time\" \/>\n\t<meta name=\"twitter:data1\" content=\"1 minute\" \/>\n<script type=\"application\/ld+json\" class=\"yoast-schema-graph\">{\"@context\":\"https:\\\/\\\/schema.org\",\"@graph\":[{\"@type\":\"WebPage\",\"@id\":\"https:\\\/\\\/deanna.ee\\\/en\\\/jalanoud\\\/mytweety-korged-tennised\\\/\",\"url\":\"https:\\\/\\\/deanna.ee\\\/en\\\/jalanoud\\\/mytweety-korged-tennised\\\/\",\"name\":\"MyTweety k\u00f5rged tennised | Deanna Kingastuudio\",\"isPartOf\":{\"@id\":\"https:\\\/\\\/deanna.ee\\\/#website\"},\"primaryImageOfPage\":{\"@id\":\"https:\\\/\\\/deanna.ee\\\/en\\\/jalanoud\\\/mytweety-korged-tennised\\\/#primaryimage\"},\"image\":{\"@id\":\"https:\\\/\\\/deanna.ee\\\/en\\\/jalanoud\\\/mytweety-korged-tennised\\\/#primaryimage\"},\"thumbnailUrl\":\"https:\\\/\\\/deanna.ee\\\/wp-content\\\/uploads\\\/2022\\\/03\\\/MTKT-3002.jpg\",\"datePublished\":\"2022-03-28T06:52:00+00:00\",\"dateModified\":\"2022-06-02T19:47:46+00:00\",\"description\":\"Lausa Linnutiivul \ud83e\udeb6 Deanna Kingastuudio\",\"breadcrumb\":{\"@id\":\"https:\\\/\\\/deanna.ee\\\/en\\\/jalanoud\\\/mytweety-korged-tennised\\\/#breadcrumb\"},\"inLanguage\":\"en-US\",\"potentialAction\":[{\"@type\":\"ReadAction\",\"target\":[\"https:\\\/\\\/deanna.ee\\\/en\\\/jalanoud\\\/mytweety-korged-tennised\\\/\"]}]},{\"@type\":\"ImageObject\",\"inLanguage\":\"en-US\",\"@id\":\"https:\\\/\\\/deanna.ee\\\/en\\\/jalanoud\\\/mytweety-korged-tennised\\\/#primaryimage\",\"url\":\"https:\\\/\\\/deanna.ee\\\/wp-content\\\/uploads\\\/2022\\\/03\\\/MTKT-3002.jpg\",\"contentUrl\":\"https:\\\/\\\/deanna.ee\\\/wp-content\\\/uploads\\\/2022\\\/03\\\/MTKT-3002.jpg\",\"width\":300,\"height\":207},{\"@type\":\"BreadcrumbList\",\"@id\":\"https:\\\/\\\/deanna.ee\\\/en\\\/jalanoud\\\/mytweety-korged-tennised\\\/#breadcrumb\",\"itemListElement\":[{\"@type\":\"ListItem\",\"position\":1,\"name\":\"Kodu\",\"item\":\"https:\\\/\\\/deanna.ee\\\/\"},{\"@type\":\"ListItem\",\"position\":2,\"name\":\"Pood\",\"item\":\"https:\\\/\\\/deanna.ee\\\/pood\\\/\"},{\"@type\":\"ListItem\",\"position\":3,\"name\":\"MyTweety k\u00f5rged tennised\"}]},{\"@type\":\"WebSite\",\"@id\":\"https:\\\/\\\/deanna.ee\\\/#website\",\"url\":\"https:\\\/\\\/deanna.ee\\\/\",\"name\":\"Deanna Kingastuudio\",\"description\":\"Jalatsite m\u00fc\u00fck\",\"publisher\":{\"@id\":\"https:\\\/\\\/deanna.ee\\\/#organization\"},\"potentialAction\":[{\"@type\":\"SearchAction\",\"target\":{\"@type\":\"EntryPoint\",\"urlTemplate\":\"https:\\\/\\\/deanna.ee\\\/?s={search_term_string}\"},\"query-input\":{\"@type\":\"PropertyValueSpecification\",\"valueRequired\":true,\"valueName\":\"search_term_string\"}}],\"inLanguage\":\"en-US\"},{\"@type\":\"Organization\",\"@id\":\"https:\\\/\\\/deanna.ee\\\/#organization\",\"name\":\"Deanna O\u00dc\",\"url\":\"https:\\\/\\\/deanna.ee\\\/\",\"logo\":{\"@type\":\"ImageObject\",\"inLanguage\":\"en-US\",\"@id\":\"https:\\\/\\\/deanna.ee\\\/#\\\/schema\\\/logo\\\/image\\\/\",\"url\":\"https:\\\/\\\/deanna.ee\\\/wp-content\\\/uploads\\\/2022\\\/03\\\/Deanna-logo.png\",\"contentUrl\":\"https:\\\/\\\/deanna.ee\\\/wp-content\\\/uploads\\\/2022\\\/03\\\/Deanna-logo.png\",\"width\":909,\"height\":262,\"caption\":\"Deanna O\u00dc\"},\"image\":{\"@id\":\"https:\\\/\\\/deanna.ee\\\/#\\\/schema\\\/logo\\\/image\\\/\"},\"sameAs\":[\"https:\\\/\\\/www.facebook.com\\\/Deannakingastuudio\",\"https:\\\/\\\/www.instagram.com\\\/deannakingastuudio\\\/\"]}]}<\/script>\n<!-- \/ Yoast SEO plugin. -->","yoast_head_json":{"title":"MyTweety  k\u00f5rged tennised | Deanna Kingastuudio","description":"Lausa Linnutiivul \ud83e\udeb6 Deanna Kingastuudio","robots":{"index":"index","follow":"follow","max-snippet":"max-snippet:-1","max-image-preview":"max-image-preview:large","max-video-preview":"max-video-preview:-1"},"canonical":"https:\/\/deanna.ee\/en\/jalanoud\/mytweety-korged-tennised\/","og_locale":"en_US","og_type":"article","og_title":"MyTweety  k\u00f5rged tennised | Deanna Kingastuudio","og_description":"Lausa Linnutiivul \ud83e\udeb6 Deanna Kingastuudio","og_url":"https:\/\/deanna.ee\/en\/jalanoud\/mytweety-korged-tennised\/","og_site_name":"Deanna Kingastuudio","article_publisher":"https:\/\/www.facebook.com\/Deannakingastuudio","article_modified_time":"2022-06-02T19:47:46+00:00","og_image":[{"width":300,"height":207,"url":"https:\/\/deanna.ee\/wp-content\/uploads\/2022\/03\/MTKT-3002.jpg","type":"image\/jpeg"}],"twitter_card":"summary_large_image","twitter_misc":{"Est. reading time":"1 minute"},"schema":{"@context":"https:\/\/schema.org","@graph":[{"@type":"WebPage","@id":"https:\/\/deanna.ee\/en\/jalanoud\/mytweety-korged-tennised\/","url":"https:\/\/deanna.ee\/en\/jalanoud\/mytweety-korged-tennised\/","name":"MyTweety k\u00f5rged tennised | Deanna Kingastuudio","isPartOf":{"@id":"https:\/\/deanna.ee\/#website"},"primaryImageOfPage":{"@id":"https:\/\/deanna.ee\/en\/jalanoud\/mytweety-korged-tennised\/#primaryimage"},"image":{"@id":"https:\/\/deanna.ee\/en\/jalanoud\/mytweety-korged-tennised\/#primaryimage"},"thumbnailUrl":"https:\/\/deanna.ee\/wp-content\/uploads\/2022\/03\/MTKT-3002.jpg","datePublished":"2022-03-28T06:52:00+00:00","dateModified":"2022-06-02T19:47:46+00:00","description":"Lausa Linnutiivul \ud83e\udeb6 Deanna Kingastuudio","breadcrumb":{"@id":"https:\/\/deanna.ee\/en\/jalanoud\/mytweety-korged-tennised\/#breadcrumb"},"inLanguage":"en-US","potentialAction":[{"@type":"ReadAction","target":["https:\/\/deanna.ee\/en\/jalanoud\/mytweety-korged-tennised\/"]}]},{"@type":"ImageObject","inLanguage":"en-US","@id":"https:\/\/deanna.ee\/en\/jalanoud\/mytweety-korged-tennised\/#primaryimage","url":"https:\/\/deanna.ee\/wp-content\/uploads\/2022\/03\/MTKT-3002.jpg","contentUrl":"https:\/\/deanna.ee\/wp-content\/uploads\/2022\/03\/MTKT-3002.jpg","width":300,"height":207},{"@type":"BreadcrumbList","@id":"https:\/\/deanna.ee\/en\/jalanoud\/mytweety-korged-tennised\/#breadcrumb","itemListElement":[{"@type":"ListItem","position":1,"name":"Kodu","item":"https:\/\/deanna.ee\/"},{"@type":"ListItem","position":2,"name":"Pood","item":"https:\/\/deanna.ee\/pood\/"},{"@type":"ListItem","position":3,"name":"MyTweety k\u00f5rged tennised"}]},{"@type":"WebSite","@id":"https:\/\/deanna.ee\/#website","url":"https:\/\/deanna.ee\/","name":"Deanna Kingastuudio","description":"Jalatsite m\u00fc\u00fck","publisher":{"@id":"https:\/\/deanna.ee\/#organization"},"potentialAction":[{"@type":"SearchAction","target":{"@type":"EntryPoint","urlTemplate":"https:\/\/deanna.ee\/?s={search_term_string}"},"query-input":{"@type":"PropertyValueSpecification","valueRequired":true,"valueName":"search_term_string"}}],"inLanguage":"en-US"},{"@type":"Organization","@id":"https:\/\/deanna.ee\/#organization","name":"Deanna O\u00dc","url":"https:\/\/deanna.ee\/","logo":{"@type":"ImageObject","inLanguage":"en-US","@id":"https:\/\/deanna.ee\/#\/schema\/logo\/image\/","url":"https:\/\/deanna.ee\/wp-content\/uploads\/2022\/03\/Deanna-logo.png","contentUrl":"https:\/\/deanna.ee\/wp-content\/uploads\/2022\/03\/Deanna-logo.png","width":909,"height":262,"caption":"Deanna O\u00dc"},"image":{"@id":"https:\/\/deanna.ee\/#\/schema\/logo\/image\/"},"sameAs":["https:\/\/www.facebook.com\/Deannakingastuudio","https:\/\/www.instagram.com\/deannakingastuudio\/"]}]}},"_links":{"self":[{"href":"https:\/\/deanna.ee\/en\/wp-json\/wp\/v2\/product\/2146","targetHints":{"allow":["GET"]}}],"collection":[{"href":"https:\/\/deanna.ee\/en\/wp-json\/wp\/v2\/product"}],"about":[{"href":"https:\/\/deanna.ee\/en\/wp-json\/wp\/v2\/types\/product"}],"replies":[{"embeddable":true,"href":"https:\/\/deanna.ee\/en\/wp-json\/wp\/v2\/comments?post=2146"}],"wp:featuredmedia":[{"embeddable":true,"href":"https:\/\/deanna.ee\/en\/wp-json\/wp\/v2\/media\/2210"}],"wp:attachment":[{"href":"https:\/\/deanna.ee\/en\/wp-json\/wp\/v2\/media?parent=2146"}],"wp:term":[{"taxonomy":"product_brand","embeddable":true,"href":"https:\/\/deanna.ee\/en\/wp-json\/wp\/v2\/product_brand?post=2146"},{"taxonomy":"product_cat","embeddable":true,"href":"https:\/\/deanna.ee\/en\/wp-json\/wp\/v2\/product_cat?post=2146"},{"taxonomy":"product_tag","embeddable":true,"href":"https:\/\/deanna.ee\/en\/wp-json\/wp\/v2\/product_tag?post=2146"}],"curies":[{"name":"wp","href":"https:\/\/api.w.org\/{rel}","templated":true}]}}